{"id":1230,"date":"2024-11-04T17:50:32","date_gmt":"2024-11-04T17:50:32","guid":{"rendered":"https:\/\/www.niamoda.es\/?post_type=product&#038;p=1230"},"modified":"2025-09-20T18:45:03","modified_gmt":"2025-09-20T18:45:03","slug":"vestido-midi-con-detalle-de-apertura-en-las-mangas-scripta","status":"publish","type":"product","link":"https:\/\/www.niamoda.es\/index.php\/producto\/vestido-midi-con-detalle-de-apertura-en-las-mangas-scripta\/","title":{"rendered":"Vestido midi con detalle de apertura en las mangas SCRIPTA"},"content":{"rendered":"<p>Vestido color teja SCRIPTA 245116<\/p>\n<p>Vestido midi con manga 3\/4 y con botones dorados. Cuello medio y efecto tapeta con bot\u00f3n, cierre de cremallera en la espalda invisible. Tiene corte ajustado, un vestido sencillo y elegante con un color muy favorecedor.<\/p>\n<p>Composici\u00f3n: 64% poli\u00e9ster, 25% poli\u00e9ster reciclado y 11% elastano.<\/p>\n<p>Lavar m\u00e1ximo a\u00a0 30 grados, no usar secadora y planchar m\u00e1ximo a 110 grados.<\/p>\n<p>Disponible en tallas:\u00a0 40 y 42.<\/p>\n<p>&nbsp;<\/p>\n","protected":false},"excerpt":{"rendered":"<p>Vestido color teja SCRIPTA 245116 Vestido midi con manga 3\/4 y con botones dorados. Cuello medio y efecto tapeta con bot\u00f3n, cierre de cremallera en la espalda invisible. Tiene corte ajustado, un vestido sencillo y elegante con un color muy favorecedor. Composici\u00f3n: 64% poli\u00e9ster, 25% poli\u00e9ster reciclado y 11% elastano. Lavar m\u00e1ximo a\u00a0 30 grados, [&hellip;]<\/p>\n","protected":false},"featured_media":1231,"comment_status":"open","ping_status":"closed","template":"","meta":{"_monsterinsights_skip_tracking":false,"_monsterinsights_sitenote_active":false,"_monsterinsights_sitenote_note":"","_monsterinsights_sitenote_category":0},"product_cat":[70,15,21,20],"product_tag":[66,99,67,95],"class_list":{"0":"post-1230","1":"product","2":"type-product","3":"status-publish","4":"has-post-thumbnail","6":"product_cat-vestidos","7":"product_cat-mujer","8":"product_cat-ofertas","9":"product_cat-temporada","10":"product_tag-mujer","11":"product_tag-ofertas","12":"product_tag-temporada","13":"product_tag-vestidos","15":"first","16":"instock","17":"sale","18":"sold-individually","19":"taxable","20":"shipping-taxable","21":"purchasable","22":"product-type-variable","23":"add-to-wishlist-after_add_to_cart"},"yoast_head":"<!-- This site is optimized with the Yoast SEO plugin v23.2 - https:\/\/yoast.com\/wordpress\/plugins\/seo\/ -->\n<title>Vestido midi con detalle de apertura en las mangas SCRIPTA - Nia Moda - Moda y Belleza<\/title>\n<meta name=\"robots\" content=\"index, follow, max-snippet:-1, max-image-preview:large, max-video-preview:-1\" \/>\n<link rel=\"canonical\" href=\"https:\/\/www.niamoda.es\/index.php\/producto\/vestido-midi-con-detalle-de-apertura-en-las-mangas-scripta\/\" \/>\n<meta property=\"og:locale\" content=\"es_ES\" \/>\n<meta property=\"og:type\" content=\"article\" \/>\n<meta property=\"og:title\" content=\"Vestido midi con detalle de apertura en las mangas SCRIPTA - Nia Moda - Moda y Belleza\" \/>\n<meta property=\"og:description\" content=\"Vestido color teja SCRIPTA 245116 Vestido midi con manga 3\/4 y con botones dorados. Cuello medio y efecto tapeta con bot\u00f3n, cierre de cremallera en la espalda invisible. Tiene corte ajustado, un vestido sencillo y elegante con un color muy favorecedor. Composici\u00f3n: 64% poli\u00e9ster, 25% poli\u00e9ster reciclado y 11% elastano. Lavar m\u00e1ximo a\u00a0 30 grados, [&hellip;]\" \/>\n<meta property=\"og:url\" content=\"https:\/\/www.niamoda.es\/index.php\/producto\/vestido-midi-con-detalle-de-apertura-en-las-mangas-scripta\/\" \/>\n<meta property=\"og:site_name\" content=\"Nia Moda - Moda y Belleza\" \/>\n<meta property=\"article:modified_time\" content=\"2025-09-20T18:45:03+00:00\" \/>\n<meta property=\"og:image\" content=\"https:\/\/www.niamoda.es\/wp-content\/uploads\/2024\/11\/scripta-vestido-midi-com-detalhe-de-abertura-nas-mangas-02-1-scaled-1.webp\" \/>\n\t<meta property=\"og:image:width\" content=\"1921\" \/>\n\t<meta property=\"og:image:height\" content=\"2560\" \/>\n\t<meta property=\"og:image:type\" content=\"image\/webp\" \/>\n<meta name=\"twitter:card\" content=\"summary_large_image\" \/>\n<meta name=\"twitter:label1\" content=\"Tiempo de lectura\" \/>\n\t<meta name=\"twitter:data1\" content=\"1 minuto\" \/>\n<script type=\"application\/ld+json\" class=\"yoast-schema-graph\">{\"@context\":\"https:\/\/schema.org\",\"@graph\":[{\"@type\":\"WebPage\",\"@id\":\"https:\/\/www.niamoda.es\/index.php\/producto\/vestido-midi-con-detalle-de-apertura-en-las-mangas-scripta\/\",\"url\":\"https:\/\/www.niamoda.es\/index.php\/producto\/vestido-midi-con-detalle-de-apertura-en-las-mangas-scripta\/\",\"name\":\"Vestido midi con detalle de apertura en las mangas SCRIPTA - Nia Moda - Moda y Belleza\",\"isPartOf\":{\"@id\":\"https:\/\/www.niamoda.es\/#website\"},\"primaryImageOfPage\":{\"@id\":\"https:\/\/www.niamoda.es\/index.php\/producto\/vestido-midi-con-detalle-de-apertura-en-las-mangas-scripta\/#primaryimage\"},\"image\":{\"@id\":\"https:\/\/www.niamoda.es\/index.php\/producto\/vestido-midi-con-detalle-de-apertura-en-las-mangas-scripta\/#primaryimage\"},\"thumbnailUrl\":\"https:\/\/www.niamoda.es\/wp-content\/uploads\/2024\/11\/scripta-vestido-midi-com-detalhe-de-abertura-nas-mangas-02-1-scaled-1.webp\",\"datePublished\":\"2024-11-04T17:50:32+00:00\",\"dateModified\":\"2025-09-20T18:45:03+00:00\",\"breadcrumb\":{\"@id\":\"https:\/\/www.niamoda.es\/index.php\/producto\/vestido-midi-con-detalle-de-apertura-en-las-mangas-scripta\/#breadcrumb\"},\"inLanguage\":\"es\",\"potentialAction\":[{\"@type\":\"ReadAction\",\"target\":[\"https:\/\/www.niamoda.es\/index.php\/producto\/vestido-midi-con-detalle-de-apertura-en-las-mangas-scripta\/\"]}]},{\"@type\":\"ImageObject\",\"inLanguage\":\"es\",\"@id\":\"https:\/\/www.niamoda.es\/index.php\/producto\/vestido-midi-con-detalle-de-apertura-en-las-mangas-scripta\/#primaryimage\",\"url\":\"https:\/\/www.niamoda.es\/wp-content\/uploads\/2024\/11\/scripta-vestido-midi-com-detalhe-de-abertura-nas-mangas-02-1-scaled-1.webp\",\"contentUrl\":\"https:\/\/www.niamoda.es\/wp-content\/uploads\/2024\/11\/scripta-vestido-midi-com-detalhe-de-abertura-nas-mangas-02-1-scaled-1.webp\",\"width\":1921,\"height\":2560},{\"@type\":\"BreadcrumbList\",\"@id\":\"https:\/\/www.niamoda.es\/index.php\/producto\/vestido-midi-con-detalle-de-apertura-en-las-mangas-scripta\/#breadcrumb\",\"itemListElement\":[{\"@type\":\"ListItem\",\"position\":1,\"name\":\"Portada\",\"item\":\"https:\/\/www.niamoda.es\/\"},{\"@type\":\"ListItem\",\"position\":2,\"name\":\"Tienda\",\"item\":\"https:\/\/www.niamoda.es\/index.php\/tienda\/\"},{\"@type\":\"ListItem\",\"position\":3,\"name\":\"Vestido midi con detalle de apertura en las mangas SCRIPTA\"}]},{\"@type\":\"WebSite\",\"@id\":\"https:\/\/www.niamoda.es\/#website\",\"url\":\"https:\/\/www.niamoda.es\/\",\"name\":\"Nia Moda - Moda y Belleza\",\"description\":\"\",\"publisher\":{\"@id\":\"https:\/\/www.niamoda.es\/#organization\"},\"potentialAction\":[{\"@type\":\"SearchAction\",\"target\":{\"@type\":\"EntryPoint\",\"urlTemplate\":\"https:\/\/www.niamoda.es\/?s={search_term_string}\"},\"query-input\":\"required name=search_term_string\"}],\"inLanguage\":\"es\"},{\"@type\":\"Organization\",\"@id\":\"https:\/\/www.niamoda.es\/#organization\",\"name\":\"N\u00ceA Moda&Belleza\",\"url\":\"https:\/\/www.niamoda.es\/\",\"logo\":{\"@type\":\"ImageObject\",\"inLanguage\":\"es\",\"@id\":\"https:\/\/www.niamoda.es\/#\/schema\/logo\/image\/\",\"url\":\"https:\/\/www.niamoda.es\/wp-content\/uploads\/2026\/03\/nialogo.jpg\",\"contentUrl\":\"https:\/\/www.niamoda.es\/wp-content\/uploads\/2026\/03\/nialogo.jpg\",\"width\":361,\"height\":242,\"caption\":\"N\u00ceA Moda&Belleza\"},\"image\":{\"@id\":\"https:\/\/www.niamoda.es\/#\/schema\/logo\/image\/\"}}]}<\/script>\n<!-- \/ Yoast SEO plugin. -->","yoast_head_json":{"title":"Vestido midi con detalle de apertura en las mangas SCRIPTA - Nia Moda - Moda y Belleza","robots":{"index":"index","follow":"follow","max-snippet":"max-snippet:-1","max-image-preview":"max-image-preview:large","max-video-preview":"max-video-preview:-1"},"canonical":"https:\/\/www.niamoda.es\/index.php\/producto\/vestido-midi-con-detalle-de-apertura-en-las-mangas-scripta\/","og_locale":"es_ES","og_type":"article","og_title":"Vestido midi con detalle de apertura en las mangas SCRIPTA - Nia Moda - Moda y Belleza","og_description":"Vestido color teja SCRIPTA 245116 Vestido midi con manga 3\/4 y con botones dorados. Cuello medio y efecto tapeta con bot\u00f3n, cierre de cremallera en la espalda invisible. Tiene corte ajustado, un vestido sencillo y elegante con un color muy favorecedor. Composici\u00f3n: 64% poli\u00e9ster, 25% poli\u00e9ster reciclado y 11% elastano. Lavar m\u00e1ximo a\u00a0 30 grados, [&hellip;]","og_url":"https:\/\/www.niamoda.es\/index.php\/producto\/vestido-midi-con-detalle-de-apertura-en-las-mangas-scripta\/","og_site_name":"Nia Moda - Moda y Belleza","article_modified_time":"2025-09-20T18:45:03+00:00","og_image":[{"width":1921,"height":2560,"url":"https:\/\/www.niamoda.es\/wp-content\/uploads\/2024\/11\/scripta-vestido-midi-com-detalhe-de-abertura-nas-mangas-02-1-scaled-1.webp","type":"image\/webp"}],"twitter_card":"summary_large_image","twitter_misc":{"Tiempo de lectura":"1 minuto"},"schema":{"@context":"https:\/\/schema.org","@graph":[{"@type":"WebPage","@id":"https:\/\/www.niamoda.es\/index.php\/producto\/vestido-midi-con-detalle-de-apertura-en-las-mangas-scripta\/","url":"https:\/\/www.niamoda.es\/index.php\/producto\/vestido-midi-con-detalle-de-apertura-en-las-mangas-scripta\/","name":"Vestido midi con detalle de apertura en las mangas SCRIPTA - Nia Moda - Moda y Belleza","isPartOf":{"@id":"https:\/\/www.niamoda.es\/#website"},"primaryImageOfPage":{"@id":"https:\/\/www.niamoda.es\/index.php\/producto\/vestido-midi-con-detalle-de-apertura-en-las-mangas-scripta\/#primaryimage"},"image":{"@id":"https:\/\/www.niamoda.es\/index.php\/producto\/vestido-midi-con-detalle-de-apertura-en-las-mangas-scripta\/#primaryimage"},"thumbnailUrl":"https:\/\/www.niamoda.es\/wp-content\/uploads\/2024\/11\/scripta-vestido-midi-com-detalhe-de-abertura-nas-mangas-02-1-scaled-1.webp","datePublished":"2024-11-04T17:50:32+00:00","dateModified":"2025-09-20T18:45:03+00:00","breadcrumb":{"@id":"https:\/\/www.niamoda.es\/index.php\/producto\/vestido-midi-con-detalle-de-apertura-en-las-mangas-scripta\/#breadcrumb"},"inLanguage":"es","potentialAction":[{"@type":"ReadAction","target":["https:\/\/www.niamoda.es\/index.php\/producto\/vestido-midi-con-detalle-de-apertura-en-las-mangas-scripta\/"]}]},{"@type":"ImageObject","inLanguage":"es","@id":"https:\/\/www.niamoda.es\/index.php\/producto\/vestido-midi-con-detalle-de-apertura-en-las-mangas-scripta\/#primaryimage","url":"https:\/\/www.niamoda.es\/wp-content\/uploads\/2024\/11\/scripta-vestido-midi-com-detalhe-de-abertura-nas-mangas-02-1-scaled-1.webp","contentUrl":"https:\/\/www.niamoda.es\/wp-content\/uploads\/2024\/11\/scripta-vestido-midi-com-detalhe-de-abertura-nas-mangas-02-1-scaled-1.webp","width":1921,"height":2560},{"@type":"BreadcrumbList","@id":"https:\/\/www.niamoda.es\/index.php\/producto\/vestido-midi-con-detalle-de-apertura-en-las-mangas-scripta\/#breadcrumb","itemListElement":[{"@type":"ListItem","position":1,"name":"Portada","item":"https:\/\/www.niamoda.es\/"},{"@type":"ListItem","position":2,"name":"Tienda","item":"https:\/\/www.niamoda.es\/index.php\/tienda\/"},{"@type":"ListItem","position":3,"name":"Vestido midi con detalle de apertura en las mangas SCRIPTA"}]},{"@type":"WebSite","@id":"https:\/\/www.niamoda.es\/#website","url":"https:\/\/www.niamoda.es\/","name":"Nia Moda - Moda y Belleza","description":"","publisher":{"@id":"https:\/\/www.niamoda.es\/#organization"},"potentialAction":[{"@type":"SearchAction","target":{"@type":"EntryPoint","urlTemplate":"https:\/\/www.niamoda.es\/?s={search_term_string}"},"query-input":"required name=search_term_string"}],"inLanguage":"es"},{"@type":"Organization","@id":"https:\/\/www.niamoda.es\/#organization","name":"N\u00ceA Moda&Belleza","url":"https:\/\/www.niamoda.es\/","logo":{"@type":"ImageObject","inLanguage":"es","@id":"https:\/\/www.niamoda.es\/#\/schema\/logo\/image\/","url":"https:\/\/www.niamoda.es\/wp-content\/uploads\/2026\/03\/nialogo.jpg","contentUrl":"https:\/\/www.niamoda.es\/wp-content\/uploads\/2026\/03\/nialogo.jpg","width":361,"height":242,"caption":"N\u00ceA Moda&Belleza"},"image":{"@id":"https:\/\/www.niamoda.es\/#\/schema\/logo\/image\/"}}]}},"_links":{"self":[{"href":"https:\/\/www.niamoda.es\/index.php\/wp-json\/wp\/v2\/product\/1230","targetHints":{"allow":["GET"]}}],"collection":[{"href":"https:\/\/www.niamoda.es\/index.php\/wp-json\/wp\/v2\/product"}],"about":[{"href":"https:\/\/www.niamoda.es\/index.php\/wp-json\/wp\/v2\/types\/product"}],"replies":[{"embeddable":true,"href":"https:\/\/www.niamoda.es\/index.php\/wp-json\/wp\/v2\/comments?post=1230"}],"wp:featuredmedia":[{"embeddable":true,"href":"https:\/\/www.niamoda.es\/index.php\/wp-json\/wp\/v2\/media\/1231"}],"wp:attachment":[{"href":"https:\/\/www.niamoda.es\/index.php\/wp-json\/wp\/v2\/media?parent=1230"}],"wp:term":[{"taxonomy":"product_cat","embeddable":true,"href":"https:\/\/www.niamoda.es\/index.php\/wp-json\/wp\/v2\/product_cat?post=1230"},{"taxonomy":"product_tag","embeddable":true,"href":"https:\/\/www.niamoda.es\/index.php\/wp-json\/wp\/v2\/product_tag?post=1230"}],"curies":[{"name":"wp","href":"https:\/\/api.w.org\/{rel}","templated":true}]}}