{"id":2420,"date":"2025-01-28T19:10:56","date_gmt":"2025-01-28T19:10:56","guid":{"rendered":"https:\/\/www.niamoda.es\/?post_type=product&#038;p=2420"},"modified":"2025-10-24T21:10:47","modified_gmt":"2025-10-24T21:10:47","slug":"top-con-encaje-negro-mujer-morgan","status":"publish","type":"product","link":"https:\/\/www.niamoda.es\/index.php\/producto\/top-con-encaje-negro-mujer-morgan\/","title":{"rendered":"Top con encaje negro mujer Morgan"},"content":{"rendered":"<p>Top Morgan modelo 242-DNAE<\/p>\n<p>Corte ajustado,Top con encaje, Escote en V, Tirantes anchos, Apliques de encaje con borde festoneado en el cuello, los tirantes y las sisas.<\/p>\n<p>Prenda c\u00f3moda para utilizar ya sea sola en \u00e9pocas c\u00e1lidas o como una lencera debajo de cualquier prenda.<\/p>\n<p>Composici\u00f3n: 96% viscosa y 4% elastano, encaje 90% poliamida y 10% elastano.<\/p>\n<p>Lavar m\u00e1ximo a 30 grados, no usar secadora y planchar a m\u00e1ximo 110 grados.<\/p>\n<p>Disponible en tallas: S, M y L.<\/p>\n<p>Se recomienda pedir tu talla habitual.<\/p>\n<p>&nbsp;<\/p>\n","protected":false},"excerpt":{"rendered":"<p>Top Morgan modelo 242-DNAE Corte ajustado,Top con encaje, Escote en V, Tirantes anchos, Apliques de encaje con borde festoneado en el cuello, los tirantes y las sisas. Prenda c\u00f3moda para utilizar ya sea sola en \u00e9pocas c\u00e1lidas o como una lencera debajo de cualquier prenda. Composici\u00f3n: 96% viscosa y 4% elastano, encaje 90% poliamida y [&hellip;]<\/p>\n","protected":false},"featured_media":2425,"comment_status":"open","ping_status":"closed","template":"","meta":{"_monsterinsights_skip_tracking":false,"_monsterinsights_sitenote_active":false,"_monsterinsights_sitenote_note":"","_monsterinsights_sitenote_category":0},"product_cat":[78,15,20],"product_tag":[79,66,67],"class_list":{"0":"post-2420","1":"product","2":"type-product","3":"status-publish","4":"has-post-thumbnail","6":"product_cat-camisetas-y-tops","7":"product_cat-mujer","8":"product_cat-temporada","9":"product_tag-camisetas-y-tops","10":"product_tag-mujer","11":"product_tag-temporada","13":"first","14":"instock","15":"sale","16":"sold-individually","17":"taxable","18":"shipping-taxable","19":"purchasable","20":"product-type-variable","21":"add-to-wishlist-after_add_to_cart"},"yoast_head":"<!-- This site is optimized with the Yoast SEO plugin v23.2 - https:\/\/yoast.com\/wordpress\/plugins\/seo\/ -->\n<title>Top con encaje negro mujer Morgan - Nia Moda - Moda y Belleza<\/title>\n<meta name=\"robots\" content=\"index, follow, max-snippet:-1, max-image-preview:large, max-video-preview:-1\" \/>\n<link rel=\"canonical\" href=\"https:\/\/www.niamoda.es\/index.php\/producto\/top-con-encaje-negro-mujer-morgan\/\" \/>\n<meta property=\"og:locale\" content=\"es_ES\" \/>\n<meta property=\"og:type\" content=\"article\" \/>\n<meta property=\"og:title\" content=\"Top con encaje negro mujer Morgan - Nia Moda - Moda y Belleza\" \/>\n<meta property=\"og:description\" content=\"Top Morgan modelo 242-DNAE Corte ajustado,Top con encaje, Escote en V, Tirantes anchos, Apliques de encaje con borde festoneado en el cuello, los tirantes y las sisas. Prenda c\u00f3moda para utilizar ya sea sola en \u00e9pocas c\u00e1lidas o como una lencera debajo de cualquier prenda. Composici\u00f3n: 96% viscosa y 4% elastano, encaje 90% poliamida y [&hellip;]\" \/>\n<meta property=\"og:url\" content=\"https:\/\/www.niamoda.es\/index.php\/producto\/top-con-encaje-negro-mujer-morgan\/\" \/>\n<meta property=\"og:site_name\" content=\"Nia Moda - Moda y Belleza\" \/>\n<meta property=\"article:modified_time\" content=\"2025-10-24T21:10:47+00:00\" \/>\n<meta property=\"og:image\" content=\"https:\/\/www.niamoda.es\/wp-content\/uploads\/2025\/01\/debardeur-a-dentelle-noir-femme-vue1-32536300987260100.jpeg\" \/>\n\t<meta property=\"og:image:width\" content=\"1000\" \/>\n\t<meta property=\"og:image:height\" content=\"1300\" \/>\n\t<meta property=\"og:image:type\" content=\"image\/jpeg\" \/>\n<meta name=\"twitter:card\" content=\"summary_large_image\" \/>\n<meta name=\"twitter:label1\" content=\"Tiempo de lectura\" \/>\n\t<meta name=\"twitter:data1\" content=\"1 minuto\" \/>\n<script type=\"application\/ld+json\" class=\"yoast-schema-graph\">{\"@context\":\"https:\/\/schema.org\",\"@graph\":[{\"@type\":\"WebPage\",\"@id\":\"https:\/\/www.niamoda.es\/index.php\/producto\/top-con-encaje-negro-mujer-morgan\/\",\"url\":\"https:\/\/www.niamoda.es\/index.php\/producto\/top-con-encaje-negro-mujer-morgan\/\",\"name\":\"Top con encaje negro mujer Morgan - Nia Moda - Moda y Belleza\",\"isPartOf\":{\"@id\":\"https:\/\/www.niamoda.es\/#website\"},\"primaryImageOfPage\":{\"@id\":\"https:\/\/www.niamoda.es\/index.php\/producto\/top-con-encaje-negro-mujer-morgan\/#primaryimage\"},\"image\":{\"@id\":\"https:\/\/www.niamoda.es\/index.php\/producto\/top-con-encaje-negro-mujer-morgan\/#primaryimage\"},\"thumbnailUrl\":\"https:\/\/www.niamoda.es\/wp-content\/uploads\/2025\/01\/debardeur-a-dentelle-noir-femme-vue1-32536300987260100.jpeg\",\"datePublished\":\"2025-01-28T19:10:56+00:00\",\"dateModified\":\"2025-10-24T21:10:47+00:00\",\"breadcrumb\":{\"@id\":\"https:\/\/www.niamoda.es\/index.php\/producto\/top-con-encaje-negro-mujer-morgan\/#breadcrumb\"},\"inLanguage\":\"es\",\"potentialAction\":[{\"@type\":\"ReadAction\",\"target\":[\"https:\/\/www.niamoda.es\/index.php\/producto\/top-con-encaje-negro-mujer-morgan\/\"]}]},{\"@type\":\"ImageObject\",\"inLanguage\":\"es\",\"@id\":\"https:\/\/www.niamoda.es\/index.php\/producto\/top-con-encaje-negro-mujer-morgan\/#primaryimage\",\"url\":\"https:\/\/www.niamoda.es\/wp-content\/uploads\/2025\/01\/debardeur-a-dentelle-noir-femme-vue1-32536300987260100.jpeg\",\"contentUrl\":\"https:\/\/www.niamoda.es\/wp-content\/uploads\/2025\/01\/debardeur-a-dentelle-noir-femme-vue1-32536300987260100.jpeg\",\"width\":1000,\"height\":1300},{\"@type\":\"BreadcrumbList\",\"@id\":\"https:\/\/www.niamoda.es\/index.php\/producto\/top-con-encaje-negro-mujer-morgan\/#breadcrumb\",\"itemListElement\":[{\"@type\":\"ListItem\",\"position\":1,\"name\":\"Portada\",\"item\":\"https:\/\/www.niamoda.es\/\"},{\"@type\":\"ListItem\",\"position\":2,\"name\":\"Tienda\",\"item\":\"https:\/\/www.niamoda.es\/index.php\/tienda\/\"},{\"@type\":\"ListItem\",\"position\":3,\"name\":\"Top con encaje negro mujer Morgan\"}]},{\"@type\":\"WebSite\",\"@id\":\"https:\/\/www.niamoda.es\/#website\",\"url\":\"https:\/\/www.niamoda.es\/\",\"name\":\"Nia Moda - Moda y Belleza\",\"description\":\"\",\"publisher\":{\"@id\":\"https:\/\/www.niamoda.es\/#organization\"},\"potentialAction\":[{\"@type\":\"SearchAction\",\"target\":{\"@type\":\"EntryPoint\",\"urlTemplate\":\"https:\/\/www.niamoda.es\/?s={search_term_string}\"},\"query-input\":\"required name=search_term_string\"}],\"inLanguage\":\"es\"},{\"@type\":\"Organization\",\"@id\":\"https:\/\/www.niamoda.es\/#organization\",\"name\":\"N\u00ceA Moda&Belleza\",\"url\":\"https:\/\/www.niamoda.es\/\",\"logo\":{\"@type\":\"ImageObject\",\"inLanguage\":\"es\",\"@id\":\"https:\/\/www.niamoda.es\/#\/schema\/logo\/image\/\",\"url\":\"https:\/\/www.niamoda.es\/wp-content\/uploads\/2026\/03\/nialogo.jpg\",\"contentUrl\":\"https:\/\/www.niamoda.es\/wp-content\/uploads\/2026\/03\/nialogo.jpg\",\"width\":361,\"height\":242,\"caption\":\"N\u00ceA Moda&Belleza\"},\"image\":{\"@id\":\"https:\/\/www.niamoda.es\/#\/schema\/logo\/image\/\"}}]}<\/script>\n<!-- \/ Yoast SEO plugin. -->","yoast_head_json":{"title":"Top con encaje negro mujer Morgan - Nia Moda - Moda y Belleza","robots":{"index":"index","follow":"follow","max-snippet":"max-snippet:-1","max-image-preview":"max-image-preview:large","max-video-preview":"max-video-preview:-1"},"canonical":"https:\/\/www.niamoda.es\/index.php\/producto\/top-con-encaje-negro-mujer-morgan\/","og_locale":"es_ES","og_type":"article","og_title":"Top con encaje negro mujer Morgan - Nia Moda - Moda y Belleza","og_description":"Top Morgan modelo 242-DNAE Corte ajustado,Top con encaje, Escote en V, Tirantes anchos, Apliques de encaje con borde festoneado en el cuello, los tirantes y las sisas. Prenda c\u00f3moda para utilizar ya sea sola en \u00e9pocas c\u00e1lidas o como una lencera debajo de cualquier prenda. Composici\u00f3n: 96% viscosa y 4% elastano, encaje 90% poliamida y [&hellip;]","og_url":"https:\/\/www.niamoda.es\/index.php\/producto\/top-con-encaje-negro-mujer-morgan\/","og_site_name":"Nia Moda - Moda y Belleza","article_modified_time":"2025-10-24T21:10:47+00:00","og_image":[{"width":1000,"height":1300,"url":"https:\/\/www.niamoda.es\/wp-content\/uploads\/2025\/01\/debardeur-a-dentelle-noir-femme-vue1-32536300987260100.jpeg","type":"image\/jpeg"}],"twitter_card":"summary_large_image","twitter_misc":{"Tiempo de lectura":"1 minuto"},"schema":{"@context":"https:\/\/schema.org","@graph":[{"@type":"WebPage","@id":"https:\/\/www.niamoda.es\/index.php\/producto\/top-con-encaje-negro-mujer-morgan\/","url":"https:\/\/www.niamoda.es\/index.php\/producto\/top-con-encaje-negro-mujer-morgan\/","name":"Top con encaje negro mujer Morgan - Nia Moda - Moda y Belleza","isPartOf":{"@id":"https:\/\/www.niamoda.es\/#website"},"primaryImageOfPage":{"@id":"https:\/\/www.niamoda.es\/index.php\/producto\/top-con-encaje-negro-mujer-morgan\/#primaryimage"},"image":{"@id":"https:\/\/www.niamoda.es\/index.php\/producto\/top-con-encaje-negro-mujer-morgan\/#primaryimage"},"thumbnailUrl":"https:\/\/www.niamoda.es\/wp-content\/uploads\/2025\/01\/debardeur-a-dentelle-noir-femme-vue1-32536300987260100.jpeg","datePublished":"2025-01-28T19:10:56+00:00","dateModified":"2025-10-24T21:10:47+00:00","breadcrumb":{"@id":"https:\/\/www.niamoda.es\/index.php\/producto\/top-con-encaje-negro-mujer-morgan\/#breadcrumb"},"inLanguage":"es","potentialAction":[{"@type":"ReadAction","target":["https:\/\/www.niamoda.es\/index.php\/producto\/top-con-encaje-negro-mujer-morgan\/"]}]},{"@type":"ImageObject","inLanguage":"es","@id":"https:\/\/www.niamoda.es\/index.php\/producto\/top-con-encaje-negro-mujer-morgan\/#primaryimage","url":"https:\/\/www.niamoda.es\/wp-content\/uploads\/2025\/01\/debardeur-a-dentelle-noir-femme-vue1-32536300987260100.jpeg","contentUrl":"https:\/\/www.niamoda.es\/wp-content\/uploads\/2025\/01\/debardeur-a-dentelle-noir-femme-vue1-32536300987260100.jpeg","width":1000,"height":1300},{"@type":"BreadcrumbList","@id":"https:\/\/www.niamoda.es\/index.php\/producto\/top-con-encaje-negro-mujer-morgan\/#breadcrumb","itemListElement":[{"@type":"ListItem","position":1,"name":"Portada","item":"https:\/\/www.niamoda.es\/"},{"@type":"ListItem","position":2,"name":"Tienda","item":"https:\/\/www.niamoda.es\/index.php\/tienda\/"},{"@type":"ListItem","position":3,"name":"Top con encaje negro mujer Morgan"}]},{"@type":"WebSite","@id":"https:\/\/www.niamoda.es\/#website","url":"https:\/\/www.niamoda.es\/","name":"Nia Moda - Moda y Belleza","description":"","publisher":{"@id":"https:\/\/www.niamoda.es\/#organization"},"potentialAction":[{"@type":"SearchAction","target":{"@type":"EntryPoint","urlTemplate":"https:\/\/www.niamoda.es\/?s={search_term_string}"},"query-input":"required name=search_term_string"}],"inLanguage":"es"},{"@type":"Organization","@id":"https:\/\/www.niamoda.es\/#organization","name":"N\u00ceA Moda&Belleza","url":"https:\/\/www.niamoda.es\/","logo":{"@type":"ImageObject","inLanguage":"es","@id":"https:\/\/www.niamoda.es\/#\/schema\/logo\/image\/","url":"https:\/\/www.niamoda.es\/wp-content\/uploads\/2026\/03\/nialogo.jpg","contentUrl":"https:\/\/www.niamoda.es\/wp-content\/uploads\/2026\/03\/nialogo.jpg","width":361,"height":242,"caption":"N\u00ceA Moda&Belleza"},"image":{"@id":"https:\/\/www.niamoda.es\/#\/schema\/logo\/image\/"}}]}},"_links":{"self":[{"href":"https:\/\/www.niamoda.es\/index.php\/wp-json\/wp\/v2\/product\/2420","targetHints":{"allow":["GET"]}}],"collection":[{"href":"https:\/\/www.niamoda.es\/index.php\/wp-json\/wp\/v2\/product"}],"about":[{"href":"https:\/\/www.niamoda.es\/index.php\/wp-json\/wp\/v2\/types\/product"}],"replies":[{"embeddable":true,"href":"https:\/\/www.niamoda.es\/index.php\/wp-json\/wp\/v2\/comments?post=2420"}],"wp:featuredmedia":[{"embeddable":true,"href":"https:\/\/www.niamoda.es\/index.php\/wp-json\/wp\/v2\/media\/2425"}],"wp:attachment":[{"href":"https:\/\/www.niamoda.es\/index.php\/wp-json\/wp\/v2\/media?parent=2420"}],"wp:term":[{"taxonomy":"product_cat","embeddable":true,"href":"https:\/\/www.niamoda.es\/index.php\/wp-json\/wp\/v2\/product_cat?post=2420"},{"taxonomy":"product_tag","embeddable":true,"href":"https:\/\/www.niamoda.es\/index.php\/wp-json\/wp\/v2\/product_tag?post=2420"}],"curies":[{"name":"wp","href":"https:\/\/api.w.org\/{rel}","templated":true}]}}