{"id":3381,"date":"2025-03-07T16:17:09","date_gmt":"2025-03-07T16:17:09","guid":{"rendered":"https:\/\/www.niamoda.es\/?post_type=product&#038;p=3381"},"modified":"2025-10-23T20:58:47","modified_gmt":"2025-10-23T20:58:47","slug":"vestido-largo-nirvana-colour-nude","status":"publish","type":"product","link":"https:\/\/www.niamoda.es\/index.php\/producto\/vestido-largo-nirvana-colour-nude\/","title":{"rendered":"Vestido largo Nirvana Colour Nude"},"content":{"rendered":"<p>Vestido Colour Nude modelo Nirvana<\/p>\n<p>Vestido sin mangas en punto fino con cuello a la caja y aberturas laterales.<\/p>\n<p>Te har\u00e1 sentir especial a cada paso.<\/p>\n<p>Composici\u00f3n: 94% poli\u00e9ster y 6% elast\u00e1n.<\/p>\n<p>Se recomienda limpieza en seco.<\/p>\n<p>Disponible en tallas: 40 y 44<\/p>\n","protected":false},"excerpt":{"rendered":"<p>Vestido Colour Nude modelo Nirvana Vestido sin mangas en punto fino con cuello a la caja y aberturas laterales. Te har\u00e1 sentir especial a cada paso. Composici\u00f3n: 94% poli\u00e9ster y 6% elast\u00e1n. Se recomienda limpieza en seco. Disponible en tallas: 40 y 44<\/p>\n","protected":false},"featured_media":3384,"comment_status":"open","ping_status":"closed","template":"","meta":{"_monsterinsights_skip_tracking":false,"_monsterinsights_sitenote_active":false,"_monsterinsights_sitenote_note":"","_monsterinsights_sitenote_category":0},"product_cat":[70,15,16,21,20],"product_tag":[113,66,99,67,95],"class_list":{"0":"post-3381","1":"product","2":"type-product","3":"status-publish","4":"has-post-thumbnail","6":"product_cat-vestidos","7":"product_cat-mujer","8":"product_cat-eventos","9":"product_cat-ofertas","10":"product_cat-temporada","11":"product_tag-eventos","12":"product_tag-mujer","13":"product_tag-ofertas","14":"product_tag-temporada","15":"product_tag-vestidos","17":"first","18":"instock","19":"sale","20":"sold-individually","21":"taxable","22":"shipping-taxable","23":"purchasable","24":"product-type-variable","25":"add-to-wishlist-after_add_to_cart"},"yoast_head":"<!-- This site is optimized with the Yoast SEO plugin v23.2 - https:\/\/yoast.com\/wordpress\/plugins\/seo\/ -->\n<title>Vestido largo Nirvana Colour Nude - Nia Moda - Moda y Belleza<\/title>\n<meta name=\"robots\" content=\"index, follow, max-snippet:-1, max-image-preview:large, max-video-preview:-1\" \/>\n<link rel=\"canonical\" href=\"https:\/\/www.niamoda.es\/index.php\/producto\/vestido-largo-nirvana-colour-nude\/\" \/>\n<meta property=\"og:locale\" content=\"es_ES\" \/>\n<meta property=\"og:type\" content=\"article\" \/>\n<meta property=\"og:title\" content=\"Vestido largo Nirvana Colour Nude - Nia Moda - Moda y Belleza\" \/>\n<meta property=\"og:description\" content=\"Vestido Colour Nude modelo Nirvana Vestido sin mangas en punto fino con cuello a la caja y aberturas laterales. Te har\u00e1 sentir especial a cada paso. Composici\u00f3n: 94% poli\u00e9ster y 6% elast\u00e1n. Se recomienda limpieza en seco. Disponible en tallas: 40 y 44\" \/>\n<meta property=\"og:url\" content=\"https:\/\/www.niamoda.es\/index.php\/producto\/vestido-largo-nirvana-colour-nude\/\" \/>\n<meta property=\"og:site_name\" content=\"Nia Moda - Moda y Belleza\" \/>\n<meta property=\"article:modified_time\" content=\"2025-10-23T20:58:47+00:00\" \/>\n<meta property=\"og:image\" content=\"https:\/\/www.niamoda.es\/wp-content\/uploads\/2025\/03\/NIRVANA-ROJO-1.jpg\" \/>\n\t<meta property=\"og:image:width\" content=\"1033\" \/>\n\t<meta property=\"og:image:height\" content=\"1550\" \/>\n\t<meta property=\"og:image:type\" content=\"image\/jpeg\" \/>\n<meta name=\"twitter:card\" content=\"summary_large_image\" \/>\n<meta name=\"twitter:label1\" content=\"Tiempo de lectura\" \/>\n\t<meta name=\"twitter:data1\" content=\"1 minuto\" \/>\n<script type=\"application\/ld+json\" class=\"yoast-schema-graph\">{\"@context\":\"https:\/\/schema.org\",\"@graph\":[{\"@type\":\"WebPage\",\"@id\":\"https:\/\/www.niamoda.es\/index.php\/producto\/vestido-largo-nirvana-colour-nude\/\",\"url\":\"https:\/\/www.niamoda.es\/index.php\/producto\/vestido-largo-nirvana-colour-nude\/\",\"name\":\"Vestido largo Nirvana Colour Nude - Nia Moda - Moda y Belleza\",\"isPartOf\":{\"@id\":\"https:\/\/www.niamoda.es\/#website\"},\"primaryImageOfPage\":{\"@id\":\"https:\/\/www.niamoda.es\/index.php\/producto\/vestido-largo-nirvana-colour-nude\/#primaryimage\"},\"image\":{\"@id\":\"https:\/\/www.niamoda.es\/index.php\/producto\/vestido-largo-nirvana-colour-nude\/#primaryimage\"},\"thumbnailUrl\":\"https:\/\/www.niamoda.es\/wp-content\/uploads\/2025\/03\/NIRVANA-ROJO-1.jpg\",\"datePublished\":\"2025-03-07T16:17:09+00:00\",\"dateModified\":\"2025-10-23T20:58:47+00:00\",\"breadcrumb\":{\"@id\":\"https:\/\/www.niamoda.es\/index.php\/producto\/vestido-largo-nirvana-colour-nude\/#breadcrumb\"},\"inLanguage\":\"es\",\"potentialAction\":[{\"@type\":\"ReadAction\",\"target\":[\"https:\/\/www.niamoda.es\/index.php\/producto\/vestido-largo-nirvana-colour-nude\/\"]}]},{\"@type\":\"ImageObject\",\"inLanguage\":\"es\",\"@id\":\"https:\/\/www.niamoda.es\/index.php\/producto\/vestido-largo-nirvana-colour-nude\/#primaryimage\",\"url\":\"https:\/\/www.niamoda.es\/wp-content\/uploads\/2025\/03\/NIRVANA-ROJO-1.jpg\",\"contentUrl\":\"https:\/\/www.niamoda.es\/wp-content\/uploads\/2025\/03\/NIRVANA-ROJO-1.jpg\",\"width\":1033,\"height\":1550},{\"@type\":\"BreadcrumbList\",\"@id\":\"https:\/\/www.niamoda.es\/index.php\/producto\/vestido-largo-nirvana-colour-nude\/#breadcrumb\",\"itemListElement\":[{\"@type\":\"ListItem\",\"position\":1,\"name\":\"Portada\",\"item\":\"https:\/\/www.niamoda.es\/\"},{\"@type\":\"ListItem\",\"position\":2,\"name\":\"Tienda\",\"item\":\"https:\/\/www.niamoda.es\/index.php\/tienda\/\"},{\"@type\":\"ListItem\",\"position\":3,\"name\":\"Vestido largo Nirvana Colour Nude\"}]},{\"@type\":\"WebSite\",\"@id\":\"https:\/\/www.niamoda.es\/#website\",\"url\":\"https:\/\/www.niamoda.es\/\",\"name\":\"Nia Moda - Moda y Belleza\",\"description\":\"\",\"publisher\":{\"@id\":\"https:\/\/www.niamoda.es\/#organization\"},\"potentialAction\":[{\"@type\":\"SearchAction\",\"target\":{\"@type\":\"EntryPoint\",\"urlTemplate\":\"https:\/\/www.niamoda.es\/?s={search_term_string}\"},\"query-input\":\"required name=search_term_string\"}],\"inLanguage\":\"es\"},{\"@type\":\"Organization\",\"@id\":\"https:\/\/www.niamoda.es\/#organization\",\"name\":\"N\u00ceA Moda&Belleza\",\"url\":\"https:\/\/www.niamoda.es\/\",\"logo\":{\"@type\":\"ImageObject\",\"inLanguage\":\"es\",\"@id\":\"https:\/\/www.niamoda.es\/#\/schema\/logo\/image\/\",\"url\":\"https:\/\/www.niamoda.es\/wp-content\/uploads\/2026\/03\/nialogo.jpg\",\"contentUrl\":\"https:\/\/www.niamoda.es\/wp-content\/uploads\/2026\/03\/nialogo.jpg\",\"width\":361,\"height\":242,\"caption\":\"N\u00ceA Moda&Belleza\"},\"image\":{\"@id\":\"https:\/\/www.niamoda.es\/#\/schema\/logo\/image\/\"}}]}<\/script>\n<!-- \/ Yoast SEO plugin. -->","yoast_head_json":{"title":"Vestido largo Nirvana Colour Nude - Nia Moda - Moda y Belleza","robots":{"index":"index","follow":"follow","max-snippet":"max-snippet:-1","max-image-preview":"max-image-preview:large","max-video-preview":"max-video-preview:-1"},"canonical":"https:\/\/www.niamoda.es\/index.php\/producto\/vestido-largo-nirvana-colour-nude\/","og_locale":"es_ES","og_type":"article","og_title":"Vestido largo Nirvana Colour Nude - Nia Moda - Moda y Belleza","og_description":"Vestido Colour Nude modelo Nirvana Vestido sin mangas en punto fino con cuello a la caja y aberturas laterales. Te har\u00e1 sentir especial a cada paso. Composici\u00f3n: 94% poli\u00e9ster y 6% elast\u00e1n. Se recomienda limpieza en seco. Disponible en tallas: 40 y 44","og_url":"https:\/\/www.niamoda.es\/index.php\/producto\/vestido-largo-nirvana-colour-nude\/","og_site_name":"Nia Moda - Moda y Belleza","article_modified_time":"2025-10-23T20:58:47+00:00","og_image":[{"width":1033,"height":1550,"url":"https:\/\/www.niamoda.es\/wp-content\/uploads\/2025\/03\/NIRVANA-ROJO-1.jpg","type":"image\/jpeg"}],"twitter_card":"summary_large_image","twitter_misc":{"Tiempo de lectura":"1 minuto"},"schema":{"@context":"https:\/\/schema.org","@graph":[{"@type":"WebPage","@id":"https:\/\/www.niamoda.es\/index.php\/producto\/vestido-largo-nirvana-colour-nude\/","url":"https:\/\/www.niamoda.es\/index.php\/producto\/vestido-largo-nirvana-colour-nude\/","name":"Vestido largo Nirvana Colour Nude - Nia Moda - Moda y Belleza","isPartOf":{"@id":"https:\/\/www.niamoda.es\/#website"},"primaryImageOfPage":{"@id":"https:\/\/www.niamoda.es\/index.php\/producto\/vestido-largo-nirvana-colour-nude\/#primaryimage"},"image":{"@id":"https:\/\/www.niamoda.es\/index.php\/producto\/vestido-largo-nirvana-colour-nude\/#primaryimage"},"thumbnailUrl":"https:\/\/www.niamoda.es\/wp-content\/uploads\/2025\/03\/NIRVANA-ROJO-1.jpg","datePublished":"2025-03-07T16:17:09+00:00","dateModified":"2025-10-23T20:58:47+00:00","breadcrumb":{"@id":"https:\/\/www.niamoda.es\/index.php\/producto\/vestido-largo-nirvana-colour-nude\/#breadcrumb"},"inLanguage":"es","potentialAction":[{"@type":"ReadAction","target":["https:\/\/www.niamoda.es\/index.php\/producto\/vestido-largo-nirvana-colour-nude\/"]}]},{"@type":"ImageObject","inLanguage":"es","@id":"https:\/\/www.niamoda.es\/index.php\/producto\/vestido-largo-nirvana-colour-nude\/#primaryimage","url":"https:\/\/www.niamoda.es\/wp-content\/uploads\/2025\/03\/NIRVANA-ROJO-1.jpg","contentUrl":"https:\/\/www.niamoda.es\/wp-content\/uploads\/2025\/03\/NIRVANA-ROJO-1.jpg","width":1033,"height":1550},{"@type":"BreadcrumbList","@id":"https:\/\/www.niamoda.es\/index.php\/producto\/vestido-largo-nirvana-colour-nude\/#breadcrumb","itemListElement":[{"@type":"ListItem","position":1,"name":"Portada","item":"https:\/\/www.niamoda.es\/"},{"@type":"ListItem","position":2,"name":"Tienda","item":"https:\/\/www.niamoda.es\/index.php\/tienda\/"},{"@type":"ListItem","position":3,"name":"Vestido largo Nirvana Colour Nude"}]},{"@type":"WebSite","@id":"https:\/\/www.niamoda.es\/#website","url":"https:\/\/www.niamoda.es\/","name":"Nia Moda - Moda y Belleza","description":"","publisher":{"@id":"https:\/\/www.niamoda.es\/#organization"},"potentialAction":[{"@type":"SearchAction","target":{"@type":"EntryPoint","urlTemplate":"https:\/\/www.niamoda.es\/?s={search_term_string}"},"query-input":"required name=search_term_string"}],"inLanguage":"es"},{"@type":"Organization","@id":"https:\/\/www.niamoda.es\/#organization","name":"N\u00ceA Moda&Belleza","url":"https:\/\/www.niamoda.es\/","logo":{"@type":"ImageObject","inLanguage":"es","@id":"https:\/\/www.niamoda.es\/#\/schema\/logo\/image\/","url":"https:\/\/www.niamoda.es\/wp-content\/uploads\/2026\/03\/nialogo.jpg","contentUrl":"https:\/\/www.niamoda.es\/wp-content\/uploads\/2026\/03\/nialogo.jpg","width":361,"height":242,"caption":"N\u00ceA Moda&Belleza"},"image":{"@id":"https:\/\/www.niamoda.es\/#\/schema\/logo\/image\/"}}]}},"_links":{"self":[{"href":"https:\/\/www.niamoda.es\/index.php\/wp-json\/wp\/v2\/product\/3381","targetHints":{"allow":["GET"]}}],"collection":[{"href":"https:\/\/www.niamoda.es\/index.php\/wp-json\/wp\/v2\/product"}],"about":[{"href":"https:\/\/www.niamoda.es\/index.php\/wp-json\/wp\/v2\/types\/product"}],"replies":[{"embeddable":true,"href":"https:\/\/www.niamoda.es\/index.php\/wp-json\/wp\/v2\/comments?post=3381"}],"wp:featuredmedia":[{"embeddable":true,"href":"https:\/\/www.niamoda.es\/index.php\/wp-json\/wp\/v2\/media\/3384"}],"wp:attachment":[{"href":"https:\/\/www.niamoda.es\/index.php\/wp-json\/wp\/v2\/media?parent=3381"}],"wp:term":[{"taxonomy":"product_cat","embeddable":true,"href":"https:\/\/www.niamoda.es\/index.php\/wp-json\/wp\/v2\/product_cat?post=3381"},{"taxonomy":"product_tag","embeddable":true,"href":"https:\/\/www.niamoda.es\/index.php\/wp-json\/wp\/v2\/product_tag?post=3381"}],"curies":[{"name":"wp","href":"https:\/\/api.w.org\/{rel}","templated":true}]}}