{"id":3546,"date":"2025-03-17T17:00:35","date_gmt":"2025-03-17T17:00:35","guid":{"rendered":"https:\/\/www.niamoda.es\/?post_type=product&#038;p=3546"},"modified":"2025-11-26T22:53:34","modified_gmt":"2025-11-26T22:53:34","slug":"vestido-midi-bernan-escote-cuadrado-panambi","status":"publish","type":"product","link":"https:\/\/www.niamoda.es\/index.php\/producto\/vestido-midi-bernan-escote-cuadrado-panambi\/","title":{"rendered":"Vestido midi Bernan escote cuadrado Panambi"},"content":{"rendered":"<p>Vestido Panambi modelo VE-BERNAN<\/p>\n<div class=\"tabs-contents tabs-contents-vertical clearfix halo-text-format\">\n<div id=\"tab-descripcion\" class=\"tab-content is-active\">\n<div id=\"tab-descripcion-mobile\" class=\"toggle-content is-active popup-mobile\" data-product-description-8638356979954=\"\">\n<div class=\"tab-popup-content\">\n<p>Vestido de corte midi con escote cuadrado, cuenta con mangas largas y abullonadas ajust\u00e1ndose a mitad de la manga. La falda es de corte recto y entallada. Juega con los colores morados y verdes creando una combinaci\u00f3n muy especial. Ideal para eventos especiales tanto como para ocasiones formales.<\/p>\n<p>Composici\u00f3n: 97% poli\u00e9ster y 3% elast\u00e1n.<\/p>\n<p>Se recomienda limpieza en seco.<\/p>\n<\/div>\n<\/div>\n<\/div>\n<\/div>\n","protected":false},"excerpt":{"rendered":"<p>Vestido Panambi modelo VE-BERNAN Vestido de corte midi con escote cuadrado, cuenta con mangas largas y abullonadas ajust\u00e1ndose a mitad de la manga. La falda es de corte recto y entallada. Juega con los colores morados y verdes creando una combinaci\u00f3n muy especial. Ideal para eventos especiales tanto como para ocasiones formales. Composici\u00f3n: 97% poli\u00e9ster [&hellip;]<\/p>\n","protected":false},"featured_media":3550,"comment_status":"open","ping_status":"closed","template":"","meta":{"_monsterinsights_skip_tracking":false,"_monsterinsights_sitenote_active":false,"_monsterinsights_sitenote_note":"","_monsterinsights_sitenote_category":0},"product_cat":[70,15,16,21],"product_tag":[113,66,99,95],"class_list":{"0":"post-3546","1":"product","2":"type-product","3":"status-publish","4":"has-post-thumbnail","6":"product_cat-vestidos","7":"product_cat-mujer","8":"product_cat-eventos","9":"product_cat-ofertas","10":"product_tag-eventos","11":"product_tag-mujer","12":"product_tag-ofertas","13":"product_tag-vestidos","15":"first","16":"instock","17":"sale","18":"sold-individually","19":"taxable","20":"shipping-taxable","21":"purchasable","22":"product-type-variable","23":"add-to-wishlist-after_add_to_cart"},"yoast_head":"<!-- This site is optimized with the Yoast SEO plugin v23.2 - https:\/\/yoast.com\/wordpress\/plugins\/seo\/ -->\n<title>Vestido midi Bernan escote cuadrado Panambi - Nia Moda - Moda y Belleza<\/title>\n<meta name=\"robots\" content=\"index, follow, max-snippet:-1, max-image-preview:large, max-video-preview:-1\" \/>\n<link rel=\"canonical\" href=\"https:\/\/www.niamoda.es\/index.php\/producto\/vestido-midi-bernan-escote-cuadrado-panambi\/\" \/>\n<meta property=\"og:locale\" content=\"es_ES\" \/>\n<meta property=\"og:type\" content=\"article\" \/>\n<meta property=\"og:title\" content=\"Vestido midi Bernan escote cuadrado Panambi - Nia Moda - Moda y Belleza\" \/>\n<meta property=\"og:description\" content=\"Vestido Panambi modelo VE-BERNAN Vestido de corte midi con escote cuadrado, cuenta con mangas largas y abullonadas ajust\u00e1ndose a mitad de la manga. La falda es de corte recto y entallada. Juega con los colores morados y verdes creando una combinaci\u00f3n muy especial. Ideal para eventos especiales tanto como para ocasiones formales. Composici\u00f3n: 97% poli\u00e9ster [&hellip;]\" \/>\n<meta property=\"og:url\" content=\"https:\/\/www.niamoda.es\/index.php\/producto\/vestido-midi-bernan-escote-cuadrado-panambi\/\" \/>\n<meta property=\"og:site_name\" content=\"Nia Moda - Moda y Belleza\" \/>\n<meta property=\"article:modified_time\" content=\"2025-11-26T22:53:34+00:00\" \/>\n<meta property=\"og:image\" content=\"https:\/\/www.niamoda.es\/wp-content\/uploads\/2025\/03\/ve-bernan-2-.jpg.webp\" \/>\n\t<meta property=\"og:image:width\" content=\"800\" \/>\n\t<meta property=\"og:image:height\" content=\"1200\" \/>\n\t<meta property=\"og:image:type\" content=\"image\/webp\" \/>\n<meta name=\"twitter:card\" content=\"summary_large_image\" \/>\n<meta name=\"twitter:label1\" content=\"Tiempo de lectura\" \/>\n\t<meta name=\"twitter:data1\" content=\"1 minuto\" \/>\n<script type=\"application\/ld+json\" class=\"yoast-schema-graph\">{\"@context\":\"https:\/\/schema.org\",\"@graph\":[{\"@type\":\"WebPage\",\"@id\":\"https:\/\/www.niamoda.es\/index.php\/producto\/vestido-midi-bernan-escote-cuadrado-panambi\/\",\"url\":\"https:\/\/www.niamoda.es\/index.php\/producto\/vestido-midi-bernan-escote-cuadrado-panambi\/\",\"name\":\"Vestido midi Bernan escote cuadrado Panambi - Nia Moda - Moda y Belleza\",\"isPartOf\":{\"@id\":\"https:\/\/www.niamoda.es\/#website\"},\"primaryImageOfPage\":{\"@id\":\"https:\/\/www.niamoda.es\/index.php\/producto\/vestido-midi-bernan-escote-cuadrado-panambi\/#primaryimage\"},\"image\":{\"@id\":\"https:\/\/www.niamoda.es\/index.php\/producto\/vestido-midi-bernan-escote-cuadrado-panambi\/#primaryimage\"},\"thumbnailUrl\":\"https:\/\/www.niamoda.es\/wp-content\/uploads\/2025\/03\/ve-bernan-2-.jpg.webp\",\"datePublished\":\"2025-03-17T17:00:35+00:00\",\"dateModified\":\"2025-11-26T22:53:34+00:00\",\"breadcrumb\":{\"@id\":\"https:\/\/www.niamoda.es\/index.php\/producto\/vestido-midi-bernan-escote-cuadrado-panambi\/#breadcrumb\"},\"inLanguage\":\"es\",\"potentialAction\":[{\"@type\":\"ReadAction\",\"target\":[\"https:\/\/www.niamoda.es\/index.php\/producto\/vestido-midi-bernan-escote-cuadrado-panambi\/\"]}]},{\"@type\":\"ImageObject\",\"inLanguage\":\"es\",\"@id\":\"https:\/\/www.niamoda.es\/index.php\/producto\/vestido-midi-bernan-escote-cuadrado-panambi\/#primaryimage\",\"url\":\"https:\/\/www.niamoda.es\/wp-content\/uploads\/2025\/03\/ve-bernan-2-.jpg.webp\",\"contentUrl\":\"https:\/\/www.niamoda.es\/wp-content\/uploads\/2025\/03\/ve-bernan-2-.jpg.webp\",\"width\":800,\"height\":1200},{\"@type\":\"BreadcrumbList\",\"@id\":\"https:\/\/www.niamoda.es\/index.php\/producto\/vestido-midi-bernan-escote-cuadrado-panambi\/#breadcrumb\",\"itemListElement\":[{\"@type\":\"ListItem\",\"position\":1,\"name\":\"Portada\",\"item\":\"https:\/\/www.niamoda.es\/\"},{\"@type\":\"ListItem\",\"position\":2,\"name\":\"Tienda\",\"item\":\"https:\/\/www.niamoda.es\/index.php\/tienda\/\"},{\"@type\":\"ListItem\",\"position\":3,\"name\":\"Vestido midi Bernan escote cuadrado Panambi\"}]},{\"@type\":\"WebSite\",\"@id\":\"https:\/\/www.niamoda.es\/#website\",\"url\":\"https:\/\/www.niamoda.es\/\",\"name\":\"Nia Moda - Moda y Belleza\",\"description\":\"\",\"publisher\":{\"@id\":\"https:\/\/www.niamoda.es\/#organization\"},\"potentialAction\":[{\"@type\":\"SearchAction\",\"target\":{\"@type\":\"EntryPoint\",\"urlTemplate\":\"https:\/\/www.niamoda.es\/?s={search_term_string}\"},\"query-input\":\"required name=search_term_string\"}],\"inLanguage\":\"es\"},{\"@type\":\"Organization\",\"@id\":\"https:\/\/www.niamoda.es\/#organization\",\"name\":\"N\u00ceA Moda&Belleza\",\"url\":\"https:\/\/www.niamoda.es\/\",\"logo\":{\"@type\":\"ImageObject\",\"inLanguage\":\"es\",\"@id\":\"https:\/\/www.niamoda.es\/#\/schema\/logo\/image\/\",\"url\":\"https:\/\/www.niamoda.es\/wp-content\/uploads\/2026\/03\/nialogo.jpg\",\"contentUrl\":\"https:\/\/www.niamoda.es\/wp-content\/uploads\/2026\/03\/nialogo.jpg\",\"width\":361,\"height\":242,\"caption\":\"N\u00ceA Moda&Belleza\"},\"image\":{\"@id\":\"https:\/\/www.niamoda.es\/#\/schema\/logo\/image\/\"}}]}<\/script>\n<!-- \/ Yoast SEO plugin. -->","yoast_head_json":{"title":"Vestido midi Bernan escote cuadrado Panambi - Nia Moda - Moda y Belleza","robots":{"index":"index","follow":"follow","max-snippet":"max-snippet:-1","max-image-preview":"max-image-preview:large","max-video-preview":"max-video-preview:-1"},"canonical":"https:\/\/www.niamoda.es\/index.php\/producto\/vestido-midi-bernan-escote-cuadrado-panambi\/","og_locale":"es_ES","og_type":"article","og_title":"Vestido midi Bernan escote cuadrado Panambi - Nia Moda - Moda y Belleza","og_description":"Vestido Panambi modelo VE-BERNAN Vestido de corte midi con escote cuadrado, cuenta con mangas largas y abullonadas ajust\u00e1ndose a mitad de la manga. La falda es de corte recto y entallada. Juega con los colores morados y verdes creando una combinaci\u00f3n muy especial. Ideal para eventos especiales tanto como para ocasiones formales. Composici\u00f3n: 97% poli\u00e9ster [&hellip;]","og_url":"https:\/\/www.niamoda.es\/index.php\/producto\/vestido-midi-bernan-escote-cuadrado-panambi\/","og_site_name":"Nia Moda - Moda y Belleza","article_modified_time":"2025-11-26T22:53:34+00:00","og_image":[{"width":800,"height":1200,"url":"https:\/\/www.niamoda.es\/wp-content\/uploads\/2025\/03\/ve-bernan-2-.jpg.webp","type":"image\/webp"}],"twitter_card":"summary_large_image","twitter_misc":{"Tiempo de lectura":"1 minuto"},"schema":{"@context":"https:\/\/schema.org","@graph":[{"@type":"WebPage","@id":"https:\/\/www.niamoda.es\/index.php\/producto\/vestido-midi-bernan-escote-cuadrado-panambi\/","url":"https:\/\/www.niamoda.es\/index.php\/producto\/vestido-midi-bernan-escote-cuadrado-panambi\/","name":"Vestido midi Bernan escote cuadrado Panambi - Nia Moda - Moda y Belleza","isPartOf":{"@id":"https:\/\/www.niamoda.es\/#website"},"primaryImageOfPage":{"@id":"https:\/\/www.niamoda.es\/index.php\/producto\/vestido-midi-bernan-escote-cuadrado-panambi\/#primaryimage"},"image":{"@id":"https:\/\/www.niamoda.es\/index.php\/producto\/vestido-midi-bernan-escote-cuadrado-panambi\/#primaryimage"},"thumbnailUrl":"https:\/\/www.niamoda.es\/wp-content\/uploads\/2025\/03\/ve-bernan-2-.jpg.webp","datePublished":"2025-03-17T17:00:35+00:00","dateModified":"2025-11-26T22:53:34+00:00","breadcrumb":{"@id":"https:\/\/www.niamoda.es\/index.php\/producto\/vestido-midi-bernan-escote-cuadrado-panambi\/#breadcrumb"},"inLanguage":"es","potentialAction":[{"@type":"ReadAction","target":["https:\/\/www.niamoda.es\/index.php\/producto\/vestido-midi-bernan-escote-cuadrado-panambi\/"]}]},{"@type":"ImageObject","inLanguage":"es","@id":"https:\/\/www.niamoda.es\/index.php\/producto\/vestido-midi-bernan-escote-cuadrado-panambi\/#primaryimage","url":"https:\/\/www.niamoda.es\/wp-content\/uploads\/2025\/03\/ve-bernan-2-.jpg.webp","contentUrl":"https:\/\/www.niamoda.es\/wp-content\/uploads\/2025\/03\/ve-bernan-2-.jpg.webp","width":800,"height":1200},{"@type":"BreadcrumbList","@id":"https:\/\/www.niamoda.es\/index.php\/producto\/vestido-midi-bernan-escote-cuadrado-panambi\/#breadcrumb","itemListElement":[{"@type":"ListItem","position":1,"name":"Portada","item":"https:\/\/www.niamoda.es\/"},{"@type":"ListItem","position":2,"name":"Tienda","item":"https:\/\/www.niamoda.es\/index.php\/tienda\/"},{"@type":"ListItem","position":3,"name":"Vestido midi Bernan escote cuadrado Panambi"}]},{"@type":"WebSite","@id":"https:\/\/www.niamoda.es\/#website","url":"https:\/\/www.niamoda.es\/","name":"Nia Moda - Moda y Belleza","description":"","publisher":{"@id":"https:\/\/www.niamoda.es\/#organization"},"potentialAction":[{"@type":"SearchAction","target":{"@type":"EntryPoint","urlTemplate":"https:\/\/www.niamoda.es\/?s={search_term_string}"},"query-input":"required name=search_term_string"}],"inLanguage":"es"},{"@type":"Organization","@id":"https:\/\/www.niamoda.es\/#organization","name":"N\u00ceA Moda&Belleza","url":"https:\/\/www.niamoda.es\/","logo":{"@type":"ImageObject","inLanguage":"es","@id":"https:\/\/www.niamoda.es\/#\/schema\/logo\/image\/","url":"https:\/\/www.niamoda.es\/wp-content\/uploads\/2026\/03\/nialogo.jpg","contentUrl":"https:\/\/www.niamoda.es\/wp-content\/uploads\/2026\/03\/nialogo.jpg","width":361,"height":242,"caption":"N\u00ceA Moda&Belleza"},"image":{"@id":"https:\/\/www.niamoda.es\/#\/schema\/logo\/image\/"}}]}},"_links":{"self":[{"href":"https:\/\/www.niamoda.es\/index.php\/wp-json\/wp\/v2\/product\/3546","targetHints":{"allow":["GET"]}}],"collection":[{"href":"https:\/\/www.niamoda.es\/index.php\/wp-json\/wp\/v2\/product"}],"about":[{"href":"https:\/\/www.niamoda.es\/index.php\/wp-json\/wp\/v2\/types\/product"}],"replies":[{"embeddable":true,"href":"https:\/\/www.niamoda.es\/index.php\/wp-json\/wp\/v2\/comments?post=3546"}],"wp:featuredmedia":[{"embeddable":true,"href":"https:\/\/www.niamoda.es\/index.php\/wp-json\/wp\/v2\/media\/3550"}],"wp:attachment":[{"href":"https:\/\/www.niamoda.es\/index.php\/wp-json\/wp\/v2\/media?parent=3546"}],"wp:term":[{"taxonomy":"product_cat","embeddable":true,"href":"https:\/\/www.niamoda.es\/index.php\/wp-json\/wp\/v2\/product_cat?post=3546"},{"taxonomy":"product_tag","embeddable":true,"href":"https:\/\/www.niamoda.es\/index.php\/wp-json\/wp\/v2\/product_tag?post=3546"}],"curies":[{"name":"wp","href":"https:\/\/api.w.org\/{rel}","templated":true}]}}