{"id":4209,"date":"2025-04-01T10:16:10","date_gmt":"2025-04-01T10:16:10","guid":{"rendered":"https:\/\/www.niamoda.es\/?post_type=product&#038;p=4209"},"modified":"2025-09-20T18:38:04","modified_gmt":"2025-09-20T18:38:04","slug":"vestido-esme-panambi","status":"publish","type":"product","link":"https:\/\/www.niamoda.es\/index.php\/producto\/vestido-esme-panambi\/","title":{"rendered":"Vestido Esme Panambi"},"content":{"rendered":"<p>Vestido Panambi modelo VE-ESME<\/p>\n<p>D\u00e9jate envolver por la esencia tropical con este vestido largo de escote en espalda, una pieza que fusiona naturaleza y elegancia en cada detalle. Su vibrante estampado en tonos verdes y negros sobre fondo crudo evoca la exuberancia del tr\u00f3pico, mientras que el escote halter y el sofisticado cut-out en la espalda aportan un toque de sensualidad sutil. Confeccionado en un tejido agradable de llevar que se desliza con cada movimiento, este dise\u00f1o es ideal para los d\u00edas soleados y las noches estivales. Complem\u00e9ntalo con sandalias de plataforma para un look sofisticado y fresco, perfecto para cualquier destino ex\u00f3tico o evento especial.<\/p>\n<p>Composici\u00f3n: 93% algod\u00f3n, 6% viscosa y 1% elast\u00e1n.<\/p>\n<p>Se recomienda limpieza en seco.<\/p>\n<p>Disponible en tallas: 36 y 38.<\/p>\n","protected":false},"excerpt":{"rendered":"<p>Vestido Panambi modelo VE-ESME D\u00e9jate envolver por la esencia tropical con este vestido largo de escote en espalda, una pieza que fusiona naturaleza y elegancia en cada detalle. Su vibrante estampado en tonos verdes y negros sobre fondo crudo evoca la exuberancia del tr\u00f3pico, mientras que el escote halter y el sofisticado cut-out en la [&hellip;]<\/p>\n","protected":false},"featured_media":4212,"comment_status":"open","ping_status":"closed","template":"","meta":{"_monsterinsights_skip_tracking":false,"_monsterinsights_sitenote_active":false,"_monsterinsights_sitenote_note":"","_monsterinsights_sitenote_category":0},"product_cat":[70,15,16,20],"product_tag":[113,66,67,95],"class_list":{"0":"post-4209","1":"product","2":"type-product","3":"status-publish","4":"has-post-thumbnail","6":"product_cat-vestidos","7":"product_cat-mujer","8":"product_cat-eventos","9":"product_cat-temporada","10":"product_tag-eventos","11":"product_tag-mujer","12":"product_tag-temporada","13":"product_tag-vestidos","15":"first","16":"instock","17":"sale","18":"sold-individually","19":"taxable","20":"shipping-taxable","21":"purchasable","22":"product-type-variable","23":"add-to-wishlist-after_add_to_cart"},"yoast_head":"<!-- This site is optimized with the Yoast SEO plugin v23.2 - https:\/\/yoast.com\/wordpress\/plugins\/seo\/ -->\n<title>Vestido Esme Panambi - Nia Moda - Moda y Belleza<\/title>\n<meta name=\"robots\" content=\"index, follow, max-snippet:-1, max-image-preview:large, max-video-preview:-1\" \/>\n<link rel=\"canonical\" href=\"https:\/\/www.niamoda.es\/index.php\/producto\/vestido-esme-panambi\/\" \/>\n<meta property=\"og:locale\" content=\"es_ES\" \/>\n<meta property=\"og:type\" content=\"article\" \/>\n<meta property=\"og:title\" content=\"Vestido Esme Panambi - Nia Moda - Moda y Belleza\" \/>\n<meta property=\"og:description\" content=\"Vestido Panambi modelo VE-ESME D\u00e9jate envolver por la esencia tropical con este vestido largo de escote en espalda, una pieza que fusiona naturaleza y elegancia en cada detalle. Su vibrante estampado en tonos verdes y negros sobre fondo crudo evoca la exuberancia del tr\u00f3pico, mientras que el escote halter y el sofisticado cut-out en la [&hellip;]\" \/>\n<meta property=\"og:url\" content=\"https:\/\/www.niamoda.es\/index.php\/producto\/vestido-esme-panambi\/\" \/>\n<meta property=\"og:site_name\" content=\"Nia Moda - Moda y Belleza\" \/>\n<meta property=\"article:modified_time\" content=\"2025-09-20T18:38:04+00:00\" \/>\n<meta property=\"og:image\" content=\"https:\/\/www.niamoda.es\/wp-content\/uploads\/2025\/04\/VE-ESME_1.webp\" \/>\n\t<meta property=\"og:image:width\" content=\"800\" \/>\n\t<meta property=\"og:image:height\" content=\"1200\" \/>\n\t<meta property=\"og:image:type\" content=\"image\/webp\" \/>\n<meta name=\"twitter:card\" content=\"summary_large_image\" \/>\n<meta name=\"twitter:label1\" content=\"Tiempo de lectura\" \/>\n\t<meta name=\"twitter:data1\" content=\"1 minuto\" \/>\n<script type=\"application\/ld+json\" class=\"yoast-schema-graph\">{\"@context\":\"https:\/\/schema.org\",\"@graph\":[{\"@type\":\"WebPage\",\"@id\":\"https:\/\/www.niamoda.es\/index.php\/producto\/vestido-esme-panambi\/\",\"url\":\"https:\/\/www.niamoda.es\/index.php\/producto\/vestido-esme-panambi\/\",\"name\":\"Vestido Esme Panambi - Nia Moda - Moda y Belleza\",\"isPartOf\":{\"@id\":\"https:\/\/www.niamoda.es\/#website\"},\"primaryImageOfPage\":{\"@id\":\"https:\/\/www.niamoda.es\/index.php\/producto\/vestido-esme-panambi\/#primaryimage\"},\"image\":{\"@id\":\"https:\/\/www.niamoda.es\/index.php\/producto\/vestido-esme-panambi\/#primaryimage\"},\"thumbnailUrl\":\"https:\/\/www.niamoda.es\/wp-content\/uploads\/2025\/04\/VE-ESME_1.webp\",\"datePublished\":\"2025-04-01T10:16:10+00:00\",\"dateModified\":\"2025-09-20T18:38:04+00:00\",\"breadcrumb\":{\"@id\":\"https:\/\/www.niamoda.es\/index.php\/producto\/vestido-esme-panambi\/#breadcrumb\"},\"inLanguage\":\"es\",\"potentialAction\":[{\"@type\":\"ReadAction\",\"target\":[\"https:\/\/www.niamoda.es\/index.php\/producto\/vestido-esme-panambi\/\"]}]},{\"@type\":\"ImageObject\",\"inLanguage\":\"es\",\"@id\":\"https:\/\/www.niamoda.es\/index.php\/producto\/vestido-esme-panambi\/#primaryimage\",\"url\":\"https:\/\/www.niamoda.es\/wp-content\/uploads\/2025\/04\/VE-ESME_1.webp\",\"contentUrl\":\"https:\/\/www.niamoda.es\/wp-content\/uploads\/2025\/04\/VE-ESME_1.webp\",\"width\":800,\"height\":1200},{\"@type\":\"BreadcrumbList\",\"@id\":\"https:\/\/www.niamoda.es\/index.php\/producto\/vestido-esme-panambi\/#breadcrumb\",\"itemListElement\":[{\"@type\":\"ListItem\",\"position\":1,\"name\":\"Portada\",\"item\":\"https:\/\/www.niamoda.es\/\"},{\"@type\":\"ListItem\",\"position\":2,\"name\":\"Tienda\",\"item\":\"https:\/\/www.niamoda.es\/index.php\/tienda\/\"},{\"@type\":\"ListItem\",\"position\":3,\"name\":\"Vestido Esme Panambi\"}]},{\"@type\":\"WebSite\",\"@id\":\"https:\/\/www.niamoda.es\/#website\",\"url\":\"https:\/\/www.niamoda.es\/\",\"name\":\"Nia Moda - Moda y Belleza\",\"description\":\"\",\"publisher\":{\"@id\":\"https:\/\/www.niamoda.es\/#organization\"},\"potentialAction\":[{\"@type\":\"SearchAction\",\"target\":{\"@type\":\"EntryPoint\",\"urlTemplate\":\"https:\/\/www.niamoda.es\/?s={search_term_string}\"},\"query-input\":\"required name=search_term_string\"}],\"inLanguage\":\"es\"},{\"@type\":\"Organization\",\"@id\":\"https:\/\/www.niamoda.es\/#organization\",\"name\":\"N\u00ceA Moda&Belleza\",\"url\":\"https:\/\/www.niamoda.es\/\",\"logo\":{\"@type\":\"ImageObject\",\"inLanguage\":\"es\",\"@id\":\"https:\/\/www.niamoda.es\/#\/schema\/logo\/image\/\",\"url\":\"https:\/\/www.niamoda.es\/wp-content\/uploads\/2026\/03\/nialogo.jpg\",\"contentUrl\":\"https:\/\/www.niamoda.es\/wp-content\/uploads\/2026\/03\/nialogo.jpg\",\"width\":361,\"height\":242,\"caption\":\"N\u00ceA Moda&Belleza\"},\"image\":{\"@id\":\"https:\/\/www.niamoda.es\/#\/schema\/logo\/image\/\"}}]}<\/script>\n<!-- \/ Yoast SEO plugin. -->","yoast_head_json":{"title":"Vestido Esme Panambi - Nia Moda - Moda y Belleza","robots":{"index":"index","follow":"follow","max-snippet":"max-snippet:-1","max-image-preview":"max-image-preview:large","max-video-preview":"max-video-preview:-1"},"canonical":"https:\/\/www.niamoda.es\/index.php\/producto\/vestido-esme-panambi\/","og_locale":"es_ES","og_type":"article","og_title":"Vestido Esme Panambi - Nia Moda - Moda y Belleza","og_description":"Vestido Panambi modelo VE-ESME D\u00e9jate envolver por la esencia tropical con este vestido largo de escote en espalda, una pieza que fusiona naturaleza y elegancia en cada detalle. Su vibrante estampado en tonos verdes y negros sobre fondo crudo evoca la exuberancia del tr\u00f3pico, mientras que el escote halter y el sofisticado cut-out en la [&hellip;]","og_url":"https:\/\/www.niamoda.es\/index.php\/producto\/vestido-esme-panambi\/","og_site_name":"Nia Moda - Moda y Belleza","article_modified_time":"2025-09-20T18:38:04+00:00","og_image":[{"width":800,"height":1200,"url":"https:\/\/www.niamoda.es\/wp-content\/uploads\/2025\/04\/VE-ESME_1.webp","type":"image\/webp"}],"twitter_card":"summary_large_image","twitter_misc":{"Tiempo de lectura":"1 minuto"},"schema":{"@context":"https:\/\/schema.org","@graph":[{"@type":"WebPage","@id":"https:\/\/www.niamoda.es\/index.php\/producto\/vestido-esme-panambi\/","url":"https:\/\/www.niamoda.es\/index.php\/producto\/vestido-esme-panambi\/","name":"Vestido Esme Panambi - Nia Moda - Moda y Belleza","isPartOf":{"@id":"https:\/\/www.niamoda.es\/#website"},"primaryImageOfPage":{"@id":"https:\/\/www.niamoda.es\/index.php\/producto\/vestido-esme-panambi\/#primaryimage"},"image":{"@id":"https:\/\/www.niamoda.es\/index.php\/producto\/vestido-esme-panambi\/#primaryimage"},"thumbnailUrl":"https:\/\/www.niamoda.es\/wp-content\/uploads\/2025\/04\/VE-ESME_1.webp","datePublished":"2025-04-01T10:16:10+00:00","dateModified":"2025-09-20T18:38:04+00:00","breadcrumb":{"@id":"https:\/\/www.niamoda.es\/index.php\/producto\/vestido-esme-panambi\/#breadcrumb"},"inLanguage":"es","potentialAction":[{"@type":"ReadAction","target":["https:\/\/www.niamoda.es\/index.php\/producto\/vestido-esme-panambi\/"]}]},{"@type":"ImageObject","inLanguage":"es","@id":"https:\/\/www.niamoda.es\/index.php\/producto\/vestido-esme-panambi\/#primaryimage","url":"https:\/\/www.niamoda.es\/wp-content\/uploads\/2025\/04\/VE-ESME_1.webp","contentUrl":"https:\/\/www.niamoda.es\/wp-content\/uploads\/2025\/04\/VE-ESME_1.webp","width":800,"height":1200},{"@type":"BreadcrumbList","@id":"https:\/\/www.niamoda.es\/index.php\/producto\/vestido-esme-panambi\/#breadcrumb","itemListElement":[{"@type":"ListItem","position":1,"name":"Portada","item":"https:\/\/www.niamoda.es\/"},{"@type":"ListItem","position":2,"name":"Tienda","item":"https:\/\/www.niamoda.es\/index.php\/tienda\/"},{"@type":"ListItem","position":3,"name":"Vestido Esme Panambi"}]},{"@type":"WebSite","@id":"https:\/\/www.niamoda.es\/#website","url":"https:\/\/www.niamoda.es\/","name":"Nia Moda - Moda y Belleza","description":"","publisher":{"@id":"https:\/\/www.niamoda.es\/#organization"},"potentialAction":[{"@type":"SearchAction","target":{"@type":"EntryPoint","urlTemplate":"https:\/\/www.niamoda.es\/?s={search_term_string}"},"query-input":"required name=search_term_string"}],"inLanguage":"es"},{"@type":"Organization","@id":"https:\/\/www.niamoda.es\/#organization","name":"N\u00ceA Moda&Belleza","url":"https:\/\/www.niamoda.es\/","logo":{"@type":"ImageObject","inLanguage":"es","@id":"https:\/\/www.niamoda.es\/#\/schema\/logo\/image\/","url":"https:\/\/www.niamoda.es\/wp-content\/uploads\/2026\/03\/nialogo.jpg","contentUrl":"https:\/\/www.niamoda.es\/wp-content\/uploads\/2026\/03\/nialogo.jpg","width":361,"height":242,"caption":"N\u00ceA Moda&Belleza"},"image":{"@id":"https:\/\/www.niamoda.es\/#\/schema\/logo\/image\/"}}]}},"_links":{"self":[{"href":"https:\/\/www.niamoda.es\/index.php\/wp-json\/wp\/v2\/product\/4209","targetHints":{"allow":["GET"]}}],"collection":[{"href":"https:\/\/www.niamoda.es\/index.php\/wp-json\/wp\/v2\/product"}],"about":[{"href":"https:\/\/www.niamoda.es\/index.php\/wp-json\/wp\/v2\/types\/product"}],"replies":[{"embeddable":true,"href":"https:\/\/www.niamoda.es\/index.php\/wp-json\/wp\/v2\/comments?post=4209"}],"wp:featuredmedia":[{"embeddable":true,"href":"https:\/\/www.niamoda.es\/index.php\/wp-json\/wp\/v2\/media\/4212"}],"wp:attachment":[{"href":"https:\/\/www.niamoda.es\/index.php\/wp-json\/wp\/v2\/media?parent=4209"}],"wp:term":[{"taxonomy":"product_cat","embeddable":true,"href":"https:\/\/www.niamoda.es\/index.php\/wp-json\/wp\/v2\/product_cat?post=4209"},{"taxonomy":"product_tag","embeddable":true,"href":"https:\/\/www.niamoda.es\/index.php\/wp-json\/wp\/v2\/product_tag?post=4209"}],"curies":[{"name":"wp","href":"https:\/\/api.w.org\/{rel}","templated":true}]}}