{"id":4507,"date":"2025-04-07T11:00:35","date_gmt":"2025-04-07T11:00:35","guid":{"rendered":"https:\/\/www.niamoda.es\/?post_type=product&#038;p=4507"},"modified":"2025-10-21T10:32:43","modified_gmt":"2025-10-21T10:32:43","slug":"vestido-largo-estampado-scripta","status":"publish","type":"product","link":"https:\/\/www.niamoda.es\/index.php\/producto\/vestido-largo-estampado-scripta\/","title":{"rendered":"Vestido largo estampado Scripta"},"content":{"rendered":"<p>Vestido Scripta modelo 250084<\/p>\n<p>Vestido largo estampado con cuello solapa y manga 3\/4 ancha. Abrochar con un cintur\u00f3n en la misma tela. Tiene bolsillos con solapas en la parte superior que se cierran con un bot\u00f3n. Apertura en los laterales. El encaje de la pieza es fluido.<\/p>\n<p>Composici\u00f3n: 100% Viscosa Ecovero<\/p>\n<p>Se recomienda lavar a 30 grados, no usar secadora y planchar a baja temperatura.<\/p>\n<p>Disponible \u00faltima unidad en talla M.<\/p>\n<p>&nbsp;<\/p>\n","protected":false},"excerpt":{"rendered":"<p>Vestido Scripta modelo 250084 Vestido largo estampado con cuello solapa y manga 3\/4 ancha. Abrochar con un cintur\u00f3n en la misma tela. Tiene bolsillos con solapas en la parte superior que se cierran con un bot\u00f3n. Apertura en los laterales. El encaje de la pieza es fluido. Composici\u00f3n: 100% Viscosa Ecovero Se recomienda lavar a [&hellip;]<\/p>\n","protected":false},"featured_media":4510,"comment_status":"open","ping_status":"closed","template":"","meta":{"_monsterinsights_skip_tracking":false,"_monsterinsights_sitenote_active":false,"_monsterinsights_sitenote_note":"","_monsterinsights_sitenote_category":0},"product_cat":[70,15,20],"product_tag":[66,67,95],"class_list":{"0":"post-4507","1":"product","2":"type-product","3":"status-publish","4":"has-post-thumbnail","6":"product_cat-vestidos","7":"product_cat-mujer","8":"product_cat-temporada","9":"product_tag-mujer","10":"product_tag-temporada","11":"product_tag-vestidos","13":"first","14":"instock","15":"sale","16":"sold-individually","17":"taxable","18":"shipping-taxable","19":"purchasable","20":"product-type-variable","21":"add-to-wishlist-after_add_to_cart"},"yoast_head":"<!-- This site is optimized with the Yoast SEO plugin v23.2 - https:\/\/yoast.com\/wordpress\/plugins\/seo\/ -->\n<title>Vestido largo estampado Scripta - Nia Moda - Moda y Belleza<\/title>\n<meta name=\"robots\" content=\"index, follow, max-snippet:-1, max-image-preview:large, max-video-preview:-1\" \/>\n<link rel=\"canonical\" href=\"https:\/\/www.niamoda.es\/index.php\/producto\/vestido-largo-estampado-scripta\/\" \/>\n<meta property=\"og:locale\" content=\"es_ES\" \/>\n<meta property=\"og:type\" content=\"article\" \/>\n<meta property=\"og:title\" content=\"Vestido largo estampado Scripta - Nia Moda - Moda y Belleza\" \/>\n<meta property=\"og:description\" content=\"Vestido Scripta modelo 250084 Vestido largo estampado con cuello solapa y manga 3\/4 ancha. Abrochar con un cintur\u00f3n en la misma tela. Tiene bolsillos con solapas en la parte superior que se cierran con un bot\u00f3n. Apertura en los laterales. El encaje de la pieza es fluido. Composici\u00f3n: 100% Viscosa Ecovero Se recomienda lavar a [&hellip;]\" \/>\n<meta property=\"og:url\" content=\"https:\/\/www.niamoda.es\/index.php\/producto\/vestido-largo-estampado-scripta\/\" \/>\n<meta property=\"og:site_name\" content=\"Nia Moda - Moda y Belleza\" \/>\n<meta property=\"article:modified_time\" content=\"2025-10-21T10:32:43+00:00\" \/>\n<meta property=\"og:image\" content=\"https:\/\/www.niamoda.es\/wp-content\/uploads\/2025\/04\/IMG_0053.webp\" \/>\n\t<meta property=\"og:image:width\" content=\"1280\" \/>\n\t<meta property=\"og:image:height\" content=\"1920\" \/>\n\t<meta property=\"og:image:type\" content=\"image\/webp\" \/>\n<meta name=\"twitter:card\" content=\"summary_large_image\" \/>\n<meta name=\"twitter:label1\" content=\"Tiempo de lectura\" \/>\n\t<meta name=\"twitter:data1\" content=\"1 minuto\" \/>\n<script type=\"application\/ld+json\" class=\"yoast-schema-graph\">{\"@context\":\"https:\/\/schema.org\",\"@graph\":[{\"@type\":\"WebPage\",\"@id\":\"https:\/\/www.niamoda.es\/index.php\/producto\/vestido-largo-estampado-scripta\/\",\"url\":\"https:\/\/www.niamoda.es\/index.php\/producto\/vestido-largo-estampado-scripta\/\",\"name\":\"Vestido largo estampado Scripta - Nia Moda - Moda y Belleza\",\"isPartOf\":{\"@id\":\"https:\/\/www.niamoda.es\/#website\"},\"primaryImageOfPage\":{\"@id\":\"https:\/\/www.niamoda.es\/index.php\/producto\/vestido-largo-estampado-scripta\/#primaryimage\"},\"image\":{\"@id\":\"https:\/\/www.niamoda.es\/index.php\/producto\/vestido-largo-estampado-scripta\/#primaryimage\"},\"thumbnailUrl\":\"https:\/\/www.niamoda.es\/wp-content\/uploads\/2025\/04\/IMG_0053.webp\",\"datePublished\":\"2025-04-07T11:00:35+00:00\",\"dateModified\":\"2025-10-21T10:32:43+00:00\",\"breadcrumb\":{\"@id\":\"https:\/\/www.niamoda.es\/index.php\/producto\/vestido-largo-estampado-scripta\/#breadcrumb\"},\"inLanguage\":\"es\",\"potentialAction\":[{\"@type\":\"ReadAction\",\"target\":[\"https:\/\/www.niamoda.es\/index.php\/producto\/vestido-largo-estampado-scripta\/\"]}]},{\"@type\":\"ImageObject\",\"inLanguage\":\"es\",\"@id\":\"https:\/\/www.niamoda.es\/index.php\/producto\/vestido-largo-estampado-scripta\/#primaryimage\",\"url\":\"https:\/\/www.niamoda.es\/wp-content\/uploads\/2025\/04\/IMG_0053.webp\",\"contentUrl\":\"https:\/\/www.niamoda.es\/wp-content\/uploads\/2025\/04\/IMG_0053.webp\",\"width\":1280,\"height\":1920},{\"@type\":\"BreadcrumbList\",\"@id\":\"https:\/\/www.niamoda.es\/index.php\/producto\/vestido-largo-estampado-scripta\/#breadcrumb\",\"itemListElement\":[{\"@type\":\"ListItem\",\"position\":1,\"name\":\"Portada\",\"item\":\"https:\/\/www.niamoda.es\/\"},{\"@type\":\"ListItem\",\"position\":2,\"name\":\"Tienda\",\"item\":\"https:\/\/www.niamoda.es\/index.php\/tienda\/\"},{\"@type\":\"ListItem\",\"position\":3,\"name\":\"Vestido largo estampado Scripta\"}]},{\"@type\":\"WebSite\",\"@id\":\"https:\/\/www.niamoda.es\/#website\",\"url\":\"https:\/\/www.niamoda.es\/\",\"name\":\"Nia Moda - Moda y Belleza\",\"description\":\"\",\"publisher\":{\"@id\":\"https:\/\/www.niamoda.es\/#organization\"},\"potentialAction\":[{\"@type\":\"SearchAction\",\"target\":{\"@type\":\"EntryPoint\",\"urlTemplate\":\"https:\/\/www.niamoda.es\/?s={search_term_string}\"},\"query-input\":\"required name=search_term_string\"}],\"inLanguage\":\"es\"},{\"@type\":\"Organization\",\"@id\":\"https:\/\/www.niamoda.es\/#organization\",\"name\":\"N\u00ceA Moda&Belleza\",\"url\":\"https:\/\/www.niamoda.es\/\",\"logo\":{\"@type\":\"ImageObject\",\"inLanguage\":\"es\",\"@id\":\"https:\/\/www.niamoda.es\/#\/schema\/logo\/image\/\",\"url\":\"https:\/\/www.niamoda.es\/wp-content\/uploads\/2026\/03\/nialogo.jpg\",\"contentUrl\":\"https:\/\/www.niamoda.es\/wp-content\/uploads\/2026\/03\/nialogo.jpg\",\"width\":361,\"height\":242,\"caption\":\"N\u00ceA Moda&Belleza\"},\"image\":{\"@id\":\"https:\/\/www.niamoda.es\/#\/schema\/logo\/image\/\"}}]}<\/script>\n<!-- \/ Yoast SEO plugin. -->","yoast_head_json":{"title":"Vestido largo estampado Scripta - Nia Moda - Moda y Belleza","robots":{"index":"index","follow":"follow","max-snippet":"max-snippet:-1","max-image-preview":"max-image-preview:large","max-video-preview":"max-video-preview:-1"},"canonical":"https:\/\/www.niamoda.es\/index.php\/producto\/vestido-largo-estampado-scripta\/","og_locale":"es_ES","og_type":"article","og_title":"Vestido largo estampado Scripta - Nia Moda - Moda y Belleza","og_description":"Vestido Scripta modelo 250084 Vestido largo estampado con cuello solapa y manga 3\/4 ancha. Abrochar con un cintur\u00f3n en la misma tela. Tiene bolsillos con solapas en la parte superior que se cierran con un bot\u00f3n. Apertura en los laterales. El encaje de la pieza es fluido. Composici\u00f3n: 100% Viscosa Ecovero Se recomienda lavar a [&hellip;]","og_url":"https:\/\/www.niamoda.es\/index.php\/producto\/vestido-largo-estampado-scripta\/","og_site_name":"Nia Moda - Moda y Belleza","article_modified_time":"2025-10-21T10:32:43+00:00","og_image":[{"width":1280,"height":1920,"url":"https:\/\/www.niamoda.es\/wp-content\/uploads\/2025\/04\/IMG_0053.webp","type":"image\/webp"}],"twitter_card":"summary_large_image","twitter_misc":{"Tiempo de lectura":"1 minuto"},"schema":{"@context":"https:\/\/schema.org","@graph":[{"@type":"WebPage","@id":"https:\/\/www.niamoda.es\/index.php\/producto\/vestido-largo-estampado-scripta\/","url":"https:\/\/www.niamoda.es\/index.php\/producto\/vestido-largo-estampado-scripta\/","name":"Vestido largo estampado Scripta - Nia Moda - Moda y Belleza","isPartOf":{"@id":"https:\/\/www.niamoda.es\/#website"},"primaryImageOfPage":{"@id":"https:\/\/www.niamoda.es\/index.php\/producto\/vestido-largo-estampado-scripta\/#primaryimage"},"image":{"@id":"https:\/\/www.niamoda.es\/index.php\/producto\/vestido-largo-estampado-scripta\/#primaryimage"},"thumbnailUrl":"https:\/\/www.niamoda.es\/wp-content\/uploads\/2025\/04\/IMG_0053.webp","datePublished":"2025-04-07T11:00:35+00:00","dateModified":"2025-10-21T10:32:43+00:00","breadcrumb":{"@id":"https:\/\/www.niamoda.es\/index.php\/producto\/vestido-largo-estampado-scripta\/#breadcrumb"},"inLanguage":"es","potentialAction":[{"@type":"ReadAction","target":["https:\/\/www.niamoda.es\/index.php\/producto\/vestido-largo-estampado-scripta\/"]}]},{"@type":"ImageObject","inLanguage":"es","@id":"https:\/\/www.niamoda.es\/index.php\/producto\/vestido-largo-estampado-scripta\/#primaryimage","url":"https:\/\/www.niamoda.es\/wp-content\/uploads\/2025\/04\/IMG_0053.webp","contentUrl":"https:\/\/www.niamoda.es\/wp-content\/uploads\/2025\/04\/IMG_0053.webp","width":1280,"height":1920},{"@type":"BreadcrumbList","@id":"https:\/\/www.niamoda.es\/index.php\/producto\/vestido-largo-estampado-scripta\/#breadcrumb","itemListElement":[{"@type":"ListItem","position":1,"name":"Portada","item":"https:\/\/www.niamoda.es\/"},{"@type":"ListItem","position":2,"name":"Tienda","item":"https:\/\/www.niamoda.es\/index.php\/tienda\/"},{"@type":"ListItem","position":3,"name":"Vestido largo estampado Scripta"}]},{"@type":"WebSite","@id":"https:\/\/www.niamoda.es\/#website","url":"https:\/\/www.niamoda.es\/","name":"Nia Moda - Moda y Belleza","description":"","publisher":{"@id":"https:\/\/www.niamoda.es\/#organization"},"potentialAction":[{"@type":"SearchAction","target":{"@type":"EntryPoint","urlTemplate":"https:\/\/www.niamoda.es\/?s={search_term_string}"},"query-input":"required name=search_term_string"}],"inLanguage":"es"},{"@type":"Organization","@id":"https:\/\/www.niamoda.es\/#organization","name":"N\u00ceA Moda&Belleza","url":"https:\/\/www.niamoda.es\/","logo":{"@type":"ImageObject","inLanguage":"es","@id":"https:\/\/www.niamoda.es\/#\/schema\/logo\/image\/","url":"https:\/\/www.niamoda.es\/wp-content\/uploads\/2026\/03\/nialogo.jpg","contentUrl":"https:\/\/www.niamoda.es\/wp-content\/uploads\/2026\/03\/nialogo.jpg","width":361,"height":242,"caption":"N\u00ceA Moda&Belleza"},"image":{"@id":"https:\/\/www.niamoda.es\/#\/schema\/logo\/image\/"}}]}},"_links":{"self":[{"href":"https:\/\/www.niamoda.es\/index.php\/wp-json\/wp\/v2\/product\/4507","targetHints":{"allow":["GET"]}}],"collection":[{"href":"https:\/\/www.niamoda.es\/index.php\/wp-json\/wp\/v2\/product"}],"about":[{"href":"https:\/\/www.niamoda.es\/index.php\/wp-json\/wp\/v2\/types\/product"}],"replies":[{"embeddable":true,"href":"https:\/\/www.niamoda.es\/index.php\/wp-json\/wp\/v2\/comments?post=4507"}],"wp:featuredmedia":[{"embeddable":true,"href":"https:\/\/www.niamoda.es\/index.php\/wp-json\/wp\/v2\/media\/4510"}],"wp:attachment":[{"href":"https:\/\/www.niamoda.es\/index.php\/wp-json\/wp\/v2\/media?parent=4507"}],"wp:term":[{"taxonomy":"product_cat","embeddable":true,"href":"https:\/\/www.niamoda.es\/index.php\/wp-json\/wp\/v2\/product_cat?post=4507"},{"taxonomy":"product_tag","embeddable":true,"href":"https:\/\/www.niamoda.es\/index.php\/wp-json\/wp\/v2\/product_tag?post=4507"}],"curies":[{"name":"wp","href":"https:\/\/api.w.org\/{rel}","templated":true}]}}