{"id":5164,"date":"2025-04-24T10:17:44","date_gmt":"2025-04-24T10:17:44","guid":{"rendered":"https:\/\/www.niamoda.es\/?post_type=product&#038;p=5164"},"modified":"2025-10-21T09:10:50","modified_gmt":"2025-10-21T09:10:50","slug":"camiseta-manga-corta-con-mensaje-morgan-3","status":"publish","type":"product","link":"https:\/\/www.niamoda.es\/index.php\/producto\/camiseta-manga-corta-con-mensaje-morgan-3\/","title":{"rendered":"Camiseta manga corta con mensaje Morgan"},"content":{"rendered":"<p>Camiseta Morgan modelo 251-DSUNSET<\/p>\n<p>Camiseta con mensaje, corte recto, cuello redondo, manga corta, mensaje SUNSET en la parte delantera, mangas con dobladillo. Una indispensable de tu fondo de armario para acompa\u00f1ar cualquiera de tus looks.<\/p>\n<p>Composici\u00f3n: 50% algod\u00f3n y 50% modal.<\/p>\n<p>Lavar a 30 grados, no usar secadora y planchar a baja temperatura.<\/p>\n<p>Disponible en tallas: S, M, L y XL.<\/p>\n<p>&nbsp;<\/p>\n","protected":false},"excerpt":{"rendered":"<p>Camiseta Morgan modelo 251-DSUNSET Camiseta con mensaje, corte recto, cuello redondo, manga corta, mensaje SUNSET en la parte delantera, mangas con dobladillo. Una indispensable de tu fondo de armario para acompa\u00f1ar cualquiera de tus looks. Composici\u00f3n: 50% algod\u00f3n y 50% modal. Lavar a 30 grados, no usar secadora y planchar a baja temperatura. Disponible en [&hellip;]<\/p>\n","protected":false},"featured_media":5169,"comment_status":"open","ping_status":"closed","template":"","meta":{"_monsterinsights_skip_tracking":false,"_monsterinsights_sitenote_active":false,"_monsterinsights_sitenote_note":"","_monsterinsights_sitenote_category":0},"product_cat":[78,15,33,20],"product_tag":[79,66,105,67],"class_list":{"0":"post-5164","1":"product","2":"type-product","3":"status-publish","4":"has-post-thumbnail","6":"product_cat-camisetas-y-tops","7":"product_cat-mujer","8":"product_cat-regalos","9":"product_cat-temporada","10":"product_tag-camisetas-y-tops","11":"product_tag-mujer","12":"product_tag-regalos","13":"product_tag-temporada","15":"first","16":"instock","17":"sale","18":"sold-individually","19":"taxable","20":"shipping-taxable","21":"purchasable","22":"product-type-variable","23":"add-to-wishlist-after_add_to_cart"},"yoast_head":"<!-- This site is optimized with the Yoast SEO plugin v23.2 - https:\/\/yoast.com\/wordpress\/plugins\/seo\/ -->\n<title>Camiseta manga corta con mensaje Morgan - Nia Moda - Moda y Belleza<\/title>\n<meta name=\"robots\" content=\"index, follow, max-snippet:-1, max-image-preview:large, max-video-preview:-1\" \/>\n<link rel=\"canonical\" href=\"https:\/\/www.niamoda.es\/index.php\/producto\/camiseta-manga-corta-con-mensaje-morgan-3\/\" \/>\n<meta property=\"og:locale\" content=\"es_ES\" \/>\n<meta property=\"og:type\" content=\"article\" \/>\n<meta property=\"og:title\" content=\"Camiseta manga corta con mensaje Morgan - Nia Moda - Moda y Belleza\" \/>\n<meta property=\"og:description\" content=\"Camiseta Morgan modelo 251-DSUNSET Camiseta con mensaje, corte recto, cuello redondo, manga corta, mensaje SUNSET en la parte delantera, mangas con dobladillo. Una indispensable de tu fondo de armario para acompa\u00f1ar cualquiera de tus looks. Composici\u00f3n: 50% algod\u00f3n y 50% modal. Lavar a 30 grados, no usar secadora y planchar a baja temperatura. Disponible en [&hellip;]\" \/>\n<meta property=\"og:url\" content=\"https:\/\/www.niamoda.es\/index.php\/producto\/camiseta-manga-corta-con-mensaje-morgan-3\/\" \/>\n<meta property=\"og:site_name\" content=\"Nia Moda - Moda y Belleza\" \/>\n<meta property=\"article:modified_time\" content=\"2025-10-21T09:10:50+00:00\" \/>\n<meta property=\"og:image\" content=\"https:\/\/www.niamoda.es\/wp-content\/uploads\/2025\/04\/t-shirt-a-inscription-blanc-femme-vue1-32536311021830931.jpg\" \/>\n\t<meta property=\"og:image:width\" content=\"1200\" \/>\n\t<meta property=\"og:image:height\" content=\"1561\" \/>\n\t<meta property=\"og:image:type\" content=\"image\/jpeg\" \/>\n<meta name=\"twitter:card\" content=\"summary_large_image\" \/>\n<meta name=\"twitter:label1\" content=\"Tiempo de lectura\" \/>\n\t<meta name=\"twitter:data1\" content=\"1 minuto\" \/>\n<script type=\"application\/ld+json\" class=\"yoast-schema-graph\">{\"@context\":\"https:\/\/schema.org\",\"@graph\":[{\"@type\":\"WebPage\",\"@id\":\"https:\/\/www.niamoda.es\/index.php\/producto\/camiseta-manga-corta-con-mensaje-morgan-3\/\",\"url\":\"https:\/\/www.niamoda.es\/index.php\/producto\/camiseta-manga-corta-con-mensaje-morgan-3\/\",\"name\":\"Camiseta manga corta con mensaje Morgan - Nia Moda - Moda y Belleza\",\"isPartOf\":{\"@id\":\"https:\/\/www.niamoda.es\/#website\"},\"primaryImageOfPage\":{\"@id\":\"https:\/\/www.niamoda.es\/index.php\/producto\/camiseta-manga-corta-con-mensaje-morgan-3\/#primaryimage\"},\"image\":{\"@id\":\"https:\/\/www.niamoda.es\/index.php\/producto\/camiseta-manga-corta-con-mensaje-morgan-3\/#primaryimage\"},\"thumbnailUrl\":\"https:\/\/www.niamoda.es\/wp-content\/uploads\/2025\/04\/t-shirt-a-inscription-blanc-femme-vue1-32536311021830931.jpg\",\"datePublished\":\"2025-04-24T10:17:44+00:00\",\"dateModified\":\"2025-10-21T09:10:50+00:00\",\"breadcrumb\":{\"@id\":\"https:\/\/www.niamoda.es\/index.php\/producto\/camiseta-manga-corta-con-mensaje-morgan-3\/#breadcrumb\"},\"inLanguage\":\"es\",\"potentialAction\":[{\"@type\":\"ReadAction\",\"target\":[\"https:\/\/www.niamoda.es\/index.php\/producto\/camiseta-manga-corta-con-mensaje-morgan-3\/\"]}]},{\"@type\":\"ImageObject\",\"inLanguage\":\"es\",\"@id\":\"https:\/\/www.niamoda.es\/index.php\/producto\/camiseta-manga-corta-con-mensaje-morgan-3\/#primaryimage\",\"url\":\"https:\/\/www.niamoda.es\/wp-content\/uploads\/2025\/04\/t-shirt-a-inscription-blanc-femme-vue1-32536311021830931.jpg\",\"contentUrl\":\"https:\/\/www.niamoda.es\/wp-content\/uploads\/2025\/04\/t-shirt-a-inscription-blanc-femme-vue1-32536311021830931.jpg\",\"width\":1200,\"height\":1561},{\"@type\":\"BreadcrumbList\",\"@id\":\"https:\/\/www.niamoda.es\/index.php\/producto\/camiseta-manga-corta-con-mensaje-morgan-3\/#breadcrumb\",\"itemListElement\":[{\"@type\":\"ListItem\",\"position\":1,\"name\":\"Portada\",\"item\":\"https:\/\/www.niamoda.es\/\"},{\"@type\":\"ListItem\",\"position\":2,\"name\":\"Tienda\",\"item\":\"https:\/\/www.niamoda.es\/index.php\/tienda\/\"},{\"@type\":\"ListItem\",\"position\":3,\"name\":\"Camiseta manga corta con mensaje Morgan\"}]},{\"@type\":\"WebSite\",\"@id\":\"https:\/\/www.niamoda.es\/#website\",\"url\":\"https:\/\/www.niamoda.es\/\",\"name\":\"Nia Moda - Moda y Belleza\",\"description\":\"\",\"publisher\":{\"@id\":\"https:\/\/www.niamoda.es\/#organization\"},\"potentialAction\":[{\"@type\":\"SearchAction\",\"target\":{\"@type\":\"EntryPoint\",\"urlTemplate\":\"https:\/\/www.niamoda.es\/?s={search_term_string}\"},\"query-input\":\"required name=search_term_string\"}],\"inLanguage\":\"es\"},{\"@type\":\"Organization\",\"@id\":\"https:\/\/www.niamoda.es\/#organization\",\"name\":\"N\u00ceA Moda&Belleza\",\"url\":\"https:\/\/www.niamoda.es\/\",\"logo\":{\"@type\":\"ImageObject\",\"inLanguage\":\"es\",\"@id\":\"https:\/\/www.niamoda.es\/#\/schema\/logo\/image\/\",\"url\":\"https:\/\/www.niamoda.es\/wp-content\/uploads\/2026\/03\/nialogo.jpg\",\"contentUrl\":\"https:\/\/www.niamoda.es\/wp-content\/uploads\/2026\/03\/nialogo.jpg\",\"width\":361,\"height\":242,\"caption\":\"N\u00ceA Moda&Belleza\"},\"image\":{\"@id\":\"https:\/\/www.niamoda.es\/#\/schema\/logo\/image\/\"}}]}<\/script>\n<!-- \/ Yoast SEO plugin. -->","yoast_head_json":{"title":"Camiseta manga corta con mensaje Morgan - Nia Moda - Moda y Belleza","robots":{"index":"index","follow":"follow","max-snippet":"max-snippet:-1","max-image-preview":"max-image-preview:large","max-video-preview":"max-video-preview:-1"},"canonical":"https:\/\/www.niamoda.es\/index.php\/producto\/camiseta-manga-corta-con-mensaje-morgan-3\/","og_locale":"es_ES","og_type":"article","og_title":"Camiseta manga corta con mensaje Morgan - Nia Moda - Moda y Belleza","og_description":"Camiseta Morgan modelo 251-DSUNSET Camiseta con mensaje, corte recto, cuello redondo, manga corta, mensaje SUNSET en la parte delantera, mangas con dobladillo. Una indispensable de tu fondo de armario para acompa\u00f1ar cualquiera de tus looks. Composici\u00f3n: 50% algod\u00f3n y 50% modal. Lavar a 30 grados, no usar secadora y planchar a baja temperatura. Disponible en [&hellip;]","og_url":"https:\/\/www.niamoda.es\/index.php\/producto\/camiseta-manga-corta-con-mensaje-morgan-3\/","og_site_name":"Nia Moda - Moda y Belleza","article_modified_time":"2025-10-21T09:10:50+00:00","og_image":[{"width":1200,"height":1561,"url":"https:\/\/www.niamoda.es\/wp-content\/uploads\/2025\/04\/t-shirt-a-inscription-blanc-femme-vue1-32536311021830931.jpg","type":"image\/jpeg"}],"twitter_card":"summary_large_image","twitter_misc":{"Tiempo de lectura":"1 minuto"},"schema":{"@context":"https:\/\/schema.org","@graph":[{"@type":"WebPage","@id":"https:\/\/www.niamoda.es\/index.php\/producto\/camiseta-manga-corta-con-mensaje-morgan-3\/","url":"https:\/\/www.niamoda.es\/index.php\/producto\/camiseta-manga-corta-con-mensaje-morgan-3\/","name":"Camiseta manga corta con mensaje Morgan - Nia Moda - Moda y Belleza","isPartOf":{"@id":"https:\/\/www.niamoda.es\/#website"},"primaryImageOfPage":{"@id":"https:\/\/www.niamoda.es\/index.php\/producto\/camiseta-manga-corta-con-mensaje-morgan-3\/#primaryimage"},"image":{"@id":"https:\/\/www.niamoda.es\/index.php\/producto\/camiseta-manga-corta-con-mensaje-morgan-3\/#primaryimage"},"thumbnailUrl":"https:\/\/www.niamoda.es\/wp-content\/uploads\/2025\/04\/t-shirt-a-inscription-blanc-femme-vue1-32536311021830931.jpg","datePublished":"2025-04-24T10:17:44+00:00","dateModified":"2025-10-21T09:10:50+00:00","breadcrumb":{"@id":"https:\/\/www.niamoda.es\/index.php\/producto\/camiseta-manga-corta-con-mensaje-morgan-3\/#breadcrumb"},"inLanguage":"es","potentialAction":[{"@type":"ReadAction","target":["https:\/\/www.niamoda.es\/index.php\/producto\/camiseta-manga-corta-con-mensaje-morgan-3\/"]}]},{"@type":"ImageObject","inLanguage":"es","@id":"https:\/\/www.niamoda.es\/index.php\/producto\/camiseta-manga-corta-con-mensaje-morgan-3\/#primaryimage","url":"https:\/\/www.niamoda.es\/wp-content\/uploads\/2025\/04\/t-shirt-a-inscription-blanc-femme-vue1-32536311021830931.jpg","contentUrl":"https:\/\/www.niamoda.es\/wp-content\/uploads\/2025\/04\/t-shirt-a-inscription-blanc-femme-vue1-32536311021830931.jpg","width":1200,"height":1561},{"@type":"BreadcrumbList","@id":"https:\/\/www.niamoda.es\/index.php\/producto\/camiseta-manga-corta-con-mensaje-morgan-3\/#breadcrumb","itemListElement":[{"@type":"ListItem","position":1,"name":"Portada","item":"https:\/\/www.niamoda.es\/"},{"@type":"ListItem","position":2,"name":"Tienda","item":"https:\/\/www.niamoda.es\/index.php\/tienda\/"},{"@type":"ListItem","position":3,"name":"Camiseta manga corta con mensaje Morgan"}]},{"@type":"WebSite","@id":"https:\/\/www.niamoda.es\/#website","url":"https:\/\/www.niamoda.es\/","name":"Nia Moda - Moda y Belleza","description":"","publisher":{"@id":"https:\/\/www.niamoda.es\/#organization"},"potentialAction":[{"@type":"SearchAction","target":{"@type":"EntryPoint","urlTemplate":"https:\/\/www.niamoda.es\/?s={search_term_string}"},"query-input":"required name=search_term_string"}],"inLanguage":"es"},{"@type":"Organization","@id":"https:\/\/www.niamoda.es\/#organization","name":"N\u00ceA Moda&Belleza","url":"https:\/\/www.niamoda.es\/","logo":{"@type":"ImageObject","inLanguage":"es","@id":"https:\/\/www.niamoda.es\/#\/schema\/logo\/image\/","url":"https:\/\/www.niamoda.es\/wp-content\/uploads\/2026\/03\/nialogo.jpg","contentUrl":"https:\/\/www.niamoda.es\/wp-content\/uploads\/2026\/03\/nialogo.jpg","width":361,"height":242,"caption":"N\u00ceA Moda&Belleza"},"image":{"@id":"https:\/\/www.niamoda.es\/#\/schema\/logo\/image\/"}}]}},"_links":{"self":[{"href":"https:\/\/www.niamoda.es\/index.php\/wp-json\/wp\/v2\/product\/5164","targetHints":{"allow":["GET"]}}],"collection":[{"href":"https:\/\/www.niamoda.es\/index.php\/wp-json\/wp\/v2\/product"}],"about":[{"href":"https:\/\/www.niamoda.es\/index.php\/wp-json\/wp\/v2\/types\/product"}],"replies":[{"embeddable":true,"href":"https:\/\/www.niamoda.es\/index.php\/wp-json\/wp\/v2\/comments?post=5164"}],"wp:featuredmedia":[{"embeddable":true,"href":"https:\/\/www.niamoda.es\/index.php\/wp-json\/wp\/v2\/media\/5169"}],"wp:attachment":[{"href":"https:\/\/www.niamoda.es\/index.php\/wp-json\/wp\/v2\/media?parent=5164"}],"wp:term":[{"taxonomy":"product_cat","embeddable":true,"href":"https:\/\/www.niamoda.es\/index.php\/wp-json\/wp\/v2\/product_cat?post=5164"},{"taxonomy":"product_tag","embeddable":true,"href":"https:\/\/www.niamoda.es\/index.php\/wp-json\/wp\/v2\/product_tag?post=5164"}],"curies":[{"name":"wp","href":"https:\/\/api.w.org\/{rel}","templated":true}]}}