{"id":5977,"date":"2025-05-09T15:47:31","date_gmt":"2025-05-09T15:47:31","guid":{"rendered":"https:\/\/www.niamoda.es\/?post_type=product&#038;p=5977"},"modified":"2025-12-16T11:41:18","modified_gmt":"2025-12-16T11:41:18","slug":"vestido-estampado-espectacular-con-espalda-descubierta-gaudi-jeans","status":"publish","type":"product","link":"https:\/\/www.niamoda.es\/index.php\/producto\/vestido-estampado-espectacular-con-espalda-descubierta-gaudi-jeans\/","title":{"rendered":"Vestido estampado espectacular con espalda descubierta Gaudi Jeans"},"content":{"rendered":"<article class=\"4ever-article\" data-clipboard-cangjie=\"[&quot;root&quot;,{&quot;copyFrom&quot;:1821447655},[&quot;p&quot;,{&quot;jc&quot;:&quot;left&quot;,&quot;ind&quot;:{},&quot;spacing&quot;:{}},[&quot;span&quot;,{&quot;data-type&quot;:&quot;text&quot;},[&quot;span&quot;,{&quot;color&quot;:&quot;rgb(0, 0, 0)&quot;,&quot;spacing&quot;:0.06,&quot;sz&quot;:10,&quot;szUnit&quot;:&quot;pt&quot;,&quot;data-type&quot;:&quot;leaf&quot;},&quot;Vestido GAUDI largo en tonos lilas y amarillos&quot;]]],[&quot;p&quot;,{&quot;jc&quot;:&quot;left&quot;,&quot;ind&quot;:{},&quot;spacing&quot;:{}},[&quot;span&quot;,{&quot;data-type&quot;:&quot;text&quot;},[&quot;span&quot;,{&quot;color&quot;:&quot;rgb(0, 0, 0)&quot;,&quot;spacing&quot;:0.06,&quot;sz&quot;:10,&quot;szUnit&quot;:&quot;pt&quot;,&quot;data-type&quot;:&quot;leaf&quot;},&quot;Vestido largo de mujer en sarga&quot;]]],[&quot;p&quot;,{&quot;jc&quot;:&quot;left&quot;,&quot;ind&quot;:{},&quot;spacing&quot;:{}},[&quot;span&quot;,{&quot;data-type&quot;:&quot;text&quot;},[&quot;span&quot;,{&quot;color&quot;:&quot;rgb(0, 0, 0)&quot;,&quot;spacing&quot;:0.06,&quot;sz&quot;:10,&quot;szUnit&quot;:&quot;pt&quot;,&quot;data-type&quot;:&quot;leaf&quot;},&quot;Estampado gr\u00e1fico multicolor integral&quot;]]],[&quot;p&quot;,{&quot;jc&quot;:&quot;left&quot;,&quot;ind&quot;:{},&quot;spacing&quot;:{}},[&quot;span&quot;,{&quot;data-type&quot;:&quot;text&quot;},[&quot;span&quot;,{&quot;color&quot;:&quot;rgb(0, 0, 0)&quot;,&quot;spacing&quot;:0.06,&quot;sz&quot;:10,&quot;szUnit&quot;:&quot;pt&quot;,&quot;data-type&quot;:&quot;leaf&quot;},&quot;Escote halter con cadena&quot;]]],[&quot;p&quot;,{&quot;jc&quot;:&quot;left&quot;,&quot;ind&quot;:{},&quot;spacing&quot;:{}},[&quot;span&quot;,{&quot;data-type&quot;:&quot;text&quot;},[&quot;span&quot;,{&quot;color&quot;:&quot;rgb(0, 0, 0)&quot;,&quot;spacing&quot;:0.06,&quot;sz&quot;:10,&quot;szUnit&quot;:&quot;pt&quot;,&quot;data-type&quot;:&quot;leaf&quot;},&quot;Cierre de cremallera lateral invisible&quot;]]],[&quot;p&quot;,{&quot;jc&quot;:&quot;left&quot;,&quot;ind&quot;:{},&quot;spacing&quot;:{}},[&quot;span&quot;,{&quot;data-type&quot;:&quot;text&quot;},[&quot;span&quot;,{&quot;color&quot;:&quot;rgb(0, 0, 0)&quot;,&quot;spacing&quot;:0.06,&quot;sz&quot;:10,&quot;szUnit&quot;:&quot;pt&quot;,&quot;data-type&quot;:&quot;leaf&quot;},&quot;Un vestido que te har\u00e1 sentir diferente y especial&quot;]]],[&quot;p&quot;,{&quot;jc&quot;:&quot;left&quot;,&quot;ind&quot;:{},&quot;spacing&quot;:{}},[&quot;span&quot;,{&quot;data-type&quot;:&quot;text&quot;},[&quot;span&quot;,{&quot;color&quot;:&quot;rgb(0, 0, 0)&quot;,&quot;spacing&quot;:0.06,&quot;sz&quot;:10,&quot;szUnit&quot;:&quot;pt&quot;,&quot;data-type&quot;:&quot;leaf&quot;},&quot;Agradable y c\u00f3modo &quot;]]],[&quot;p&quot;,{&quot;jc&quot;:&quot;left&quot;,&quot;ind&quot;:{},&quot;spacing&quot;:{}},[&quot;span&quot;,{&quot;data-type&quot;:&quot;text&quot;},[&quot;span&quot;,{&quot;color&quot;:&quot;rgb(0, 0, 0)&quot;,&quot;spacing&quot;:0.06,&quot;sz&quot;:10,&quot;szUnit&quot;:&quot;pt&quot;,&quot;data-type&quot;:&quot;leaf&quot;},&quot;A cada paso notar\u00e1s la elegancia que desprende&quot;]]]]\">Vestido\u00a0GAUDI\u00a0largo\u00a0en\u00a0tonos\u00a0lilas\u00a0y\u00a0amarillosVestido largo de mujer en sarga, estampado gr\u00e1fico multicolor integral, escote halter con cadena, cierre de cremallera lateral invisible, un vestido que te har\u00e1 sentir diferente y especial, agradable y c\u00f3modo. Siente su elegancia a cada paso.<\/p>\n<p>Composici\u00f3n: 100% poli\u00e9ster.<\/p>\n<p>Lavar a 30 grados con colores similares, no usar secadora y planchar a baja temperatura.<\/p>\n<p>Disponible en tallas: 42 y 44 tallaje italiano.<\/p>\n<\/article>\n","protected":false},"excerpt":{"rendered":"<p>Vestido\u00a0GAUDI\u00a0largo\u00a0en\u00a0tonos\u00a0lilas\u00a0y\u00a0amarillosVestido largo de mujer en sarga, estampado gr\u00e1fico multicolor integral, escote halter con cadena, cierre de cremallera lateral invisible, un vestido que te har\u00e1 sentir diferente y especial, agradable y c\u00f3modo. Siente su elegancia a cada paso. Composici\u00f3n: 100% poli\u00e9ster. Lavar a 30 grados con colores similares, no usar secadora y planchar a baja temperatura. [&hellip;]<\/p>\n","protected":false},"featured_media":5980,"comment_status":"open","ping_status":"closed","template":"","meta":{"_monsterinsights_skip_tracking":false,"_monsterinsights_sitenote_active":false,"_monsterinsights_sitenote_note":"","_monsterinsights_sitenote_category":0},"product_cat":[70,15,16,21],"product_tag":[113,66,99,95],"class_list":{"0":"post-5977","1":"product","2":"type-product","3":"status-publish","4":"has-post-thumbnail","6":"product_cat-vestidos","7":"product_cat-mujer","8":"product_cat-eventos","9":"product_cat-ofertas","10":"product_tag-eventos","11":"product_tag-mujer","12":"product_tag-ofertas","13":"product_tag-vestidos","15":"first","16":"instock","17":"sale","18":"sold-individually","19":"taxable","20":"shipping-taxable","21":"purchasable","22":"product-type-variable","23":"add-to-wishlist-after_add_to_cart"},"yoast_head":"<!-- This site is optimized with the Yoast SEO plugin v23.2 - https:\/\/yoast.com\/wordpress\/plugins\/seo\/ -->\n<title>Vestido estampado espectacular con espalda descubierta Gaudi Jeans - Nia Moda - Moda y Belleza<\/title>\n<meta name=\"robots\" content=\"index, follow, max-snippet:-1, max-image-preview:large, max-video-preview:-1\" \/>\n<link rel=\"canonical\" href=\"https:\/\/www.niamoda.es\/index.php\/producto\/vestido-estampado-espectacular-con-espalda-descubierta-gaudi-jeans\/\" \/>\n<meta property=\"og:locale\" content=\"es_ES\" \/>\n<meta property=\"og:type\" content=\"article\" \/>\n<meta property=\"og:title\" content=\"Vestido estampado espectacular con espalda descubierta Gaudi Jeans - Nia Moda - Moda y Belleza\" \/>\n<meta property=\"og:description\" content=\"Vestido\u00a0GAUDI\u00a0largo\u00a0en\u00a0tonos\u00a0lilas\u00a0y\u00a0amarillosVestido largo de mujer en sarga, estampado gr\u00e1fico multicolor integral, escote halter con cadena, cierre de cremallera lateral invisible, un vestido que te har\u00e1 sentir diferente y especial, agradable y c\u00f3modo. Siente su elegancia a cada paso. Composici\u00f3n: 100% poli\u00e9ster. Lavar a 30 grados con colores similares, no usar secadora y planchar a baja temperatura. [&hellip;]\" \/>\n<meta property=\"og:url\" content=\"https:\/\/www.niamoda.es\/index.php\/producto\/vestido-estampado-espectacular-con-espalda-descubierta-gaudi-jeans\/\" \/>\n<meta property=\"og:site_name\" content=\"Nia Moda - Moda y Belleza\" \/>\n<meta property=\"article:modified_time\" content=\"2025-12-16T11:41:18+00:00\" \/>\n<meta property=\"og:image\" content=\"https:\/\/www.niamoda.es\/wp-content\/uploads\/2025\/05\/Vestido-gaudi-lila.png\" \/>\n\t<meta property=\"og:image:width\" content=\"800\" \/>\n\t<meta property=\"og:image:height\" content=\"1120\" \/>\n\t<meta property=\"og:image:type\" content=\"image\/png\" \/>\n<meta name=\"twitter:card\" content=\"summary_large_image\" \/>\n<meta name=\"twitter:label1\" content=\"Tiempo de lectura\" \/>\n\t<meta name=\"twitter:data1\" content=\"1 minuto\" \/>\n<script type=\"application\/ld+json\" class=\"yoast-schema-graph\">{\"@context\":\"https:\/\/schema.org\",\"@graph\":[{\"@type\":\"WebPage\",\"@id\":\"https:\/\/www.niamoda.es\/index.php\/producto\/vestido-estampado-espectacular-con-espalda-descubierta-gaudi-jeans\/\",\"url\":\"https:\/\/www.niamoda.es\/index.php\/producto\/vestido-estampado-espectacular-con-espalda-descubierta-gaudi-jeans\/\",\"name\":\"Vestido estampado espectacular con espalda descubierta Gaudi Jeans - Nia Moda - Moda y Belleza\",\"isPartOf\":{\"@id\":\"https:\/\/www.niamoda.es\/#website\"},\"primaryImageOfPage\":{\"@id\":\"https:\/\/www.niamoda.es\/index.php\/producto\/vestido-estampado-espectacular-con-espalda-descubierta-gaudi-jeans\/#primaryimage\"},\"image\":{\"@id\":\"https:\/\/www.niamoda.es\/index.php\/producto\/vestido-estampado-espectacular-con-espalda-descubierta-gaudi-jeans\/#primaryimage\"},\"thumbnailUrl\":\"https:\/\/www.niamoda.es\/wp-content\/uploads\/2025\/05\/Vestido-gaudi-lila.png\",\"datePublished\":\"2025-05-09T15:47:31+00:00\",\"dateModified\":\"2025-12-16T11:41:18+00:00\",\"breadcrumb\":{\"@id\":\"https:\/\/www.niamoda.es\/index.php\/producto\/vestido-estampado-espectacular-con-espalda-descubierta-gaudi-jeans\/#breadcrumb\"},\"inLanguage\":\"es\",\"potentialAction\":[{\"@type\":\"ReadAction\",\"target\":[\"https:\/\/www.niamoda.es\/index.php\/producto\/vestido-estampado-espectacular-con-espalda-descubierta-gaudi-jeans\/\"]}]},{\"@type\":\"ImageObject\",\"inLanguage\":\"es\",\"@id\":\"https:\/\/www.niamoda.es\/index.php\/producto\/vestido-estampado-espectacular-con-espalda-descubierta-gaudi-jeans\/#primaryimage\",\"url\":\"https:\/\/www.niamoda.es\/wp-content\/uploads\/2025\/05\/Vestido-gaudi-lila.png\",\"contentUrl\":\"https:\/\/www.niamoda.es\/wp-content\/uploads\/2025\/05\/Vestido-gaudi-lila.png\",\"width\":800,\"height\":1120},{\"@type\":\"BreadcrumbList\",\"@id\":\"https:\/\/www.niamoda.es\/index.php\/producto\/vestido-estampado-espectacular-con-espalda-descubierta-gaudi-jeans\/#breadcrumb\",\"itemListElement\":[{\"@type\":\"ListItem\",\"position\":1,\"name\":\"Portada\",\"item\":\"https:\/\/www.niamoda.es\/\"},{\"@type\":\"ListItem\",\"position\":2,\"name\":\"Tienda\",\"item\":\"https:\/\/www.niamoda.es\/index.php\/tienda\/\"},{\"@type\":\"ListItem\",\"position\":3,\"name\":\"Vestido estampado espectacular con espalda descubierta Gaudi Jeans\"}]},{\"@type\":\"WebSite\",\"@id\":\"https:\/\/www.niamoda.es\/#website\",\"url\":\"https:\/\/www.niamoda.es\/\",\"name\":\"Nia Moda - Moda y Belleza\",\"description\":\"\",\"publisher\":{\"@id\":\"https:\/\/www.niamoda.es\/#organization\"},\"potentialAction\":[{\"@type\":\"SearchAction\",\"target\":{\"@type\":\"EntryPoint\",\"urlTemplate\":\"https:\/\/www.niamoda.es\/?s={search_term_string}\"},\"query-input\":\"required name=search_term_string\"}],\"inLanguage\":\"es\"},{\"@type\":\"Organization\",\"@id\":\"https:\/\/www.niamoda.es\/#organization\",\"name\":\"N\u00ceA Moda&Belleza\",\"url\":\"https:\/\/www.niamoda.es\/\",\"logo\":{\"@type\":\"ImageObject\",\"inLanguage\":\"es\",\"@id\":\"https:\/\/www.niamoda.es\/#\/schema\/logo\/image\/\",\"url\":\"https:\/\/www.niamoda.es\/wp-content\/uploads\/2026\/03\/nialogo.jpg\",\"contentUrl\":\"https:\/\/www.niamoda.es\/wp-content\/uploads\/2026\/03\/nialogo.jpg\",\"width\":361,\"height\":242,\"caption\":\"N\u00ceA Moda&Belleza\"},\"image\":{\"@id\":\"https:\/\/www.niamoda.es\/#\/schema\/logo\/image\/\"}}]}<\/script>\n<!-- \/ Yoast SEO plugin. -->","yoast_head_json":{"title":"Vestido estampado espectacular con espalda descubierta Gaudi Jeans - Nia Moda - Moda y Belleza","robots":{"index":"index","follow":"follow","max-snippet":"max-snippet:-1","max-image-preview":"max-image-preview:large","max-video-preview":"max-video-preview:-1"},"canonical":"https:\/\/www.niamoda.es\/index.php\/producto\/vestido-estampado-espectacular-con-espalda-descubierta-gaudi-jeans\/","og_locale":"es_ES","og_type":"article","og_title":"Vestido estampado espectacular con espalda descubierta Gaudi Jeans - Nia Moda - Moda y Belleza","og_description":"Vestido\u00a0GAUDI\u00a0largo\u00a0en\u00a0tonos\u00a0lilas\u00a0y\u00a0amarillosVestido largo de mujer en sarga, estampado gr\u00e1fico multicolor integral, escote halter con cadena, cierre de cremallera lateral invisible, un vestido que te har\u00e1 sentir diferente y especial, agradable y c\u00f3modo. Siente su elegancia a cada paso. Composici\u00f3n: 100% poli\u00e9ster. Lavar a 30 grados con colores similares, no usar secadora y planchar a baja temperatura. [&hellip;]","og_url":"https:\/\/www.niamoda.es\/index.php\/producto\/vestido-estampado-espectacular-con-espalda-descubierta-gaudi-jeans\/","og_site_name":"Nia Moda - Moda y Belleza","article_modified_time":"2025-12-16T11:41:18+00:00","og_image":[{"width":800,"height":1120,"url":"https:\/\/www.niamoda.es\/wp-content\/uploads\/2025\/05\/Vestido-gaudi-lila.png","type":"image\/png"}],"twitter_card":"summary_large_image","twitter_misc":{"Tiempo de lectura":"1 minuto"},"schema":{"@context":"https:\/\/schema.org","@graph":[{"@type":"WebPage","@id":"https:\/\/www.niamoda.es\/index.php\/producto\/vestido-estampado-espectacular-con-espalda-descubierta-gaudi-jeans\/","url":"https:\/\/www.niamoda.es\/index.php\/producto\/vestido-estampado-espectacular-con-espalda-descubierta-gaudi-jeans\/","name":"Vestido estampado espectacular con espalda descubierta Gaudi Jeans - Nia Moda - Moda y Belleza","isPartOf":{"@id":"https:\/\/www.niamoda.es\/#website"},"primaryImageOfPage":{"@id":"https:\/\/www.niamoda.es\/index.php\/producto\/vestido-estampado-espectacular-con-espalda-descubierta-gaudi-jeans\/#primaryimage"},"image":{"@id":"https:\/\/www.niamoda.es\/index.php\/producto\/vestido-estampado-espectacular-con-espalda-descubierta-gaudi-jeans\/#primaryimage"},"thumbnailUrl":"https:\/\/www.niamoda.es\/wp-content\/uploads\/2025\/05\/Vestido-gaudi-lila.png","datePublished":"2025-05-09T15:47:31+00:00","dateModified":"2025-12-16T11:41:18+00:00","breadcrumb":{"@id":"https:\/\/www.niamoda.es\/index.php\/producto\/vestido-estampado-espectacular-con-espalda-descubierta-gaudi-jeans\/#breadcrumb"},"inLanguage":"es","potentialAction":[{"@type":"ReadAction","target":["https:\/\/www.niamoda.es\/index.php\/producto\/vestido-estampado-espectacular-con-espalda-descubierta-gaudi-jeans\/"]}]},{"@type":"ImageObject","inLanguage":"es","@id":"https:\/\/www.niamoda.es\/index.php\/producto\/vestido-estampado-espectacular-con-espalda-descubierta-gaudi-jeans\/#primaryimage","url":"https:\/\/www.niamoda.es\/wp-content\/uploads\/2025\/05\/Vestido-gaudi-lila.png","contentUrl":"https:\/\/www.niamoda.es\/wp-content\/uploads\/2025\/05\/Vestido-gaudi-lila.png","width":800,"height":1120},{"@type":"BreadcrumbList","@id":"https:\/\/www.niamoda.es\/index.php\/producto\/vestido-estampado-espectacular-con-espalda-descubierta-gaudi-jeans\/#breadcrumb","itemListElement":[{"@type":"ListItem","position":1,"name":"Portada","item":"https:\/\/www.niamoda.es\/"},{"@type":"ListItem","position":2,"name":"Tienda","item":"https:\/\/www.niamoda.es\/index.php\/tienda\/"},{"@type":"ListItem","position":3,"name":"Vestido estampado espectacular con espalda descubierta Gaudi Jeans"}]},{"@type":"WebSite","@id":"https:\/\/www.niamoda.es\/#website","url":"https:\/\/www.niamoda.es\/","name":"Nia Moda - Moda y Belleza","description":"","publisher":{"@id":"https:\/\/www.niamoda.es\/#organization"},"potentialAction":[{"@type":"SearchAction","target":{"@type":"EntryPoint","urlTemplate":"https:\/\/www.niamoda.es\/?s={search_term_string}"},"query-input":"required name=search_term_string"}],"inLanguage":"es"},{"@type":"Organization","@id":"https:\/\/www.niamoda.es\/#organization","name":"N\u00ceA Moda&Belleza","url":"https:\/\/www.niamoda.es\/","logo":{"@type":"ImageObject","inLanguage":"es","@id":"https:\/\/www.niamoda.es\/#\/schema\/logo\/image\/","url":"https:\/\/www.niamoda.es\/wp-content\/uploads\/2026\/03\/nialogo.jpg","contentUrl":"https:\/\/www.niamoda.es\/wp-content\/uploads\/2026\/03\/nialogo.jpg","width":361,"height":242,"caption":"N\u00ceA Moda&Belleza"},"image":{"@id":"https:\/\/www.niamoda.es\/#\/schema\/logo\/image\/"}}]}},"_links":{"self":[{"href":"https:\/\/www.niamoda.es\/index.php\/wp-json\/wp\/v2\/product\/5977","targetHints":{"allow":["GET"]}}],"collection":[{"href":"https:\/\/www.niamoda.es\/index.php\/wp-json\/wp\/v2\/product"}],"about":[{"href":"https:\/\/www.niamoda.es\/index.php\/wp-json\/wp\/v2\/types\/product"}],"replies":[{"embeddable":true,"href":"https:\/\/www.niamoda.es\/index.php\/wp-json\/wp\/v2\/comments?post=5977"}],"wp:featuredmedia":[{"embeddable":true,"href":"https:\/\/www.niamoda.es\/index.php\/wp-json\/wp\/v2\/media\/5980"}],"wp:attachment":[{"href":"https:\/\/www.niamoda.es\/index.php\/wp-json\/wp\/v2\/media?parent=5977"}],"wp:term":[{"taxonomy":"product_cat","embeddable":true,"href":"https:\/\/www.niamoda.es\/index.php\/wp-json\/wp\/v2\/product_cat?post=5977"},{"taxonomy":"product_tag","embeddable":true,"href":"https:\/\/www.niamoda.es\/index.php\/wp-json\/wp\/v2\/product_tag?post=5977"}],"curies":[{"name":"wp","href":"https:\/\/api.w.org\/{rel}","templated":true}]}}