{"id":5984,"date":"2025-05-09T15:58:17","date_gmt":"2025-05-09T15:58:17","guid":{"rendered":"https:\/\/www.niamoda.es\/?post_type=product&#038;p=5984"},"modified":"2025-12-16T11:40:35","modified_gmt":"2025-12-16T11:40:35","slug":"vestido-largo-blanco-con-detalles-gaudi-jeans","status":"publish","type":"product","link":"https:\/\/www.niamoda.es\/index.php\/producto\/vestido-largo-blanco-con-detalles-gaudi-jeans\/","title":{"rendered":"Vestido largo blanco con detalles Gaudi Jeans"},"content":{"rendered":"<article class=\"4ever-article\" data-clipboard-cangjie=\"[&quot;root&quot;,{&quot;copyFrom&quot;:1821447655},[&quot;p&quot;,{&quot;jc&quot;:&quot;left&quot;,&quot;ind&quot;:{},&quot;spacing&quot;:{}},[&quot;span&quot;,{&quot;data-type&quot;:&quot;text&quot;},[&quot;span&quot;,{&quot;color&quot;:&quot;rgb(0, 0, 0)&quot;,&quot;spacing&quot;:0.06,&quot;sz&quot;:10,&quot;szUnit&quot;:&quot;pt&quot;,&quot;data-type&quot;:&quot;leaf&quot;},&quot;Vestido Gaudi en blanco y franja vertical negra&quot;]]],[&quot;p&quot;,{&quot;jc&quot;:&quot;left&quot;,&quot;ind&quot;:{},&quot;spacing&quot;:{}},[&quot;span&quot;,{&quot;data-type&quot;:&quot;text&quot;},[&quot;span&quot;,{&quot;color&quot;:&quot;rgb(0, 0, 0)&quot;,&quot;spacing&quot;:0.06,&quot;sz&quot;:10,&quot;szUnit&quot;:&quot;pt&quot;,&quot;data-type&quot;:&quot;leaf&quot;},&quot;Vestido largo de mujer de georgette&quot;]]],[&quot;p&quot;,{&quot;jc&quot;:&quot;left&quot;,&quot;ind&quot;:{},&quot;spacing&quot;:{}},[&quot;span&quot;,{&quot;data-type&quot;:&quot;text&quot;},[&quot;span&quot;,{&quot;color&quot;:&quot;rgb(0, 0, 0)&quot;,&quot;spacing&quot;:0.06,&quot;sz&quot;:10,&quot;szUnit&quot;:&quot;pt&quot;,&quot;data-type&quot;:&quot;leaf&quot;},&quot;Detalle de color en contraste&quot;]]],[&quot;p&quot;,{&quot;jc&quot;:&quot;left&quot;,&quot;ind&quot;:{},&quot;spacing&quot;:{}},[&quot;span&quot;,{&quot;data-type&quot;:&quot;text&quot;},[&quot;span&quot;,{&quot;color&quot;:&quot;rgb(0, 0, 0)&quot;,&quot;spacing&quot;:0.06,&quot;sz&quot;:10,&quot;szUnit&quot;:&quot;pt&quot;,&quot;data-type&quot;:&quot;leaf&quot;},&quot;Falda plisada&quot;]]],[&quot;p&quot;,{&quot;jc&quot;:&quot;left&quot;,&quot;ind&quot;:{},&quot;spacing&quot;:{}},[&quot;span&quot;,{&quot;data-type&quot;:&quot;text&quot;},[&quot;span&quot;,{&quot;color&quot;:&quot;rgb(0, 0, 0)&quot;,&quot;spacing&quot;:0.06,&quot;sz&quot;:10,&quot;szUnit&quot;:&quot;pt&quot;,&quot;data-type&quot;:&quot;leaf&quot;},&quot;Cuello en V&quot;]]],[&quot;p&quot;,{&quot;jc&quot;:&quot;left&quot;,&quot;ind&quot;:{},&quot;spacing&quot;:{}},[&quot;span&quot;,{&quot;data-type&quot;:&quot;text&quot;},[&quot;span&quot;,{&quot;color&quot;:&quot;rgb(0, 0, 0)&quot;,&quot;spacing&quot;:0.06,&quot;sz&quot;:10,&quot;szUnit&quot;:&quot;pt&quot;,&quot;data-type&quot;:&quot;leaf&quot;},&quot;Mangas redondas&quot;]]],[&quot;p&quot;,{&quot;jc&quot;:&quot;left&quot;,&quot;ind&quot;:{},&quot;spacing&quot;:{}},[&quot;span&quot;,{&quot;data-type&quot;:&quot;text&quot;},[&quot;span&quot;,{&quot;color&quot;:&quot;rgb(0, 0, 0)&quot;,&quot;spacing&quot;:0.06,&quot;sz&quot;:10,&quot;szUnit&quot;:&quot;pt&quot;,&quot;data-type&quot;:&quot;leaf&quot;},&quot;Cintur\u00f3n de cadena con colgante joya&quot;]]],[&quot;p&quot;,{&quot;jc&quot;:&quot;left&quot;,&quot;ind&quot;:{},&quot;spacing&quot;:{}},[&quot;span&quot;,{&quot;data-type&quot;:&quot;text&quot;},[&quot;span&quot;,{&quot;color&quot;:&quot;rgb(0, 0, 0)&quot;,&quot;spacing&quot;:0.06,&quot;sz&quot;:10,&quot;szUnit&quot;:&quot;pt&quot;,&quot;data-type&quot;:&quot;leaf&quot;},&quot;Forro interior&quot;]]],[&quot;p&quot;,{&quot;jc&quot;:&quot;left&quot;,&quot;ind&quot;:{},&quot;spacing&quot;:{}},[&quot;span&quot;,{&quot;data-type&quot;:&quot;text&quot;},[&quot;span&quot;,{&quot;color&quot;:&quot;rgb(0, 0, 0)&quot;,&quot;spacing&quot;:0.06,&quot;sz&quot;:10,&quot;szUnit&quot;:&quot;pt&quot;,&quot;data-type&quot;:&quot;leaf&quot;},&quot;Un vestido que te har\u00e1 sentir \u00fanica y diferente a cada paso&quot;]]],[&quot;p&quot;,{&quot;jc&quot;:&quot;left&quot;,&quot;ind&quot;:{},&quot;spacing&quot;:{}},[&quot;span&quot;,{&quot;data-type&quot;:&quot;text&quot;},[&quot;span&quot;,{&quot;color&quot;:&quot;rgb(0, 0, 0)&quot;,&quot;spacing&quot;:0.06,&quot;sz&quot;:10,&quot;szUnit&quot;:&quot;pt&quot;,&quot;data-type&quot;:&quot;leaf&quot;},&quot;Ideal para cualquier evento u ocasi\u00f3n donde lucirlo&quot;]]]]\">Vestido\u00a0Gaudi\u00a0en\u00a0blanco\u00a0y\u00a0franja\u00a0vertical\u00a0negraVestido largo de mujer de georgette, detalle de color en contraste, falda plisada, cuello en V, mangas redondas, cintur\u00f3n de cadena con colgante joya, forro interior. Un vestido que te har\u00e1 sentir \u00fanica y diferente a cada paso. Ideal para cualquier evento u ocasi\u00f3n donde lucirlo.<\/p>\n<p>Composici\u00f3n: 100% poli\u00e9ster y forro 100% viscosa.<\/p>\n<p>Lavar a mano, no usar secadora y planchar m\u00e1ximo a 110 grados.<\/p>\n<p>Disponible \u00faltima unidad en talla 42 tallaje italiano ( preg\u00fantanos si tienes dudas)<\/p>\n<\/article>\n","protected":false},"excerpt":{"rendered":"<p>Vestido\u00a0Gaudi\u00a0en\u00a0blanco\u00a0y\u00a0franja\u00a0vertical\u00a0negraVestido largo de mujer de georgette, detalle de color en contraste, falda plisada, cuello en V, mangas redondas, cintur\u00f3n de cadena con colgante joya, forro interior. Un vestido que te har\u00e1 sentir \u00fanica y diferente a cada paso. Ideal para cualquier evento u ocasi\u00f3n donde lucirlo. Composici\u00f3n: 100% poli\u00e9ster y forro 100% viscosa. Lavar a [&hellip;]<\/p>\n","protected":false},"featured_media":5986,"comment_status":"open","ping_status":"closed","template":"","meta":{"_monsterinsights_skip_tracking":false,"_monsterinsights_sitenote_active":false,"_monsterinsights_sitenote_note":"","_monsterinsights_sitenote_category":0},"product_cat":[70,15,16,21],"product_tag":[113,66,99,95],"class_list":{"0":"post-5984","1":"product","2":"type-product","3":"status-publish","4":"has-post-thumbnail","6":"product_cat-vestidos","7":"product_cat-mujer","8":"product_cat-eventos","9":"product_cat-ofertas","10":"product_tag-eventos","11":"product_tag-mujer","12":"product_tag-ofertas","13":"product_tag-vestidos","15":"first","16":"instock","17":"sale","18":"sold-individually","19":"taxable","20":"shipping-taxable","21":"purchasable","22":"product-type-variable","23":"add-to-wishlist-after_add_to_cart"},"yoast_head":"<!-- This site is optimized with the Yoast SEO plugin v23.2 - https:\/\/yoast.com\/wordpress\/plugins\/seo\/ -->\n<title>Vestido largo blanco con detalles Gaudi Jeans - Nia Moda - Moda y Belleza<\/title>\n<meta name=\"robots\" content=\"index, follow, max-snippet:-1, max-image-preview:large, max-video-preview:-1\" \/>\n<link rel=\"canonical\" href=\"https:\/\/www.niamoda.es\/index.php\/producto\/vestido-largo-blanco-con-detalles-gaudi-jeans\/\" \/>\n<meta property=\"og:locale\" content=\"es_ES\" \/>\n<meta property=\"og:type\" content=\"article\" \/>\n<meta property=\"og:title\" content=\"Vestido largo blanco con detalles Gaudi Jeans - Nia Moda - Moda y Belleza\" \/>\n<meta property=\"og:description\" content=\"Vestido\u00a0Gaudi\u00a0en\u00a0blanco\u00a0y\u00a0franja\u00a0vertical\u00a0negraVestido largo de mujer de georgette, detalle de color en contraste, falda plisada, cuello en V, mangas redondas, cintur\u00f3n de cadena con colgante joya, forro interior. Un vestido que te har\u00e1 sentir \u00fanica y diferente a cada paso. Ideal para cualquier evento u ocasi\u00f3n donde lucirlo. Composici\u00f3n: 100% poli\u00e9ster y forro 100% viscosa. Lavar a [&hellip;]\" \/>\n<meta property=\"og:url\" content=\"https:\/\/www.niamoda.es\/index.php\/producto\/vestido-largo-blanco-con-detalles-gaudi-jeans\/\" \/>\n<meta property=\"og:site_name\" content=\"Nia Moda - Moda y Belleza\" \/>\n<meta property=\"article:modified_time\" content=\"2025-12-16T11:40:35+00:00\" \/>\n<meta property=\"og:image\" content=\"https:\/\/www.niamoda.es\/wp-content\/uploads\/2025\/05\/Blanco-Gaudi.png\" \/>\n\t<meta property=\"og:image:width\" content=\"800\" \/>\n\t<meta property=\"og:image:height\" content=\"1120\" \/>\n\t<meta property=\"og:image:type\" content=\"image\/png\" \/>\n<meta name=\"twitter:card\" content=\"summary_large_image\" \/>\n<meta name=\"twitter:label1\" content=\"Tiempo de lectura\" \/>\n\t<meta name=\"twitter:data1\" content=\"1 minuto\" \/>\n<script type=\"application\/ld+json\" class=\"yoast-schema-graph\">{\"@context\":\"https:\/\/schema.org\",\"@graph\":[{\"@type\":\"WebPage\",\"@id\":\"https:\/\/www.niamoda.es\/index.php\/producto\/vestido-largo-blanco-con-detalles-gaudi-jeans\/\",\"url\":\"https:\/\/www.niamoda.es\/index.php\/producto\/vestido-largo-blanco-con-detalles-gaudi-jeans\/\",\"name\":\"Vestido largo blanco con detalles Gaudi Jeans - Nia Moda - Moda y Belleza\",\"isPartOf\":{\"@id\":\"https:\/\/www.niamoda.es\/#website\"},\"primaryImageOfPage\":{\"@id\":\"https:\/\/www.niamoda.es\/index.php\/producto\/vestido-largo-blanco-con-detalles-gaudi-jeans\/#primaryimage\"},\"image\":{\"@id\":\"https:\/\/www.niamoda.es\/index.php\/producto\/vestido-largo-blanco-con-detalles-gaudi-jeans\/#primaryimage\"},\"thumbnailUrl\":\"https:\/\/www.niamoda.es\/wp-content\/uploads\/2025\/05\/Blanco-Gaudi.png\",\"datePublished\":\"2025-05-09T15:58:17+00:00\",\"dateModified\":\"2025-12-16T11:40:35+00:00\",\"breadcrumb\":{\"@id\":\"https:\/\/www.niamoda.es\/index.php\/producto\/vestido-largo-blanco-con-detalles-gaudi-jeans\/#breadcrumb\"},\"inLanguage\":\"es\",\"potentialAction\":[{\"@type\":\"ReadAction\",\"target\":[\"https:\/\/www.niamoda.es\/index.php\/producto\/vestido-largo-blanco-con-detalles-gaudi-jeans\/\"]}]},{\"@type\":\"ImageObject\",\"inLanguage\":\"es\",\"@id\":\"https:\/\/www.niamoda.es\/index.php\/producto\/vestido-largo-blanco-con-detalles-gaudi-jeans\/#primaryimage\",\"url\":\"https:\/\/www.niamoda.es\/wp-content\/uploads\/2025\/05\/Blanco-Gaudi.png\",\"contentUrl\":\"https:\/\/www.niamoda.es\/wp-content\/uploads\/2025\/05\/Blanco-Gaudi.png\",\"width\":800,\"height\":1120},{\"@type\":\"BreadcrumbList\",\"@id\":\"https:\/\/www.niamoda.es\/index.php\/producto\/vestido-largo-blanco-con-detalles-gaudi-jeans\/#breadcrumb\",\"itemListElement\":[{\"@type\":\"ListItem\",\"position\":1,\"name\":\"Portada\",\"item\":\"https:\/\/www.niamoda.es\/\"},{\"@type\":\"ListItem\",\"position\":2,\"name\":\"Tienda\",\"item\":\"https:\/\/www.niamoda.es\/index.php\/tienda\/\"},{\"@type\":\"ListItem\",\"position\":3,\"name\":\"Vestido largo blanco con detalles Gaudi Jeans\"}]},{\"@type\":\"WebSite\",\"@id\":\"https:\/\/www.niamoda.es\/#website\",\"url\":\"https:\/\/www.niamoda.es\/\",\"name\":\"Nia Moda - Moda y Belleza\",\"description\":\"\",\"publisher\":{\"@id\":\"https:\/\/www.niamoda.es\/#organization\"},\"potentialAction\":[{\"@type\":\"SearchAction\",\"target\":{\"@type\":\"EntryPoint\",\"urlTemplate\":\"https:\/\/www.niamoda.es\/?s={search_term_string}\"},\"query-input\":\"required name=search_term_string\"}],\"inLanguage\":\"es\"},{\"@type\":\"Organization\",\"@id\":\"https:\/\/www.niamoda.es\/#organization\",\"name\":\"N\u00ceA Moda&Belleza\",\"url\":\"https:\/\/www.niamoda.es\/\",\"logo\":{\"@type\":\"ImageObject\",\"inLanguage\":\"es\",\"@id\":\"https:\/\/www.niamoda.es\/#\/schema\/logo\/image\/\",\"url\":\"https:\/\/www.niamoda.es\/wp-content\/uploads\/2026\/03\/nialogo.jpg\",\"contentUrl\":\"https:\/\/www.niamoda.es\/wp-content\/uploads\/2026\/03\/nialogo.jpg\",\"width\":361,\"height\":242,\"caption\":\"N\u00ceA Moda&Belleza\"},\"image\":{\"@id\":\"https:\/\/www.niamoda.es\/#\/schema\/logo\/image\/\"}}]}<\/script>\n<!-- \/ Yoast SEO plugin. -->","yoast_head_json":{"title":"Vestido largo blanco con detalles Gaudi Jeans - Nia Moda - Moda y Belleza","robots":{"index":"index","follow":"follow","max-snippet":"max-snippet:-1","max-image-preview":"max-image-preview:large","max-video-preview":"max-video-preview:-1"},"canonical":"https:\/\/www.niamoda.es\/index.php\/producto\/vestido-largo-blanco-con-detalles-gaudi-jeans\/","og_locale":"es_ES","og_type":"article","og_title":"Vestido largo blanco con detalles Gaudi Jeans - Nia Moda - Moda y Belleza","og_description":"Vestido\u00a0Gaudi\u00a0en\u00a0blanco\u00a0y\u00a0franja\u00a0vertical\u00a0negraVestido largo de mujer de georgette, detalle de color en contraste, falda plisada, cuello en V, mangas redondas, cintur\u00f3n de cadena con colgante joya, forro interior. Un vestido que te har\u00e1 sentir \u00fanica y diferente a cada paso. Ideal para cualquier evento u ocasi\u00f3n donde lucirlo. Composici\u00f3n: 100% poli\u00e9ster y forro 100% viscosa. Lavar a [&hellip;]","og_url":"https:\/\/www.niamoda.es\/index.php\/producto\/vestido-largo-blanco-con-detalles-gaudi-jeans\/","og_site_name":"Nia Moda - Moda y Belleza","article_modified_time":"2025-12-16T11:40:35+00:00","og_image":[{"width":800,"height":1120,"url":"https:\/\/www.niamoda.es\/wp-content\/uploads\/2025\/05\/Blanco-Gaudi.png","type":"image\/png"}],"twitter_card":"summary_large_image","twitter_misc":{"Tiempo de lectura":"1 minuto"},"schema":{"@context":"https:\/\/schema.org","@graph":[{"@type":"WebPage","@id":"https:\/\/www.niamoda.es\/index.php\/producto\/vestido-largo-blanco-con-detalles-gaudi-jeans\/","url":"https:\/\/www.niamoda.es\/index.php\/producto\/vestido-largo-blanco-con-detalles-gaudi-jeans\/","name":"Vestido largo blanco con detalles Gaudi Jeans - Nia Moda - Moda y Belleza","isPartOf":{"@id":"https:\/\/www.niamoda.es\/#website"},"primaryImageOfPage":{"@id":"https:\/\/www.niamoda.es\/index.php\/producto\/vestido-largo-blanco-con-detalles-gaudi-jeans\/#primaryimage"},"image":{"@id":"https:\/\/www.niamoda.es\/index.php\/producto\/vestido-largo-blanco-con-detalles-gaudi-jeans\/#primaryimage"},"thumbnailUrl":"https:\/\/www.niamoda.es\/wp-content\/uploads\/2025\/05\/Blanco-Gaudi.png","datePublished":"2025-05-09T15:58:17+00:00","dateModified":"2025-12-16T11:40:35+00:00","breadcrumb":{"@id":"https:\/\/www.niamoda.es\/index.php\/producto\/vestido-largo-blanco-con-detalles-gaudi-jeans\/#breadcrumb"},"inLanguage":"es","potentialAction":[{"@type":"ReadAction","target":["https:\/\/www.niamoda.es\/index.php\/producto\/vestido-largo-blanco-con-detalles-gaudi-jeans\/"]}]},{"@type":"ImageObject","inLanguage":"es","@id":"https:\/\/www.niamoda.es\/index.php\/producto\/vestido-largo-blanco-con-detalles-gaudi-jeans\/#primaryimage","url":"https:\/\/www.niamoda.es\/wp-content\/uploads\/2025\/05\/Blanco-Gaudi.png","contentUrl":"https:\/\/www.niamoda.es\/wp-content\/uploads\/2025\/05\/Blanco-Gaudi.png","width":800,"height":1120},{"@type":"BreadcrumbList","@id":"https:\/\/www.niamoda.es\/index.php\/producto\/vestido-largo-blanco-con-detalles-gaudi-jeans\/#breadcrumb","itemListElement":[{"@type":"ListItem","position":1,"name":"Portada","item":"https:\/\/www.niamoda.es\/"},{"@type":"ListItem","position":2,"name":"Tienda","item":"https:\/\/www.niamoda.es\/index.php\/tienda\/"},{"@type":"ListItem","position":3,"name":"Vestido largo blanco con detalles Gaudi Jeans"}]},{"@type":"WebSite","@id":"https:\/\/www.niamoda.es\/#website","url":"https:\/\/www.niamoda.es\/","name":"Nia Moda - Moda y Belleza","description":"","publisher":{"@id":"https:\/\/www.niamoda.es\/#organization"},"potentialAction":[{"@type":"SearchAction","target":{"@type":"EntryPoint","urlTemplate":"https:\/\/www.niamoda.es\/?s={search_term_string}"},"query-input":"required name=search_term_string"}],"inLanguage":"es"},{"@type":"Organization","@id":"https:\/\/www.niamoda.es\/#organization","name":"N\u00ceA Moda&Belleza","url":"https:\/\/www.niamoda.es\/","logo":{"@type":"ImageObject","inLanguage":"es","@id":"https:\/\/www.niamoda.es\/#\/schema\/logo\/image\/","url":"https:\/\/www.niamoda.es\/wp-content\/uploads\/2026\/03\/nialogo.jpg","contentUrl":"https:\/\/www.niamoda.es\/wp-content\/uploads\/2026\/03\/nialogo.jpg","width":361,"height":242,"caption":"N\u00ceA Moda&Belleza"},"image":{"@id":"https:\/\/www.niamoda.es\/#\/schema\/logo\/image\/"}}]}},"_links":{"self":[{"href":"https:\/\/www.niamoda.es\/index.php\/wp-json\/wp\/v2\/product\/5984","targetHints":{"allow":["GET"]}}],"collection":[{"href":"https:\/\/www.niamoda.es\/index.php\/wp-json\/wp\/v2\/product"}],"about":[{"href":"https:\/\/www.niamoda.es\/index.php\/wp-json\/wp\/v2\/types\/product"}],"replies":[{"embeddable":true,"href":"https:\/\/www.niamoda.es\/index.php\/wp-json\/wp\/v2\/comments?post=5984"}],"wp:featuredmedia":[{"embeddable":true,"href":"https:\/\/www.niamoda.es\/index.php\/wp-json\/wp\/v2\/media\/5986"}],"wp:attachment":[{"href":"https:\/\/www.niamoda.es\/index.php\/wp-json\/wp\/v2\/media?parent=5984"}],"wp:term":[{"taxonomy":"product_cat","embeddable":true,"href":"https:\/\/www.niamoda.es\/index.php\/wp-json\/wp\/v2\/product_cat?post=5984"},{"taxonomy":"product_tag","embeddable":true,"href":"https:\/\/www.niamoda.es\/index.php\/wp-json\/wp\/v2\/product_tag?post=5984"}],"curies":[{"name":"wp","href":"https:\/\/api.w.org\/{rel}","templated":true}]}}