{"id":682,"date":"2024-10-28T18:29:59","date_gmt":"2024-10-28T18:29:59","guid":{"rendered":"https:\/\/www.niamoda.es\/?post_type=product&#038;p=682"},"modified":"2025-10-26T21:33:39","modified_gmt":"2025-10-26T21:33:39","slug":"jersey-over-cuello-redondo-y-removible-con-bolsillos","status":"publish","type":"product","link":"https:\/\/www.niamoda.es\/index.php\/producto\/jersey-over-cuello-redondo-y-removible-con-bolsillos\/","title":{"rendered":"Jersey Over cuello redondo y removible con bolsillos"},"content":{"rendered":"<p>Jersey Mimi-Mua AFAL-3617<\/p>\n<p>Jersey over con cuello redondo y removible con bolsillos, una prenda 2 en 1 gracias a su cuello removible y al abanico de posibilidades que te dar\u00e1 a la hora de elegir el look m\u00e1s adecuado.<\/p>\n<p>C\u00f3moda, agradable y c\u00e1lida para tu d\u00eda a d\u00eda, color favorecedor para darte colorido en esos d\u00edas nublados.<\/p>\n<p>Un indispensable en tu fondo de armario.<\/p>\n<p>Composici\u00f3n: 57% acr\u00edlico, 28% poli\u00e9ster y 15% poliamida.<\/p>\n<p>No usar secadora.<\/p>\n<p>Disponible en tallas: M y L<\/p>\n<p>Se recomienda pedir tu talla habitual pero recuerda que tiene corte Over.<\/p>\n","protected":false},"excerpt":{"rendered":"<p>Jersey Mimi-Mua AFAL-3617 Jersey over con cuello redondo y removible con bolsillos, una prenda 2 en 1 gracias a su cuello removible y al abanico de posibilidades que te dar\u00e1 a la hora de elegir el look m\u00e1s adecuado. C\u00f3moda, agradable y c\u00e1lida para tu d\u00eda a d\u00eda, color favorecedor para darte colorido en esos [&hellip;]<\/p>\n","protected":false},"featured_media":683,"comment_status":"open","ping_status":"closed","template":"","meta":{"_monsterinsights_skip_tracking":false,"_monsterinsights_sitenote_active":false,"_monsterinsights_sitenote_note":"","_monsterinsights_sitenote_category":0},"product_cat":[74,15,20],"product_tag":[77,66,67],"class_list":{"0":"post-682","1":"product","2":"type-product","3":"status-publish","4":"has-post-thumbnail","6":"product_cat-jersey","7":"product_cat-mujer","8":"product_cat-temporada","9":"product_tag-jersey","10":"product_tag-mujer","11":"product_tag-temporada","13":"first","14":"instock","15":"sale","16":"sold-individually","17":"taxable","18":"shipping-taxable","19":"purchasable","20":"product-type-variable","21":"add-to-wishlist-after_add_to_cart"},"yoast_head":"<!-- This site is optimized with the Yoast SEO plugin v23.2 - https:\/\/yoast.com\/wordpress\/plugins\/seo\/ -->\n<title>Jersey Over cuello redondo y removible con bolsillos - Nia Moda - Moda y Belleza<\/title>\n<meta name=\"robots\" content=\"index, follow, max-snippet:-1, max-image-preview:large, max-video-preview:-1\" \/>\n<link rel=\"canonical\" href=\"https:\/\/www.niamoda.es\/index.php\/producto\/jersey-over-cuello-redondo-y-removible-con-bolsillos\/\" \/>\n<meta property=\"og:locale\" content=\"es_ES\" \/>\n<meta property=\"og:type\" content=\"article\" \/>\n<meta property=\"og:title\" content=\"Jersey Over cuello redondo y removible con bolsillos - Nia Moda - Moda y Belleza\" \/>\n<meta property=\"og:description\" content=\"Jersey Mimi-Mua AFAL-3617 Jersey over con cuello redondo y removible con bolsillos, una prenda 2 en 1 gracias a su cuello removible y al abanico de posibilidades que te dar\u00e1 a la hora de elegir el look m\u00e1s adecuado. C\u00f3moda, agradable y c\u00e1lida para tu d\u00eda a d\u00eda, color favorecedor para darte colorido en esos [&hellip;]\" \/>\n<meta property=\"og:url\" content=\"https:\/\/www.niamoda.es\/index.php\/producto\/jersey-over-cuello-redondo-y-removible-con-bolsillos\/\" \/>\n<meta property=\"og:site_name\" content=\"Nia Moda - Moda y Belleza\" \/>\n<meta property=\"article:modified_time\" content=\"2025-10-26T21:33:39+00:00\" \/>\n<meta property=\"og:image\" content=\"https:\/\/www.niamoda.es\/wp-content\/uploads\/2024\/10\/AFAL-3617_567_01.jpg\" \/>\n\t<meta property=\"og:image:width\" content=\"1000\" \/>\n\t<meta property=\"og:image:height\" content=\"1500\" \/>\n\t<meta property=\"og:image:type\" content=\"image\/jpeg\" \/>\n<meta name=\"twitter:card\" content=\"summary_large_image\" \/>\n<meta name=\"twitter:label1\" content=\"Tiempo de lectura\" \/>\n\t<meta name=\"twitter:data1\" content=\"1 minuto\" \/>\n<script type=\"application\/ld+json\" class=\"yoast-schema-graph\">{\"@context\":\"https:\/\/schema.org\",\"@graph\":[{\"@type\":\"WebPage\",\"@id\":\"https:\/\/www.niamoda.es\/index.php\/producto\/jersey-over-cuello-redondo-y-removible-con-bolsillos\/\",\"url\":\"https:\/\/www.niamoda.es\/index.php\/producto\/jersey-over-cuello-redondo-y-removible-con-bolsillos\/\",\"name\":\"Jersey Over cuello redondo y removible con bolsillos - Nia Moda - Moda y Belleza\",\"isPartOf\":{\"@id\":\"https:\/\/www.niamoda.es\/#website\"},\"primaryImageOfPage\":{\"@id\":\"https:\/\/www.niamoda.es\/index.php\/producto\/jersey-over-cuello-redondo-y-removible-con-bolsillos\/#primaryimage\"},\"image\":{\"@id\":\"https:\/\/www.niamoda.es\/index.php\/producto\/jersey-over-cuello-redondo-y-removible-con-bolsillos\/#primaryimage\"},\"thumbnailUrl\":\"https:\/\/www.niamoda.es\/wp-content\/uploads\/2024\/10\/AFAL-3617_567_01.jpg\",\"datePublished\":\"2024-10-28T18:29:59+00:00\",\"dateModified\":\"2025-10-26T21:33:39+00:00\",\"breadcrumb\":{\"@id\":\"https:\/\/www.niamoda.es\/index.php\/producto\/jersey-over-cuello-redondo-y-removible-con-bolsillos\/#breadcrumb\"},\"inLanguage\":\"es\",\"potentialAction\":[{\"@type\":\"ReadAction\",\"target\":[\"https:\/\/www.niamoda.es\/index.php\/producto\/jersey-over-cuello-redondo-y-removible-con-bolsillos\/\"]}]},{\"@type\":\"ImageObject\",\"inLanguage\":\"es\",\"@id\":\"https:\/\/www.niamoda.es\/index.php\/producto\/jersey-over-cuello-redondo-y-removible-con-bolsillos\/#primaryimage\",\"url\":\"https:\/\/www.niamoda.es\/wp-content\/uploads\/2024\/10\/AFAL-3617_567_01.jpg\",\"contentUrl\":\"https:\/\/www.niamoda.es\/wp-content\/uploads\/2024\/10\/AFAL-3617_567_01.jpg\",\"width\":1000,\"height\":1500},{\"@type\":\"BreadcrumbList\",\"@id\":\"https:\/\/www.niamoda.es\/index.php\/producto\/jersey-over-cuello-redondo-y-removible-con-bolsillos\/#breadcrumb\",\"itemListElement\":[{\"@type\":\"ListItem\",\"position\":1,\"name\":\"Portada\",\"item\":\"https:\/\/www.niamoda.es\/\"},{\"@type\":\"ListItem\",\"position\":2,\"name\":\"Tienda\",\"item\":\"https:\/\/www.niamoda.es\/index.php\/tienda\/\"},{\"@type\":\"ListItem\",\"position\":3,\"name\":\"Jersey Over cuello redondo y removible con bolsillos\"}]},{\"@type\":\"WebSite\",\"@id\":\"https:\/\/www.niamoda.es\/#website\",\"url\":\"https:\/\/www.niamoda.es\/\",\"name\":\"Nia Moda - Moda y Belleza\",\"description\":\"\",\"publisher\":{\"@id\":\"https:\/\/www.niamoda.es\/#organization\"},\"potentialAction\":[{\"@type\":\"SearchAction\",\"target\":{\"@type\":\"EntryPoint\",\"urlTemplate\":\"https:\/\/www.niamoda.es\/?s={search_term_string}\"},\"query-input\":\"required name=search_term_string\"}],\"inLanguage\":\"es\"},{\"@type\":\"Organization\",\"@id\":\"https:\/\/www.niamoda.es\/#organization\",\"name\":\"N\u00ceA Moda&Belleza\",\"url\":\"https:\/\/www.niamoda.es\/\",\"logo\":{\"@type\":\"ImageObject\",\"inLanguage\":\"es\",\"@id\":\"https:\/\/www.niamoda.es\/#\/schema\/logo\/image\/\",\"url\":\"https:\/\/www.niamoda.es\/wp-content\/uploads\/2026\/03\/nialogo.jpg\",\"contentUrl\":\"https:\/\/www.niamoda.es\/wp-content\/uploads\/2026\/03\/nialogo.jpg\",\"width\":361,\"height\":242,\"caption\":\"N\u00ceA Moda&Belleza\"},\"image\":{\"@id\":\"https:\/\/www.niamoda.es\/#\/schema\/logo\/image\/\"}}]}<\/script>\n<!-- \/ Yoast SEO plugin. -->","yoast_head_json":{"title":"Jersey Over cuello redondo y removible con bolsillos - Nia Moda - Moda y Belleza","robots":{"index":"index","follow":"follow","max-snippet":"max-snippet:-1","max-image-preview":"max-image-preview:large","max-video-preview":"max-video-preview:-1"},"canonical":"https:\/\/www.niamoda.es\/index.php\/producto\/jersey-over-cuello-redondo-y-removible-con-bolsillos\/","og_locale":"es_ES","og_type":"article","og_title":"Jersey Over cuello redondo y removible con bolsillos - Nia Moda - Moda y Belleza","og_description":"Jersey Mimi-Mua AFAL-3617 Jersey over con cuello redondo y removible con bolsillos, una prenda 2 en 1 gracias a su cuello removible y al abanico de posibilidades que te dar\u00e1 a la hora de elegir el look m\u00e1s adecuado. C\u00f3moda, agradable y c\u00e1lida para tu d\u00eda a d\u00eda, color favorecedor para darte colorido en esos [&hellip;]","og_url":"https:\/\/www.niamoda.es\/index.php\/producto\/jersey-over-cuello-redondo-y-removible-con-bolsillos\/","og_site_name":"Nia Moda - Moda y Belleza","article_modified_time":"2025-10-26T21:33:39+00:00","og_image":[{"width":1000,"height":1500,"url":"https:\/\/www.niamoda.es\/wp-content\/uploads\/2024\/10\/AFAL-3617_567_01.jpg","type":"image\/jpeg"}],"twitter_card":"summary_large_image","twitter_misc":{"Tiempo de lectura":"1 minuto"},"schema":{"@context":"https:\/\/schema.org","@graph":[{"@type":"WebPage","@id":"https:\/\/www.niamoda.es\/index.php\/producto\/jersey-over-cuello-redondo-y-removible-con-bolsillos\/","url":"https:\/\/www.niamoda.es\/index.php\/producto\/jersey-over-cuello-redondo-y-removible-con-bolsillos\/","name":"Jersey Over cuello redondo y removible con bolsillos - Nia Moda - Moda y Belleza","isPartOf":{"@id":"https:\/\/www.niamoda.es\/#website"},"primaryImageOfPage":{"@id":"https:\/\/www.niamoda.es\/index.php\/producto\/jersey-over-cuello-redondo-y-removible-con-bolsillos\/#primaryimage"},"image":{"@id":"https:\/\/www.niamoda.es\/index.php\/producto\/jersey-over-cuello-redondo-y-removible-con-bolsillos\/#primaryimage"},"thumbnailUrl":"https:\/\/www.niamoda.es\/wp-content\/uploads\/2024\/10\/AFAL-3617_567_01.jpg","datePublished":"2024-10-28T18:29:59+00:00","dateModified":"2025-10-26T21:33:39+00:00","breadcrumb":{"@id":"https:\/\/www.niamoda.es\/index.php\/producto\/jersey-over-cuello-redondo-y-removible-con-bolsillos\/#breadcrumb"},"inLanguage":"es","potentialAction":[{"@type":"ReadAction","target":["https:\/\/www.niamoda.es\/index.php\/producto\/jersey-over-cuello-redondo-y-removible-con-bolsillos\/"]}]},{"@type":"ImageObject","inLanguage":"es","@id":"https:\/\/www.niamoda.es\/index.php\/producto\/jersey-over-cuello-redondo-y-removible-con-bolsillos\/#primaryimage","url":"https:\/\/www.niamoda.es\/wp-content\/uploads\/2024\/10\/AFAL-3617_567_01.jpg","contentUrl":"https:\/\/www.niamoda.es\/wp-content\/uploads\/2024\/10\/AFAL-3617_567_01.jpg","width":1000,"height":1500},{"@type":"BreadcrumbList","@id":"https:\/\/www.niamoda.es\/index.php\/producto\/jersey-over-cuello-redondo-y-removible-con-bolsillos\/#breadcrumb","itemListElement":[{"@type":"ListItem","position":1,"name":"Portada","item":"https:\/\/www.niamoda.es\/"},{"@type":"ListItem","position":2,"name":"Tienda","item":"https:\/\/www.niamoda.es\/index.php\/tienda\/"},{"@type":"ListItem","position":3,"name":"Jersey Over cuello redondo y removible con bolsillos"}]},{"@type":"WebSite","@id":"https:\/\/www.niamoda.es\/#website","url":"https:\/\/www.niamoda.es\/","name":"Nia Moda - Moda y Belleza","description":"","publisher":{"@id":"https:\/\/www.niamoda.es\/#organization"},"potentialAction":[{"@type":"SearchAction","target":{"@type":"EntryPoint","urlTemplate":"https:\/\/www.niamoda.es\/?s={search_term_string}"},"query-input":"required name=search_term_string"}],"inLanguage":"es"},{"@type":"Organization","@id":"https:\/\/www.niamoda.es\/#organization","name":"N\u00ceA Moda&Belleza","url":"https:\/\/www.niamoda.es\/","logo":{"@type":"ImageObject","inLanguage":"es","@id":"https:\/\/www.niamoda.es\/#\/schema\/logo\/image\/","url":"https:\/\/www.niamoda.es\/wp-content\/uploads\/2026\/03\/nialogo.jpg","contentUrl":"https:\/\/www.niamoda.es\/wp-content\/uploads\/2026\/03\/nialogo.jpg","width":361,"height":242,"caption":"N\u00ceA Moda&Belleza"},"image":{"@id":"https:\/\/www.niamoda.es\/#\/schema\/logo\/image\/"}}]}},"_links":{"self":[{"href":"https:\/\/www.niamoda.es\/index.php\/wp-json\/wp\/v2\/product\/682","targetHints":{"allow":["GET"]}}],"collection":[{"href":"https:\/\/www.niamoda.es\/index.php\/wp-json\/wp\/v2\/product"}],"about":[{"href":"https:\/\/www.niamoda.es\/index.php\/wp-json\/wp\/v2\/types\/product"}],"replies":[{"embeddable":true,"href":"https:\/\/www.niamoda.es\/index.php\/wp-json\/wp\/v2\/comments?post=682"}],"wp:featuredmedia":[{"embeddable":true,"href":"https:\/\/www.niamoda.es\/index.php\/wp-json\/wp\/v2\/media\/683"}],"wp:attachment":[{"href":"https:\/\/www.niamoda.es\/index.php\/wp-json\/wp\/v2\/media?parent=682"}],"wp:term":[{"taxonomy":"product_cat","embeddable":true,"href":"https:\/\/www.niamoda.es\/index.php\/wp-json\/wp\/v2\/product_cat?post=682"},{"taxonomy":"product_tag","embeddable":true,"href":"https:\/\/www.niamoda.es\/index.php\/wp-json\/wp\/v2\/product_tag?post=682"}],"curies":[{"name":"wp","href":"https:\/\/api.w.org\/{rel}","templated":true}]}}