{"id":695,"date":"2024-10-28T18:48:40","date_gmt":"2024-10-28T18:48:40","guid":{"rendered":"https:\/\/www.niamoda.es\/?post_type=product&#038;p=695"},"modified":"2025-09-20T18:43:33","modified_gmt":"2025-09-20T18:43:33","slug":"jersey-vestido-con-contraste-en-los-bordes","status":"publish","type":"product","link":"https:\/\/www.niamoda.es\/index.php\/producto\/jersey-vestido-con-contraste-en-los-bordes\/","title":{"rendered":"Jersey\/vestido con contraste en los bordes"},"content":{"rendered":"<p>Jersey\/vestido Mimi-Mua AFAL-3630<\/p>\n<p>Jersey largo tipo vestido con bordes en contraste, cuello redondo y posibilidad de ajustar su cuello removible y darle m\u00e1s posibilidades a una prenda especial y diferente.<\/p>\n<p>Con apertura lateral en el lado izquierdo.<\/p>\n<p>F\u00e1cil de combinar, c\u00f3moda, agradable y c\u00e1lida.<\/p>\n<p>Composici\u00f3n: 80% viscosa y 20% poli\u00e9ster<\/p>\n<p>No usar secadora<\/p>\n<p>Disponible en tallas: S, M y L.<\/p>\n<p>Se recomienda pedir tu talla habitual.<\/p>\n<p>&nbsp;<\/p>\n","protected":false},"excerpt":{"rendered":"<p>Jersey\/vestido Mimi-Mua AFAL-3630 Jersey largo tipo vestido con bordes en contraste, cuello redondo y posibilidad de ajustar su cuello removible y darle m\u00e1s posibilidades a una prenda especial y diferente. Con apertura lateral en el lado izquierdo. F\u00e1cil de combinar, c\u00f3moda, agradable y c\u00e1lida. Composici\u00f3n: 80% viscosa y 20% poli\u00e9ster No usar secadora Disponible en [&hellip;]<\/p>\n","protected":false},"featured_media":696,"comment_status":"open","ping_status":"closed","template":"","meta":{"_monsterinsights_skip_tracking":false,"_monsterinsights_sitenote_active":false,"_monsterinsights_sitenote_note":"","_monsterinsights_sitenote_category":0},"product_cat":[74,15,21,20],"product_tag":[77,66,99,67],"class_list":{"0":"post-695","1":"product","2":"type-product","3":"status-publish","4":"has-post-thumbnail","6":"product_cat-jersey","7":"product_cat-mujer","8":"product_cat-ofertas","9":"product_cat-temporada","10":"product_tag-jersey","11":"product_tag-mujer","12":"product_tag-ofertas","13":"product_tag-temporada","15":"first","16":"instock","17":"sale","18":"sold-individually","19":"taxable","20":"shipping-taxable","21":"purchasable","22":"product-type-variable","23":"add-to-wishlist-after_add_to_cart"},"yoast_head":"<!-- This site is optimized with the Yoast SEO plugin v23.2 - https:\/\/yoast.com\/wordpress\/plugins\/seo\/ -->\n<title>Jersey\/vestido con contraste en los bordes - Nia Moda - Moda y Belleza<\/title>\n<meta name=\"robots\" content=\"index, follow, max-snippet:-1, max-image-preview:large, max-video-preview:-1\" \/>\n<link rel=\"canonical\" href=\"https:\/\/www.niamoda.es\/index.php\/producto\/jersey-vestido-con-contraste-en-los-bordes\/\" \/>\n<meta property=\"og:locale\" content=\"es_ES\" \/>\n<meta property=\"og:type\" content=\"article\" \/>\n<meta property=\"og:title\" content=\"Jersey\/vestido con contraste en los bordes - Nia Moda - Moda y Belleza\" \/>\n<meta property=\"og:description\" content=\"Jersey\/vestido Mimi-Mua AFAL-3630 Jersey largo tipo vestido con bordes en contraste, cuello redondo y posibilidad de ajustar su cuello removible y darle m\u00e1s posibilidades a una prenda especial y diferente. Con apertura lateral en el lado izquierdo. F\u00e1cil de combinar, c\u00f3moda, agradable y c\u00e1lida. Composici\u00f3n: 80% viscosa y 20% poli\u00e9ster No usar secadora Disponible en [&hellip;]\" \/>\n<meta property=\"og:url\" content=\"https:\/\/www.niamoda.es\/index.php\/producto\/jersey-vestido-con-contraste-en-los-bordes\/\" \/>\n<meta property=\"og:site_name\" content=\"Nia Moda - Moda y Belleza\" \/>\n<meta property=\"article:modified_time\" content=\"2025-09-20T18:43:33+00:00\" \/>\n<meta property=\"og:image\" content=\"https:\/\/www.niamoda.es\/wp-content\/uploads\/2024\/10\/AFAL-3630_646.jpg\" \/>\n\t<meta property=\"og:image:width\" content=\"1000\" \/>\n\t<meta property=\"og:image:height\" content=\"1500\" \/>\n\t<meta property=\"og:image:type\" content=\"image\/jpeg\" \/>\n<meta name=\"twitter:card\" content=\"summary_large_image\" \/>\n<meta name=\"twitter:label1\" content=\"Tiempo de lectura\" \/>\n\t<meta name=\"twitter:data1\" content=\"1 minuto\" \/>\n<script type=\"application\/ld+json\" class=\"yoast-schema-graph\">{\"@context\":\"https:\/\/schema.org\",\"@graph\":[{\"@type\":\"WebPage\",\"@id\":\"https:\/\/www.niamoda.es\/index.php\/producto\/jersey-vestido-con-contraste-en-los-bordes\/\",\"url\":\"https:\/\/www.niamoda.es\/index.php\/producto\/jersey-vestido-con-contraste-en-los-bordes\/\",\"name\":\"Jersey\/vestido con contraste en los bordes - Nia Moda - Moda y Belleza\",\"isPartOf\":{\"@id\":\"https:\/\/www.niamoda.es\/#website\"},\"primaryImageOfPage\":{\"@id\":\"https:\/\/www.niamoda.es\/index.php\/producto\/jersey-vestido-con-contraste-en-los-bordes\/#primaryimage\"},\"image\":{\"@id\":\"https:\/\/www.niamoda.es\/index.php\/producto\/jersey-vestido-con-contraste-en-los-bordes\/#primaryimage\"},\"thumbnailUrl\":\"https:\/\/www.niamoda.es\/wp-content\/uploads\/2024\/10\/AFAL-3630_646.jpg\",\"datePublished\":\"2024-10-28T18:48:40+00:00\",\"dateModified\":\"2025-09-20T18:43:33+00:00\",\"breadcrumb\":{\"@id\":\"https:\/\/www.niamoda.es\/index.php\/producto\/jersey-vestido-con-contraste-en-los-bordes\/#breadcrumb\"},\"inLanguage\":\"es\",\"potentialAction\":[{\"@type\":\"ReadAction\",\"target\":[\"https:\/\/www.niamoda.es\/index.php\/producto\/jersey-vestido-con-contraste-en-los-bordes\/\"]}]},{\"@type\":\"ImageObject\",\"inLanguage\":\"es\",\"@id\":\"https:\/\/www.niamoda.es\/index.php\/producto\/jersey-vestido-con-contraste-en-los-bordes\/#primaryimage\",\"url\":\"https:\/\/www.niamoda.es\/wp-content\/uploads\/2024\/10\/AFAL-3630_646.jpg\",\"contentUrl\":\"https:\/\/www.niamoda.es\/wp-content\/uploads\/2024\/10\/AFAL-3630_646.jpg\",\"width\":1000,\"height\":1500},{\"@type\":\"BreadcrumbList\",\"@id\":\"https:\/\/www.niamoda.es\/index.php\/producto\/jersey-vestido-con-contraste-en-los-bordes\/#breadcrumb\",\"itemListElement\":[{\"@type\":\"ListItem\",\"position\":1,\"name\":\"Portada\",\"item\":\"https:\/\/www.niamoda.es\/\"},{\"@type\":\"ListItem\",\"position\":2,\"name\":\"Tienda\",\"item\":\"https:\/\/www.niamoda.es\/index.php\/tienda\/\"},{\"@type\":\"ListItem\",\"position\":3,\"name\":\"Jersey\/vestido con contraste en los bordes\"}]},{\"@type\":\"WebSite\",\"@id\":\"https:\/\/www.niamoda.es\/#website\",\"url\":\"https:\/\/www.niamoda.es\/\",\"name\":\"Nia Moda - Moda y Belleza\",\"description\":\"\",\"publisher\":{\"@id\":\"https:\/\/www.niamoda.es\/#organization\"},\"potentialAction\":[{\"@type\":\"SearchAction\",\"target\":{\"@type\":\"EntryPoint\",\"urlTemplate\":\"https:\/\/www.niamoda.es\/?s={search_term_string}\"},\"query-input\":\"required name=search_term_string\"}],\"inLanguage\":\"es\"},{\"@type\":\"Organization\",\"@id\":\"https:\/\/www.niamoda.es\/#organization\",\"name\":\"N\u00ceA Moda&Belleza\",\"url\":\"https:\/\/www.niamoda.es\/\",\"logo\":{\"@type\":\"ImageObject\",\"inLanguage\":\"es\",\"@id\":\"https:\/\/www.niamoda.es\/#\/schema\/logo\/image\/\",\"url\":\"https:\/\/www.niamoda.es\/wp-content\/uploads\/2026\/03\/nialogo.jpg\",\"contentUrl\":\"https:\/\/www.niamoda.es\/wp-content\/uploads\/2026\/03\/nialogo.jpg\",\"width\":361,\"height\":242,\"caption\":\"N\u00ceA Moda&Belleza\"},\"image\":{\"@id\":\"https:\/\/www.niamoda.es\/#\/schema\/logo\/image\/\"}}]}<\/script>\n<!-- \/ Yoast SEO plugin. -->","yoast_head_json":{"title":"Jersey\/vestido con contraste en los bordes - Nia Moda - Moda y Belleza","robots":{"index":"index","follow":"follow","max-snippet":"max-snippet:-1","max-image-preview":"max-image-preview:large","max-video-preview":"max-video-preview:-1"},"canonical":"https:\/\/www.niamoda.es\/index.php\/producto\/jersey-vestido-con-contraste-en-los-bordes\/","og_locale":"es_ES","og_type":"article","og_title":"Jersey\/vestido con contraste en los bordes - Nia Moda - Moda y Belleza","og_description":"Jersey\/vestido Mimi-Mua AFAL-3630 Jersey largo tipo vestido con bordes en contraste, cuello redondo y posibilidad de ajustar su cuello removible y darle m\u00e1s posibilidades a una prenda especial y diferente. Con apertura lateral en el lado izquierdo. F\u00e1cil de combinar, c\u00f3moda, agradable y c\u00e1lida. Composici\u00f3n: 80% viscosa y 20% poli\u00e9ster No usar secadora Disponible en [&hellip;]","og_url":"https:\/\/www.niamoda.es\/index.php\/producto\/jersey-vestido-con-contraste-en-los-bordes\/","og_site_name":"Nia Moda - Moda y Belleza","article_modified_time":"2025-09-20T18:43:33+00:00","og_image":[{"width":1000,"height":1500,"url":"https:\/\/www.niamoda.es\/wp-content\/uploads\/2024\/10\/AFAL-3630_646.jpg","type":"image\/jpeg"}],"twitter_card":"summary_large_image","twitter_misc":{"Tiempo de lectura":"1 minuto"},"schema":{"@context":"https:\/\/schema.org","@graph":[{"@type":"WebPage","@id":"https:\/\/www.niamoda.es\/index.php\/producto\/jersey-vestido-con-contraste-en-los-bordes\/","url":"https:\/\/www.niamoda.es\/index.php\/producto\/jersey-vestido-con-contraste-en-los-bordes\/","name":"Jersey\/vestido con contraste en los bordes - Nia Moda - Moda y Belleza","isPartOf":{"@id":"https:\/\/www.niamoda.es\/#website"},"primaryImageOfPage":{"@id":"https:\/\/www.niamoda.es\/index.php\/producto\/jersey-vestido-con-contraste-en-los-bordes\/#primaryimage"},"image":{"@id":"https:\/\/www.niamoda.es\/index.php\/producto\/jersey-vestido-con-contraste-en-los-bordes\/#primaryimage"},"thumbnailUrl":"https:\/\/www.niamoda.es\/wp-content\/uploads\/2024\/10\/AFAL-3630_646.jpg","datePublished":"2024-10-28T18:48:40+00:00","dateModified":"2025-09-20T18:43:33+00:00","breadcrumb":{"@id":"https:\/\/www.niamoda.es\/index.php\/producto\/jersey-vestido-con-contraste-en-los-bordes\/#breadcrumb"},"inLanguage":"es","potentialAction":[{"@type":"ReadAction","target":["https:\/\/www.niamoda.es\/index.php\/producto\/jersey-vestido-con-contraste-en-los-bordes\/"]}]},{"@type":"ImageObject","inLanguage":"es","@id":"https:\/\/www.niamoda.es\/index.php\/producto\/jersey-vestido-con-contraste-en-los-bordes\/#primaryimage","url":"https:\/\/www.niamoda.es\/wp-content\/uploads\/2024\/10\/AFAL-3630_646.jpg","contentUrl":"https:\/\/www.niamoda.es\/wp-content\/uploads\/2024\/10\/AFAL-3630_646.jpg","width":1000,"height":1500},{"@type":"BreadcrumbList","@id":"https:\/\/www.niamoda.es\/index.php\/producto\/jersey-vestido-con-contraste-en-los-bordes\/#breadcrumb","itemListElement":[{"@type":"ListItem","position":1,"name":"Portada","item":"https:\/\/www.niamoda.es\/"},{"@type":"ListItem","position":2,"name":"Tienda","item":"https:\/\/www.niamoda.es\/index.php\/tienda\/"},{"@type":"ListItem","position":3,"name":"Jersey\/vestido con contraste en los bordes"}]},{"@type":"WebSite","@id":"https:\/\/www.niamoda.es\/#website","url":"https:\/\/www.niamoda.es\/","name":"Nia Moda - Moda y Belleza","description":"","publisher":{"@id":"https:\/\/www.niamoda.es\/#organization"},"potentialAction":[{"@type":"SearchAction","target":{"@type":"EntryPoint","urlTemplate":"https:\/\/www.niamoda.es\/?s={search_term_string}"},"query-input":"required name=search_term_string"}],"inLanguage":"es"},{"@type":"Organization","@id":"https:\/\/www.niamoda.es\/#organization","name":"N\u00ceA Moda&Belleza","url":"https:\/\/www.niamoda.es\/","logo":{"@type":"ImageObject","inLanguage":"es","@id":"https:\/\/www.niamoda.es\/#\/schema\/logo\/image\/","url":"https:\/\/www.niamoda.es\/wp-content\/uploads\/2026\/03\/nialogo.jpg","contentUrl":"https:\/\/www.niamoda.es\/wp-content\/uploads\/2026\/03\/nialogo.jpg","width":361,"height":242,"caption":"N\u00ceA Moda&Belleza"},"image":{"@id":"https:\/\/www.niamoda.es\/#\/schema\/logo\/image\/"}}]}},"_links":{"self":[{"href":"https:\/\/www.niamoda.es\/index.php\/wp-json\/wp\/v2\/product\/695","targetHints":{"allow":["GET"]}}],"collection":[{"href":"https:\/\/www.niamoda.es\/index.php\/wp-json\/wp\/v2\/product"}],"about":[{"href":"https:\/\/www.niamoda.es\/index.php\/wp-json\/wp\/v2\/types\/product"}],"replies":[{"embeddable":true,"href":"https:\/\/www.niamoda.es\/index.php\/wp-json\/wp\/v2\/comments?post=695"}],"wp:featuredmedia":[{"embeddable":true,"href":"https:\/\/www.niamoda.es\/index.php\/wp-json\/wp\/v2\/media\/696"}],"wp:attachment":[{"href":"https:\/\/www.niamoda.es\/index.php\/wp-json\/wp\/v2\/media?parent=695"}],"wp:term":[{"taxonomy":"product_cat","embeddable":true,"href":"https:\/\/www.niamoda.es\/index.php\/wp-json\/wp\/v2\/product_cat?post=695"},{"taxonomy":"product_tag","embeddable":true,"href":"https:\/\/www.niamoda.es\/index.php\/wp-json\/wp\/v2\/product_tag?post=695"}],"curies":[{"name":"wp","href":"https:\/\/api.w.org\/{rel}","templated":true}]}}