{"id":7082,"date":"2025-09-23T10:07:39","date_gmt":"2025-09-23T10:07:39","guid":{"rendered":"https:\/\/www.niamoda.es\/?post_type=product&#038;p=7082"},"modified":"2026-01-05T16:49:17","modified_gmt":"2026-01-05T16:49:17","slug":"vestido-vern-panambi","status":"publish","type":"product","link":"https:\/\/www.niamoda.es\/index.php\/producto\/vestido-vern-panambi\/","title":{"rendered":"Vestido Vern Panambi"},"content":{"rendered":"<p>Vestido Panambi modelo Ve-Vern<\/p>\n<div class=\"productView-moreItem scroll-trigger animate--slide-in\">\n<div class=\"productView-desc halo-text-format\">\n<p data-start=\"176\" data-end=\"430\">Este vestido es una declaraci\u00f3n de elegancia contempor\u00e1nea con car\u00e1cter arquitect\u00f3nico. Dise\u00f1ado en un tono azul profundo, su silueta alargada estiliza la figura mientras que los detalles estructurados en los hombros aportan fuerza y distinci\u00f3n.<\/p>\n<p data-start=\"432\" data-end=\"743\">El cuerpo del vestido combina texturas: un elegante panel de jacquard geom\u00e9trico en el busto y la cintura contrasta sutilmente con la suavidad del tejido liso, esculpiendo visualmente la silueta. La abertura frontal en la falda aporta un toque de sensualidad equilibrado con la sobriedad de las mangas largas.<\/p>\n<p data-start=\"745\" data-end=\"848\">Perfecto para eventos de noche, galas o celebraciones donde se busca sofisticaci\u00f3n con un giro moderno.<\/p>\n<p data-start=\"745\" data-end=\"848\">Composici\u00f3n: 100% poli\u00e9ster.<\/p>\n<p data-start=\"745\" data-end=\"848\">Lavar a mano y no usar secadora.<\/p>\n<p data-start=\"745\" data-end=\"848\">Disponible en tallas: 42 y 44.<\/p>\n<\/div>\n<\/div>\n","protected":false},"excerpt":{"rendered":"<p>Vestido Panambi modelo Ve-Vern Este vestido es una declaraci\u00f3n de elegancia contempor\u00e1nea con car\u00e1cter arquitect\u00f3nico. Dise\u00f1ado en un tono azul profundo, su silueta alargada estiliza la figura mientras que los detalles estructurados en los hombros aportan fuerza y distinci\u00f3n. El cuerpo del vestido combina texturas: un elegante panel de jacquard geom\u00e9trico en el busto y [&hellip;]<\/p>\n","protected":false},"featured_media":7085,"comment_status":"open","ping_status":"closed","template":"","meta":{"_monsterinsights_skip_tracking":false,"_monsterinsights_sitenote_active":false,"_monsterinsights_sitenote_note":"","_monsterinsights_sitenote_category":0},"product_cat":[70,15,16,20],"product_tag":[113,66,67,95],"class_list":{"0":"post-7082","1":"product","2":"type-product","3":"status-publish","4":"has-post-thumbnail","6":"product_cat-vestidos","7":"product_cat-mujer","8":"product_cat-eventos","9":"product_cat-temporada","10":"product_tag-eventos","11":"product_tag-mujer","12":"product_tag-temporada","13":"product_tag-vestidos","15":"first","16":"instock","17":"sale","18":"sold-individually","19":"taxable","20":"shipping-taxable","21":"purchasable","22":"product-type-variable","23":"add-to-wishlist-after_add_to_cart"},"yoast_head":"<!-- This site is optimized with the Yoast SEO plugin v23.2 - https:\/\/yoast.com\/wordpress\/plugins\/seo\/ -->\n<title>Vestido Vern Panambi - Nia Moda - Moda y Belleza<\/title>\n<meta name=\"robots\" content=\"index, follow, max-snippet:-1, max-image-preview:large, max-video-preview:-1\" \/>\n<link rel=\"canonical\" href=\"https:\/\/www.niamoda.es\/index.php\/producto\/vestido-vern-panambi\/\" \/>\n<meta property=\"og:locale\" content=\"es_ES\" \/>\n<meta property=\"og:type\" content=\"article\" \/>\n<meta property=\"og:title\" content=\"Vestido Vern Panambi - Nia Moda - Moda y Belleza\" \/>\n<meta property=\"og:description\" content=\"Vestido Panambi modelo Ve-Vern Este vestido es una declaraci\u00f3n de elegancia contempor\u00e1nea con car\u00e1cter arquitect\u00f3nico. Dise\u00f1ado en un tono azul profundo, su silueta alargada estiliza la figura mientras que los detalles estructurados en los hombros aportan fuerza y distinci\u00f3n. El cuerpo del vestido combina texturas: un elegante panel de jacquard geom\u00e9trico en el busto y [&hellip;]\" \/>\n<meta property=\"og:url\" content=\"https:\/\/www.niamoda.es\/index.php\/producto\/vestido-vern-panambi\/\" \/>\n<meta property=\"og:site_name\" content=\"Nia Moda - Moda y Belleza\" \/>\n<meta property=\"article:modified_time\" content=\"2026-01-05T16:49:17+00:00\" \/>\n<meta property=\"og:image\" content=\"https:\/\/www.niamoda.es\/wp-content\/uploads\/2025\/09\/Ve-Vern.webp\" \/>\n\t<meta property=\"og:image:width\" content=\"1200\" \/>\n\t<meta property=\"og:image:height\" content=\"1800\" \/>\n\t<meta property=\"og:image:type\" content=\"image\/webp\" \/>\n<meta name=\"twitter:card\" content=\"summary_large_image\" \/>\n<meta name=\"twitter:label1\" content=\"Tiempo de lectura\" \/>\n\t<meta name=\"twitter:data1\" content=\"1 minuto\" \/>\n<script type=\"application\/ld+json\" class=\"yoast-schema-graph\">{\"@context\":\"https:\/\/schema.org\",\"@graph\":[{\"@type\":\"WebPage\",\"@id\":\"https:\/\/www.niamoda.es\/index.php\/producto\/vestido-vern-panambi\/\",\"url\":\"https:\/\/www.niamoda.es\/index.php\/producto\/vestido-vern-panambi\/\",\"name\":\"Vestido Vern Panambi - Nia Moda - Moda y Belleza\",\"isPartOf\":{\"@id\":\"https:\/\/www.niamoda.es\/#website\"},\"primaryImageOfPage\":{\"@id\":\"https:\/\/www.niamoda.es\/index.php\/producto\/vestido-vern-panambi\/#primaryimage\"},\"image\":{\"@id\":\"https:\/\/www.niamoda.es\/index.php\/producto\/vestido-vern-panambi\/#primaryimage\"},\"thumbnailUrl\":\"https:\/\/www.niamoda.es\/wp-content\/uploads\/2025\/09\/Ve-Vern.webp\",\"datePublished\":\"2025-09-23T10:07:39+00:00\",\"dateModified\":\"2026-01-05T16:49:17+00:00\",\"breadcrumb\":{\"@id\":\"https:\/\/www.niamoda.es\/index.php\/producto\/vestido-vern-panambi\/#breadcrumb\"},\"inLanguage\":\"es\",\"potentialAction\":[{\"@type\":\"ReadAction\",\"target\":[\"https:\/\/www.niamoda.es\/index.php\/producto\/vestido-vern-panambi\/\"]}]},{\"@type\":\"ImageObject\",\"inLanguage\":\"es\",\"@id\":\"https:\/\/www.niamoda.es\/index.php\/producto\/vestido-vern-panambi\/#primaryimage\",\"url\":\"https:\/\/www.niamoda.es\/wp-content\/uploads\/2025\/09\/Ve-Vern.webp\",\"contentUrl\":\"https:\/\/www.niamoda.es\/wp-content\/uploads\/2025\/09\/Ve-Vern.webp\",\"width\":1200,\"height\":1800},{\"@type\":\"BreadcrumbList\",\"@id\":\"https:\/\/www.niamoda.es\/index.php\/producto\/vestido-vern-panambi\/#breadcrumb\",\"itemListElement\":[{\"@type\":\"ListItem\",\"position\":1,\"name\":\"Portada\",\"item\":\"https:\/\/www.niamoda.es\/\"},{\"@type\":\"ListItem\",\"position\":2,\"name\":\"Tienda\",\"item\":\"https:\/\/www.niamoda.es\/index.php\/tienda\/\"},{\"@type\":\"ListItem\",\"position\":3,\"name\":\"Vestido Vern Panambi\"}]},{\"@type\":\"WebSite\",\"@id\":\"https:\/\/www.niamoda.es\/#website\",\"url\":\"https:\/\/www.niamoda.es\/\",\"name\":\"Nia Moda - Moda y Belleza\",\"description\":\"\",\"publisher\":{\"@id\":\"https:\/\/www.niamoda.es\/#organization\"},\"potentialAction\":[{\"@type\":\"SearchAction\",\"target\":{\"@type\":\"EntryPoint\",\"urlTemplate\":\"https:\/\/www.niamoda.es\/?s={search_term_string}\"},\"query-input\":\"required name=search_term_string\"}],\"inLanguage\":\"es\"},{\"@type\":\"Organization\",\"@id\":\"https:\/\/www.niamoda.es\/#organization\",\"name\":\"N\u00ceA Moda&Belleza\",\"url\":\"https:\/\/www.niamoda.es\/\",\"logo\":{\"@type\":\"ImageObject\",\"inLanguage\":\"es\",\"@id\":\"https:\/\/www.niamoda.es\/#\/schema\/logo\/image\/\",\"url\":\"https:\/\/www.niamoda.es\/wp-content\/uploads\/2026\/03\/nialogo.jpg\",\"contentUrl\":\"https:\/\/www.niamoda.es\/wp-content\/uploads\/2026\/03\/nialogo.jpg\",\"width\":361,\"height\":242,\"caption\":\"N\u00ceA Moda&Belleza\"},\"image\":{\"@id\":\"https:\/\/www.niamoda.es\/#\/schema\/logo\/image\/\"}}]}<\/script>\n<!-- \/ Yoast SEO plugin. -->","yoast_head_json":{"title":"Vestido Vern Panambi - Nia Moda - Moda y Belleza","robots":{"index":"index","follow":"follow","max-snippet":"max-snippet:-1","max-image-preview":"max-image-preview:large","max-video-preview":"max-video-preview:-1"},"canonical":"https:\/\/www.niamoda.es\/index.php\/producto\/vestido-vern-panambi\/","og_locale":"es_ES","og_type":"article","og_title":"Vestido Vern Panambi - Nia Moda - Moda y Belleza","og_description":"Vestido Panambi modelo Ve-Vern Este vestido es una declaraci\u00f3n de elegancia contempor\u00e1nea con car\u00e1cter arquitect\u00f3nico. Dise\u00f1ado en un tono azul profundo, su silueta alargada estiliza la figura mientras que los detalles estructurados en los hombros aportan fuerza y distinci\u00f3n. El cuerpo del vestido combina texturas: un elegante panel de jacquard geom\u00e9trico en el busto y [&hellip;]","og_url":"https:\/\/www.niamoda.es\/index.php\/producto\/vestido-vern-panambi\/","og_site_name":"Nia Moda - Moda y Belleza","article_modified_time":"2026-01-05T16:49:17+00:00","og_image":[{"width":1200,"height":1800,"url":"https:\/\/www.niamoda.es\/wp-content\/uploads\/2025\/09\/Ve-Vern.webp","type":"image\/webp"}],"twitter_card":"summary_large_image","twitter_misc":{"Tiempo de lectura":"1 minuto"},"schema":{"@context":"https:\/\/schema.org","@graph":[{"@type":"WebPage","@id":"https:\/\/www.niamoda.es\/index.php\/producto\/vestido-vern-panambi\/","url":"https:\/\/www.niamoda.es\/index.php\/producto\/vestido-vern-panambi\/","name":"Vestido Vern Panambi - Nia Moda - Moda y Belleza","isPartOf":{"@id":"https:\/\/www.niamoda.es\/#website"},"primaryImageOfPage":{"@id":"https:\/\/www.niamoda.es\/index.php\/producto\/vestido-vern-panambi\/#primaryimage"},"image":{"@id":"https:\/\/www.niamoda.es\/index.php\/producto\/vestido-vern-panambi\/#primaryimage"},"thumbnailUrl":"https:\/\/www.niamoda.es\/wp-content\/uploads\/2025\/09\/Ve-Vern.webp","datePublished":"2025-09-23T10:07:39+00:00","dateModified":"2026-01-05T16:49:17+00:00","breadcrumb":{"@id":"https:\/\/www.niamoda.es\/index.php\/producto\/vestido-vern-panambi\/#breadcrumb"},"inLanguage":"es","potentialAction":[{"@type":"ReadAction","target":["https:\/\/www.niamoda.es\/index.php\/producto\/vestido-vern-panambi\/"]}]},{"@type":"ImageObject","inLanguage":"es","@id":"https:\/\/www.niamoda.es\/index.php\/producto\/vestido-vern-panambi\/#primaryimage","url":"https:\/\/www.niamoda.es\/wp-content\/uploads\/2025\/09\/Ve-Vern.webp","contentUrl":"https:\/\/www.niamoda.es\/wp-content\/uploads\/2025\/09\/Ve-Vern.webp","width":1200,"height":1800},{"@type":"BreadcrumbList","@id":"https:\/\/www.niamoda.es\/index.php\/producto\/vestido-vern-panambi\/#breadcrumb","itemListElement":[{"@type":"ListItem","position":1,"name":"Portada","item":"https:\/\/www.niamoda.es\/"},{"@type":"ListItem","position":2,"name":"Tienda","item":"https:\/\/www.niamoda.es\/index.php\/tienda\/"},{"@type":"ListItem","position":3,"name":"Vestido Vern Panambi"}]},{"@type":"WebSite","@id":"https:\/\/www.niamoda.es\/#website","url":"https:\/\/www.niamoda.es\/","name":"Nia Moda - Moda y Belleza","description":"","publisher":{"@id":"https:\/\/www.niamoda.es\/#organization"},"potentialAction":[{"@type":"SearchAction","target":{"@type":"EntryPoint","urlTemplate":"https:\/\/www.niamoda.es\/?s={search_term_string}"},"query-input":"required name=search_term_string"}],"inLanguage":"es"},{"@type":"Organization","@id":"https:\/\/www.niamoda.es\/#organization","name":"N\u00ceA Moda&Belleza","url":"https:\/\/www.niamoda.es\/","logo":{"@type":"ImageObject","inLanguage":"es","@id":"https:\/\/www.niamoda.es\/#\/schema\/logo\/image\/","url":"https:\/\/www.niamoda.es\/wp-content\/uploads\/2026\/03\/nialogo.jpg","contentUrl":"https:\/\/www.niamoda.es\/wp-content\/uploads\/2026\/03\/nialogo.jpg","width":361,"height":242,"caption":"N\u00ceA Moda&Belleza"},"image":{"@id":"https:\/\/www.niamoda.es\/#\/schema\/logo\/image\/"}}]}},"_links":{"self":[{"href":"https:\/\/www.niamoda.es\/index.php\/wp-json\/wp\/v2\/product\/7082","targetHints":{"allow":["GET"]}}],"collection":[{"href":"https:\/\/www.niamoda.es\/index.php\/wp-json\/wp\/v2\/product"}],"about":[{"href":"https:\/\/www.niamoda.es\/index.php\/wp-json\/wp\/v2\/types\/product"}],"replies":[{"embeddable":true,"href":"https:\/\/www.niamoda.es\/index.php\/wp-json\/wp\/v2\/comments?post=7082"}],"wp:featuredmedia":[{"embeddable":true,"href":"https:\/\/www.niamoda.es\/index.php\/wp-json\/wp\/v2\/media\/7085"}],"wp:attachment":[{"href":"https:\/\/www.niamoda.es\/index.php\/wp-json\/wp\/v2\/media?parent=7082"}],"wp:term":[{"taxonomy":"product_cat","embeddable":true,"href":"https:\/\/www.niamoda.es\/index.php\/wp-json\/wp\/v2\/product_cat?post=7082"},{"taxonomy":"product_tag","embeddable":true,"href":"https:\/\/www.niamoda.es\/index.php\/wp-json\/wp\/v2\/product_tag?post=7082"}],"curies":[{"name":"wp","href":"https:\/\/api.w.org\/{rel}","templated":true}]}}