{"id":8382,"date":"2026-04-09T20:52:06","date_gmt":"2026-04-09T20:52:06","guid":{"rendered":"https:\/\/www.niamoda.es\/?post_type=product&#038;p=8382"},"modified":"2026-04-09T20:52:06","modified_gmt":"2026-04-09T20:52:06","slug":"vestido-triena-panambi","status":"publish","type":"product","link":"https:\/\/www.niamoda.es\/index.php\/producto\/vestido-triena-panambi\/","title":{"rendered":"Vestido Triena Panambi"},"content":{"rendered":"<p>Vestido Triena Panambi<\/p>\n<p>\u00daltima unidad talla 38 de este espectacular vestido de Panambi. <span dir=\"auto\">Vestido en\u00a0<\/span><span dir=\"auto\">tejido bordado calado <\/span><span dir=\"auto\">\u00a0con un delicado dise\u00f1o floral que aporta textura.. Destaca por su\u00a0<\/span><span dir=\"auto\">cuello cerrado<\/span><span dir=\"auto\">\u00a0y\u00a0<\/span><span dir=\"auto\">volantes estructurados en hombros y pecho\u00a0<\/span><span dir=\"auto\">que realzan la silueta.\u00a0<\/span><\/p>\n<p>Composici\u00f3n: 100% algod\u00f3n.<\/p>\n<p>\u00daltima unidad talla 38.<\/p>\n","protected":false},"excerpt":{"rendered":"<p>Vestido Triena Panambi \u00daltima unidad talla 38 de este espectacular vestido de Panambi. Vestido en\u00a0tejido bordado calado \u00a0con un delicado dise\u00f1o floral que aporta textura.. Destaca por su\u00a0cuello cerrado\u00a0y\u00a0volantes estructurados en hombros y pecho\u00a0que realzan la silueta.\u00a0 Composici\u00f3n: 100% algod\u00f3n. \u00daltima unidad talla 38.<\/p>\n","protected":false},"featured_media":8384,"comment_status":"open","ping_status":"closed","template":"","meta":{"_monsterinsights_skip_tracking":false,"_monsterinsights_sitenote_active":false,"_monsterinsights_sitenote_note":"","_monsterinsights_sitenote_category":0},"product_cat":[70,15,16],"product_tag":[113,66,95],"class_list":{"0":"post-8382","1":"product","2":"type-product","3":"status-publish","4":"has-post-thumbnail","6":"product_cat-vestidos","7":"product_cat-mujer","8":"product_cat-eventos","9":"product_tag-eventos","10":"product_tag-mujer","11":"product_tag-vestidos","13":"first","14":"instock","15":"sold-individually","16":"taxable","17":"shipping-taxable","18":"purchasable","19":"product-type-variable","20":"add-to-wishlist-after_add_to_cart"},"yoast_head":"<!-- This site is optimized with the Yoast SEO plugin v23.2 - https:\/\/yoast.com\/wordpress\/plugins\/seo\/ -->\n<title>Vestido Triena Panambi - Nia Moda - Moda y Belleza<\/title>\n<meta name=\"robots\" content=\"index, follow, max-snippet:-1, max-image-preview:large, max-video-preview:-1\" \/>\n<link rel=\"canonical\" href=\"https:\/\/www.niamoda.es\/index.php\/producto\/vestido-triena-panambi\/\" \/>\n<meta property=\"og:locale\" content=\"es_ES\" \/>\n<meta property=\"og:type\" content=\"article\" \/>\n<meta property=\"og:title\" content=\"Vestido Triena Panambi - Nia Moda - Moda y Belleza\" \/>\n<meta property=\"og:description\" content=\"Vestido Triena Panambi \u00daltima unidad talla 38 de este espectacular vestido de Panambi. Vestido en\u00a0tejido bordado calado \u00a0con un delicado dise\u00f1o floral que aporta textura.. Destaca por su\u00a0cuello cerrado\u00a0y\u00a0volantes estructurados en hombros y pecho\u00a0que realzan la silueta.\u00a0 Composici\u00f3n: 100% algod\u00f3n. \u00daltima unidad talla 38.\" \/>\n<meta property=\"og:url\" content=\"https:\/\/www.niamoda.es\/index.php\/producto\/vestido-triena-panambi\/\" \/>\n<meta property=\"og:site_name\" content=\"Nia Moda - Moda y Belleza\" \/>\n<meta property=\"og:image\" content=\"https:\/\/www.niamoda.es\/wp-content\/uploads\/2026\/04\/TRIENA_1.webp\" \/>\n\t<meta property=\"og:image:width\" content=\"1200\" \/>\n\t<meta property=\"og:image:height\" content=\"1800\" \/>\n\t<meta property=\"og:image:type\" content=\"image\/webp\" \/>\n<meta name=\"twitter:card\" content=\"summary_large_image\" \/>\n<meta name=\"twitter:label1\" content=\"Tiempo de lectura\" \/>\n\t<meta name=\"twitter:data1\" content=\"1 minuto\" \/>\n<script type=\"application\/ld+json\" class=\"yoast-schema-graph\">{\"@context\":\"https:\/\/schema.org\",\"@graph\":[{\"@type\":\"WebPage\",\"@id\":\"https:\/\/www.niamoda.es\/index.php\/producto\/vestido-triena-panambi\/\",\"url\":\"https:\/\/www.niamoda.es\/index.php\/producto\/vestido-triena-panambi\/\",\"name\":\"Vestido Triena Panambi - Nia Moda - Moda y Belleza\",\"isPartOf\":{\"@id\":\"https:\/\/www.niamoda.es\/#website\"},\"primaryImageOfPage\":{\"@id\":\"https:\/\/www.niamoda.es\/index.php\/producto\/vestido-triena-panambi\/#primaryimage\"},\"image\":{\"@id\":\"https:\/\/www.niamoda.es\/index.php\/producto\/vestido-triena-panambi\/#primaryimage\"},\"thumbnailUrl\":\"https:\/\/www.niamoda.es\/wp-content\/uploads\/2026\/04\/TRIENA_1.webp\",\"datePublished\":\"2026-04-09T20:52:06+00:00\",\"dateModified\":\"2026-04-09T20:52:06+00:00\",\"breadcrumb\":{\"@id\":\"https:\/\/www.niamoda.es\/index.php\/producto\/vestido-triena-panambi\/#breadcrumb\"},\"inLanguage\":\"es\",\"potentialAction\":[{\"@type\":\"ReadAction\",\"target\":[\"https:\/\/www.niamoda.es\/index.php\/producto\/vestido-triena-panambi\/\"]}]},{\"@type\":\"ImageObject\",\"inLanguage\":\"es\",\"@id\":\"https:\/\/www.niamoda.es\/index.php\/producto\/vestido-triena-panambi\/#primaryimage\",\"url\":\"https:\/\/www.niamoda.es\/wp-content\/uploads\/2026\/04\/TRIENA_1.webp\",\"contentUrl\":\"https:\/\/www.niamoda.es\/wp-content\/uploads\/2026\/04\/TRIENA_1.webp\",\"width\":1200,\"height\":1800},{\"@type\":\"BreadcrumbList\",\"@id\":\"https:\/\/www.niamoda.es\/index.php\/producto\/vestido-triena-panambi\/#breadcrumb\",\"itemListElement\":[{\"@type\":\"ListItem\",\"position\":1,\"name\":\"Portada\",\"item\":\"https:\/\/www.niamoda.es\/\"},{\"@type\":\"ListItem\",\"position\":2,\"name\":\"Tienda\",\"item\":\"https:\/\/www.niamoda.es\/index.php\/tienda\/\"},{\"@type\":\"ListItem\",\"position\":3,\"name\":\"Vestido Triena Panambi\"}]},{\"@type\":\"WebSite\",\"@id\":\"https:\/\/www.niamoda.es\/#website\",\"url\":\"https:\/\/www.niamoda.es\/\",\"name\":\"Nia Moda - Moda y Belleza\",\"description\":\"\",\"publisher\":{\"@id\":\"https:\/\/www.niamoda.es\/#organization\"},\"potentialAction\":[{\"@type\":\"SearchAction\",\"target\":{\"@type\":\"EntryPoint\",\"urlTemplate\":\"https:\/\/www.niamoda.es\/?s={search_term_string}\"},\"query-input\":\"required name=search_term_string\"}],\"inLanguage\":\"es\"},{\"@type\":\"Organization\",\"@id\":\"https:\/\/www.niamoda.es\/#organization\",\"name\":\"N\u00ceA Moda&Belleza\",\"url\":\"https:\/\/www.niamoda.es\/\",\"logo\":{\"@type\":\"ImageObject\",\"inLanguage\":\"es\",\"@id\":\"https:\/\/www.niamoda.es\/#\/schema\/logo\/image\/\",\"url\":\"https:\/\/www.niamoda.es\/wp-content\/uploads\/2026\/03\/nialogo.jpg\",\"contentUrl\":\"https:\/\/www.niamoda.es\/wp-content\/uploads\/2026\/03\/nialogo.jpg\",\"width\":361,\"height\":242,\"caption\":\"N\u00ceA Moda&Belleza\"},\"image\":{\"@id\":\"https:\/\/www.niamoda.es\/#\/schema\/logo\/image\/\"}}]}<\/script>\n<!-- \/ Yoast SEO plugin. -->","yoast_head_json":{"title":"Vestido Triena Panambi - Nia Moda - Moda y Belleza","robots":{"index":"index","follow":"follow","max-snippet":"max-snippet:-1","max-image-preview":"max-image-preview:large","max-video-preview":"max-video-preview:-1"},"canonical":"https:\/\/www.niamoda.es\/index.php\/producto\/vestido-triena-panambi\/","og_locale":"es_ES","og_type":"article","og_title":"Vestido Triena Panambi - Nia Moda - Moda y Belleza","og_description":"Vestido Triena Panambi \u00daltima unidad talla 38 de este espectacular vestido de Panambi. Vestido en\u00a0tejido bordado calado \u00a0con un delicado dise\u00f1o floral que aporta textura.. Destaca por su\u00a0cuello cerrado\u00a0y\u00a0volantes estructurados en hombros y pecho\u00a0que realzan la silueta.\u00a0 Composici\u00f3n: 100% algod\u00f3n. \u00daltima unidad talla 38.","og_url":"https:\/\/www.niamoda.es\/index.php\/producto\/vestido-triena-panambi\/","og_site_name":"Nia Moda - Moda y Belleza","og_image":[{"width":1200,"height":1800,"url":"https:\/\/www.niamoda.es\/wp-content\/uploads\/2026\/04\/TRIENA_1.webp","type":"image\/webp"}],"twitter_card":"summary_large_image","twitter_misc":{"Tiempo de lectura":"1 minuto"},"schema":{"@context":"https:\/\/schema.org","@graph":[{"@type":"WebPage","@id":"https:\/\/www.niamoda.es\/index.php\/producto\/vestido-triena-panambi\/","url":"https:\/\/www.niamoda.es\/index.php\/producto\/vestido-triena-panambi\/","name":"Vestido Triena Panambi - Nia Moda - Moda y Belleza","isPartOf":{"@id":"https:\/\/www.niamoda.es\/#website"},"primaryImageOfPage":{"@id":"https:\/\/www.niamoda.es\/index.php\/producto\/vestido-triena-panambi\/#primaryimage"},"image":{"@id":"https:\/\/www.niamoda.es\/index.php\/producto\/vestido-triena-panambi\/#primaryimage"},"thumbnailUrl":"https:\/\/www.niamoda.es\/wp-content\/uploads\/2026\/04\/TRIENA_1.webp","datePublished":"2026-04-09T20:52:06+00:00","dateModified":"2026-04-09T20:52:06+00:00","breadcrumb":{"@id":"https:\/\/www.niamoda.es\/index.php\/producto\/vestido-triena-panambi\/#breadcrumb"},"inLanguage":"es","potentialAction":[{"@type":"ReadAction","target":["https:\/\/www.niamoda.es\/index.php\/producto\/vestido-triena-panambi\/"]}]},{"@type":"ImageObject","inLanguage":"es","@id":"https:\/\/www.niamoda.es\/index.php\/producto\/vestido-triena-panambi\/#primaryimage","url":"https:\/\/www.niamoda.es\/wp-content\/uploads\/2026\/04\/TRIENA_1.webp","contentUrl":"https:\/\/www.niamoda.es\/wp-content\/uploads\/2026\/04\/TRIENA_1.webp","width":1200,"height":1800},{"@type":"BreadcrumbList","@id":"https:\/\/www.niamoda.es\/index.php\/producto\/vestido-triena-panambi\/#breadcrumb","itemListElement":[{"@type":"ListItem","position":1,"name":"Portada","item":"https:\/\/www.niamoda.es\/"},{"@type":"ListItem","position":2,"name":"Tienda","item":"https:\/\/www.niamoda.es\/index.php\/tienda\/"},{"@type":"ListItem","position":3,"name":"Vestido Triena Panambi"}]},{"@type":"WebSite","@id":"https:\/\/www.niamoda.es\/#website","url":"https:\/\/www.niamoda.es\/","name":"Nia Moda - Moda y Belleza","description":"","publisher":{"@id":"https:\/\/www.niamoda.es\/#organization"},"potentialAction":[{"@type":"SearchAction","target":{"@type":"EntryPoint","urlTemplate":"https:\/\/www.niamoda.es\/?s={search_term_string}"},"query-input":"required name=search_term_string"}],"inLanguage":"es"},{"@type":"Organization","@id":"https:\/\/www.niamoda.es\/#organization","name":"N\u00ceA Moda&Belleza","url":"https:\/\/www.niamoda.es\/","logo":{"@type":"ImageObject","inLanguage":"es","@id":"https:\/\/www.niamoda.es\/#\/schema\/logo\/image\/","url":"https:\/\/www.niamoda.es\/wp-content\/uploads\/2026\/03\/nialogo.jpg","contentUrl":"https:\/\/www.niamoda.es\/wp-content\/uploads\/2026\/03\/nialogo.jpg","width":361,"height":242,"caption":"N\u00ceA Moda&Belleza"},"image":{"@id":"https:\/\/www.niamoda.es\/#\/schema\/logo\/image\/"}}]}},"_links":{"self":[{"href":"https:\/\/www.niamoda.es\/index.php\/wp-json\/wp\/v2\/product\/8382","targetHints":{"allow":["GET"]}}],"collection":[{"href":"https:\/\/www.niamoda.es\/index.php\/wp-json\/wp\/v2\/product"}],"about":[{"href":"https:\/\/www.niamoda.es\/index.php\/wp-json\/wp\/v2\/types\/product"}],"replies":[{"embeddable":true,"href":"https:\/\/www.niamoda.es\/index.php\/wp-json\/wp\/v2\/comments?post=8382"}],"wp:featuredmedia":[{"embeddable":true,"href":"https:\/\/www.niamoda.es\/index.php\/wp-json\/wp\/v2\/media\/8384"}],"wp:attachment":[{"href":"https:\/\/www.niamoda.es\/index.php\/wp-json\/wp\/v2\/media?parent=8382"}],"wp:term":[{"taxonomy":"product_cat","embeddable":true,"href":"https:\/\/www.niamoda.es\/index.php\/wp-json\/wp\/v2\/product_cat?post=8382"},{"taxonomy":"product_tag","embeddable":true,"href":"https:\/\/www.niamoda.es\/index.php\/wp-json\/wp\/v2\/product_tag?post=8382"}],"curies":[{"name":"wp","href":"https:\/\/api.w.org\/{rel}","templated":true}]}}